{"id":158,"date":"2024-10-09T17:23:34","date_gmt":"2024-10-09T15:23:34","guid":{"rendered":"https:\/\/photocentrum-berlin.de\/pk\/chaos-und-ordnung\/?page_id=158"},"modified":"2024-12-25T13:30:53","modified_gmt":"2024-12-25T12:30:53","slug":"j-landauer","status":"publish","type":"page","link":"https:\/\/photocentrum-berlin.de\/pk\/chaos-und-ordnung\/j-landauer\/","title":{"rendered":"Jana Landauer"},"content":{"rendered":"\n<p class=\"has-medium-font-size\">Visions of Babylon<\/p>\n\n\n\n<p class=\"has-small-font-size\">\u201e<em>In a world that is constantly changing, there is no greater challenge than photographing chaos. <\/em>\u201cHenri Cartier-Bresson<\/p>\n\n\n\n<p>In einer Zeit, in der sich die Welt dramatisch ver\u00e4ndert, steht Chaos als Metapher f\u00fcr die Br\u00fcchigkeit des Lebens und der Entfremdung. Gerade der scheinbar geordnete urbane Raum definiert sich durch Widerspr\u00fcche und Br\u00fcche. In der Kakophonie aus Ordnung und Unordnung, Bewegung und Stillstand zeigt sich Chaos als Spiegelbild einer fragil gewordenen menschlichen Existenz: Anonymit\u00e4t, Orientierungslosigkeit, Verunsicherung, Isolation. Ein zeitgen\u00f6ssisches Babylon? Die grobk\u00f6rnigen Bilder zeigen die Fragmentierung einer Wirklichkeit, die sich immer weniger ordnen l\u00e4sst. Sie erz\u00e4hlen von jener Einsamkeit und Fl\u00fcchtigkeit moderner urbaner Existenz. Werbetafeln werden zu Fragmenten einer ungreifbaren, chaotischen Realit\u00e4t, die keine klaren, eindeutigen Botschaften mehr hat. Ist es also das Ende, das wir sehen? Oder zeigt sich darin vielleicht auch eine gewisse Hoffnung und Resilienz?<\/p>\n\n\n\n<figure class=\"wp-block-gallery has-nested-images columns-default is-cropped wp-block-gallery-1 is-layout-flex wp-block-gallery-is-layout-flex\">\n<figure class=\"wp-block-image size-large\"><a href=\"https:\/\/photocentrum-berlin.de\/pk\/chaos-und-ordnung\/wp-content\/uploads\/sites\/2\/2024\/10\/embrace-the-apocalypse-1.jpg\"><img loading=\"lazy\" decoding=\"async\" width=\"682\" height=\"1024\" data-id=\"160\" src=\"https:\/\/photocentrum-berlin.de\/pk\/chaos-und-ordnung\/wp-content\/uploads\/sites\/2\/2024\/10\/embrace-the-apocalypse-1-682x1024.jpg\" alt=\"\" class=\"wp-image-160\" srcset=\"https:\/\/photocentrum-berlin.de\/pk\/chaos-und-ordnung\/wp-content\/uploads\/sites\/2\/2024\/10\/embrace-the-apocalypse-1-682x1024.jpg 682w, https:\/\/photocentrum-berlin.de\/pk\/chaos-und-ordnung\/wp-content\/uploads\/sites\/2\/2024\/10\/embrace-the-apocalypse-1-200x300.jpg 200w, https:\/\/photocentrum-berlin.de\/pk\/chaos-und-ordnung\/wp-content\/uploads\/sites\/2\/2024\/10\/embrace-the-apocalypse-1-768x1152.jpg 768w, https:\/\/photocentrum-berlin.de\/pk\/chaos-und-ordnung\/wp-content\/uploads\/sites\/2\/2024\/10\/embrace-the-apocalypse-1-1024x1536.jpg 1024w, https:\/\/photocentrum-berlin.de\/pk\/chaos-und-ordnung\/wp-content\/uploads\/sites\/2\/2024\/10\/embrace-the-apocalypse-1.jpg 1181w\" sizes=\"auto, (max-width: 682px) 100vw, 682px\" \/><\/a><\/figure>\n\n\n\n<figure class=\"wp-block-image size-large\"><img loading=\"lazy\" decoding=\"async\" width=\"1024\" height=\"683\" data-id=\"523\" src=\"https:\/\/photocentrum-berlin.de\/pk\/chaos-und-ordnung\/wp-content\/uploads\/sites\/2\/2024\/12\/Autobahn-1024x683.jpg\" alt=\"\" class=\"wp-image-523\" srcset=\"https:\/\/photocentrum-berlin.de\/pk\/chaos-und-ordnung\/wp-content\/uploads\/sites\/2\/2024\/12\/Autobahn-1024x683.jpg 1024w, https:\/\/photocentrum-berlin.de\/pk\/chaos-und-ordnung\/wp-content\/uploads\/sites\/2\/2024\/12\/Autobahn-300x200.jpg 300w, https:\/\/photocentrum-berlin.de\/pk\/chaos-und-ordnung\/wp-content\/uploads\/sites\/2\/2024\/12\/Autobahn-768x512.jpg 768w, https:\/\/photocentrum-berlin.de\/pk\/chaos-und-ordnung\/wp-content\/uploads\/sites\/2\/2024\/12\/Autobahn-1536x1024.jpg 1536w, https:\/\/photocentrum-berlin.de\/pk\/chaos-und-ordnung\/wp-content\/uploads\/sites\/2\/2024\/12\/Autobahn.jpg 1800w\" sizes=\"auto, (max-width: 1024px) 100vw, 1024px\" \/><\/figure>\n\n\n\n<figure class=\"wp-block-image size-large\"><img loading=\"lazy\" decoding=\"async\" width=\"683\" height=\"1024\" data-id=\"522\" src=\"https:\/\/photocentrum-berlin.de\/pk\/chaos-und-ordnung\/wp-content\/uploads\/sites\/2\/2024\/12\/appear-683x1024.jpg\" alt=\"\" class=\"wp-image-522\" srcset=\"https:\/\/photocentrum-berlin.de\/pk\/chaos-und-ordnung\/wp-content\/uploads\/sites\/2\/2024\/12\/appear-683x1024.jpg 683w, https:\/\/photocentrum-berlin.de\/pk\/chaos-und-ordnung\/wp-content\/uploads\/sites\/2\/2024\/12\/appear-200x300.jpg 200w, https:\/\/photocentrum-berlin.de\/pk\/chaos-und-ordnung\/wp-content\/uploads\/sites\/2\/2024\/12\/appear-768x1152.jpg 768w, https:\/\/photocentrum-berlin.de\/pk\/chaos-und-ordnung\/wp-content\/uploads\/sites\/2\/2024\/12\/appear-1024x1536.jpg 1024w, https:\/\/photocentrum-berlin.de\/pk\/chaos-und-ordnung\/wp-content\/uploads\/sites\/2\/2024\/12\/appear.jpg 1200w\" sizes=\"auto, (max-width: 683px) 100vw, 683px\" \/><\/figure>\n\n\n\n<figure class=\"wp-block-image size-large\"><a href=\"https:\/\/photocentrum-berlin.de\/pk\/chaos-und-ordnung\/wp-content\/uploads\/sites\/2\/2024\/10\/embrace-the-apocalypse-2.jpg\"><img loading=\"lazy\" decoding=\"async\" width=\"682\" height=\"1024\" data-id=\"161\" src=\"https:\/\/photocentrum-berlin.de\/pk\/chaos-und-ordnung\/wp-content\/uploads\/sites\/2\/2024\/10\/embrace-the-apocalypse-2-682x1024.jpg\" alt=\"\" class=\"wp-image-161\" srcset=\"https:\/\/photocentrum-berlin.de\/pk\/chaos-und-ordnung\/wp-content\/uploads\/sites\/2\/2024\/10\/embrace-the-apocalypse-2-682x1024.jpg 682w, https:\/\/photocentrum-berlin.de\/pk\/chaos-und-ordnung\/wp-content\/uploads\/sites\/2\/2024\/10\/embrace-the-apocalypse-2-200x300.jpg 200w, https:\/\/photocentrum-berlin.de\/pk\/chaos-und-ordnung\/wp-content\/uploads\/sites\/2\/2024\/10\/embrace-the-apocalypse-2-768x1153.jpg 768w, https:\/\/photocentrum-berlin.de\/pk\/chaos-und-ordnung\/wp-content\/uploads\/sites\/2\/2024\/10\/embrace-the-apocalypse-2-1023x1536.jpg 1023w, https:\/\/photocentrum-berlin.de\/pk\/chaos-und-ordnung\/wp-content\/uploads\/sites\/2\/2024\/10\/embrace-the-apocalypse-2.jpg 1181w\" sizes=\"auto, (max-width: 682px) 100vw, 682px\" \/><\/a><\/figure>\n\n\n\n<figure class=\"wp-block-image size-large\"><img loading=\"lazy\" decoding=\"async\" width=\"1024\" height=\"683\" data-id=\"524\" src=\"https:\/\/photocentrum-berlin.de\/pk\/chaos-und-ordnung\/wp-content\/uploads\/sites\/2\/2024\/12\/sinners-and-saints-1024x683.jpg\" alt=\"\" class=\"wp-image-524\" srcset=\"https:\/\/photocentrum-berlin.de\/pk\/chaos-und-ordnung\/wp-content\/uploads\/sites\/2\/2024\/12\/sinners-and-saints-1024x683.jpg 1024w, https:\/\/photocentrum-berlin.de\/pk\/chaos-und-ordnung\/wp-content\/uploads\/sites\/2\/2024\/12\/sinners-and-saints-300x200.jpg 300w, https:\/\/photocentrum-berlin.de\/pk\/chaos-und-ordnung\/wp-content\/uploads\/sites\/2\/2024\/12\/sinners-and-saints-768x512.jpg 768w, https:\/\/photocentrum-berlin.de\/pk\/chaos-und-ordnung\/wp-content\/uploads\/sites\/2\/2024\/12\/sinners-and-saints-1536x1025.jpg 1536w, https:\/\/photocentrum-berlin.de\/pk\/chaos-und-ordnung\/wp-content\/uploads\/sites\/2\/2024\/12\/sinners-and-saints.jpg 1800w\" sizes=\"auto, (max-width: 1024px) 100vw, 1024px\" \/><\/figure>\n\n\n\n<figure class=\"wp-block-image size-large\"><a href=\"https:\/\/photocentrum-berlin.de\/pk\/chaos-und-ordnung\/wp-content\/uploads\/sites\/2\/2024\/10\/embrace-the-apocalypse-3.jpg\"><img loading=\"lazy\" decoding=\"async\" width=\"683\" height=\"1024\" data-id=\"162\" src=\"https:\/\/photocentrum-berlin.de\/pk\/chaos-und-ordnung\/wp-content\/uploads\/sites\/2\/2024\/10\/embrace-the-apocalypse-3-683x1024.jpg\" alt=\"\" class=\"wp-image-162\" srcset=\"https:\/\/photocentrum-berlin.de\/pk\/chaos-und-ordnung\/wp-content\/uploads\/sites\/2\/2024\/10\/embrace-the-apocalypse-3-683x1024.jpg 683w, https:\/\/photocentrum-berlin.de\/pk\/chaos-und-ordnung\/wp-content\/uploads\/sites\/2\/2024\/10\/embrace-the-apocalypse-3-200x300.jpg 200w, https:\/\/photocentrum-berlin.de\/pk\/chaos-und-ordnung\/wp-content\/uploads\/sites\/2\/2024\/10\/embrace-the-apocalypse-3-768x1152.jpg 768w, https:\/\/photocentrum-berlin.de\/pk\/chaos-und-ordnung\/wp-content\/uploads\/sites\/2\/2024\/10\/embrace-the-apocalypse-3-1024x1536.jpg 1024w, https:\/\/photocentrum-berlin.de\/pk\/chaos-und-ordnung\/wp-content\/uploads\/sites\/2\/2024\/10\/embrace-the-apocalypse-3.jpg 1181w\" sizes=\"auto, (max-width: 683px) 100vw, 683px\" \/><\/a><\/figure>\n<\/figure>\n\n\n\n<p class=\"has-small-font-size\"><a href=\"https:\/\/www.instagram.com\/janalandauerphotography\">Insta: janalandauerphotography<\/a><\/p>\n\n\n\n<p><\/p>\n","protected":false},"excerpt":{"rendered":"<p>Visions of Babylon \u201eIn a world that is constantly changing, there is no greater challenge than photographing chaos. \u201cHenri Cartier-Bresson In einer Zeit, in der sich die Welt dramatisch ver\u00e4ndert, steht Chaos als Metapher f\u00fcr die Br\u00fcchigkeit des Lebens und der Entfremdung. Gerade der scheinbar geordnete urbane Raum definiert sich durch Widerspr\u00fcche und Br\u00fcche. In &#8230; <a title=\"Jana Landauer\" class=\"read-more\" href=\"https:\/\/photocentrum-berlin.de\/pk\/chaos-und-ordnung\/j-landauer\/\" aria-label=\"Mehr Informationen \u00fcber Jana Landauer\">Weiterlesen<\/a><\/p>\n","protected":false},"author":3,"featured_media":0,"parent":0,"menu_order":0,"comment_status":"closed","ping_status":"closed","template":"","meta":{"footnotes":""},"class_list":["post-158","page","type-page","status-publish"],"_links":{"self":[{"href":"https:\/\/photocentrum-berlin.de\/pk\/chaos-und-ordnung\/wp-json\/wp\/v2\/pages\/158","targetHints":{"allow":["GET"]}}],"collection":[{"href":"https:\/\/photocentrum-berlin.de\/pk\/chaos-und-ordnung\/wp-json\/wp\/v2\/pages"}],"about":[{"href":"https:\/\/photocentrum-berlin.de\/pk\/chaos-und-ordnung\/wp-json\/wp\/v2\/types\/page"}],"author":[{"embeddable":true,"href":"https:\/\/photocentrum-berlin.de\/pk\/chaos-und-ordnung\/wp-json\/wp\/v2\/users\/3"}],"replies":[{"embeddable":true,"href":"https:\/\/photocentrum-berlin.de\/pk\/chaos-und-ordnung\/wp-json\/wp\/v2\/comments?post=158"}],"version-history":[{"count":14,"href":"https:\/\/photocentrum-berlin.de\/pk\/chaos-und-ordnung\/wp-json\/wp\/v2\/pages\/158\/revisions"}],"predecessor-version":[{"id":526,"href":"https:\/\/photocentrum-berlin.de\/pk\/chaos-und-ordnung\/wp-json\/wp\/v2\/pages\/158\/revisions\/526"}],"wp:attachment":[{"href":"https:\/\/photocentrum-berlin.de\/pk\/chaos-und-ordnung\/wp-json\/wp\/v2\/media?parent=158"}],"curies":[{"name":"wp","href":"https:\/\/api.w.org\/{rel}","templated":true}]}}