{"id":172,"date":"2024-10-11T14:47:27","date_gmt":"2024-10-11T12:47:27","guid":{"rendered":"https:\/\/photocentrum-berlin.de\/pk\/chaos-und-ordnung\/?page_id=172"},"modified":"2024-11-14T09:52:54","modified_gmt":"2024-11-14T08:52:54","slug":"l-rossmaier","status":"publish","type":"page","link":"https:\/\/photocentrum-berlin.de\/pk\/chaos-und-ordnung\/l-rossmaier\/","title":{"rendered":"Leon Rossmaier"},"content":{"rendered":"\n<p class=\"has-medium-font-size\">Metropolis<\/p>\n\n\n\n<p>Architektur bestimmt wie wir leben, arbeiten, wohnen und unsere Freizeit verbringen. In einer modernen Gesellschaft bedeutet das, dass wir die meiste Zeit in gebauten R\u00e4umen verbringen oder uns in den \u00dcberg\u00e4ngen dazwischen befinden. Denkt man sich diese weg, entsteht eine neue architektonische Ordnung. Einzelne Geb\u00e4ude wachsen zusammen und ergeben eine Einheit. Es entsteht ein Komplex, der unsere moderne Lebensweise \u00fcberspitzt abbildet und gleichzeitig mit einer neuen \u00c4sthetik versieht. Dabei bleibt die Frage offen, ob es sich hierbei um eine Utopie oder Dystopie handelt.<\/p>\n\n\n\n<div class=\"wp-block-columns is-layout-flex wp-container-core-columns-is-layout-9d6595d7 wp-block-columns-is-layout-flex\">\n<div class=\"wp-block-column is-layout-flow wp-block-column-is-layout-flow\"><\/div>\n\n\n\n<div class=\"wp-block-column is-layout-flow wp-block-column-is-layout-flow\">\n<figure class=\"wp-block-gallery has-nested-images columns-default is-cropped wp-block-gallery-1 is-layout-flex wp-block-gallery-is-layout-flex\">\n<figure class=\"wp-block-image size-large\"><a href=\"https:\/\/photocentrum-berlin.de\/pk\/chaos-und-ordnung\/wp-content\/uploads\/sites\/2\/2024\/10\/Vorlaeufiges-Bild-fuer-Website_Bildgroesse-aendern.jpg\"><img loading=\"lazy\" decoding=\"async\" width=\"605\" height=\"1024\" data-id=\"177\" src=\"https:\/\/photocentrum-berlin.de\/pk\/chaos-und-ordnung\/wp-content\/uploads\/sites\/2\/2024\/10\/Vorlaeufiges-Bild-fuer-Website_Bildgroesse-aendern-605x1024.jpg\" alt=\"\" class=\"wp-image-177\" srcset=\"https:\/\/photocentrum-berlin.de\/pk\/chaos-und-ordnung\/wp-content\/uploads\/sites\/2\/2024\/10\/Vorlaeufiges-Bild-fuer-Website_Bildgroesse-aendern-605x1024.jpg 605w, https:\/\/photocentrum-berlin.de\/pk\/chaos-und-ordnung\/wp-content\/uploads\/sites\/2\/2024\/10\/Vorlaeufiges-Bild-fuer-Website_Bildgroesse-aendern-177x300.jpg 177w, https:\/\/photocentrum-berlin.de\/pk\/chaos-und-ordnung\/wp-content\/uploads\/sites\/2\/2024\/10\/Vorlaeufiges-Bild-fuer-Website_Bildgroesse-aendern.jpg 709w\" sizes=\"auto, (max-width: 605px) 100vw, 605px\" \/><\/a><\/figure>\n<\/figure>\n<\/div>\n\n\n\n<div class=\"wp-block-column is-layout-flow wp-block-column-is-layout-flow\"><\/div>\n<\/div>\n\n\n\n<p class=\"has-small-font-size\"><a href=\"http:\/\/www.leonrossmaier.com\/\">leonrossmaier.com<\/a><\/p>\n\n\n\n<p><\/p>\n","protected":false},"excerpt":{"rendered":"<p>Metropolis Architektur bestimmt wie wir leben, arbeiten, wohnen und unsere Freizeit verbringen. In einer modernen Gesellschaft bedeutet das, dass wir die meiste Zeit in gebauten R\u00e4umen verbringen oder uns in den \u00dcberg\u00e4ngen dazwischen befinden. Denkt man sich diese weg, entsteht eine neue architektonische Ordnung. Einzelne Geb\u00e4ude wachsen zusammen und ergeben eine Einheit. Es entsteht ein &#8230; <a title=\"Leon Rossmaier\" class=\"read-more\" href=\"https:\/\/photocentrum-berlin.de\/pk\/chaos-und-ordnung\/l-rossmaier\/\" aria-label=\"Mehr Informationen \u00fcber Leon Rossmaier\">Weiterlesen<\/a><\/p>\n","protected":false},"author":3,"featured_media":0,"parent":0,"menu_order":0,"comment_status":"closed","ping_status":"closed","template":"","meta":{"footnotes":""},"class_list":["post-172","page","type-page","status-publish"],"_links":{"self":[{"href":"https:\/\/photocentrum-berlin.de\/pk\/chaos-und-ordnung\/wp-json\/wp\/v2\/pages\/172","targetHints":{"allow":["GET"]}}],"collection":[{"href":"https:\/\/photocentrum-berlin.de\/pk\/chaos-und-ordnung\/wp-json\/wp\/v2\/pages"}],"about":[{"href":"https:\/\/photocentrum-berlin.de\/pk\/chaos-und-ordnung\/wp-json\/wp\/v2\/types\/page"}],"author":[{"embeddable":true,"href":"https:\/\/photocentrum-berlin.de\/pk\/chaos-und-ordnung\/wp-json\/wp\/v2\/users\/3"}],"replies":[{"embeddable":true,"href":"https:\/\/photocentrum-berlin.de\/pk\/chaos-und-ordnung\/wp-json\/wp\/v2\/comments?post=172"}],"version-history":[{"count":9,"href":"https:\/\/photocentrum-berlin.de\/pk\/chaos-und-ordnung\/wp-json\/wp\/v2\/pages\/172\/revisions"}],"predecessor-version":[{"id":401,"href":"https:\/\/photocentrum-berlin.de\/pk\/chaos-und-ordnung\/wp-json\/wp\/v2\/pages\/172\/revisions\/401"}],"wp:attachment":[{"href":"https:\/\/photocentrum-berlin.de\/pk\/chaos-und-ordnung\/wp-json\/wp\/v2\/media?parent=172"}],"curies":[{"name":"wp","href":"https:\/\/api.w.org\/{rel}","templated":true}]}}