{"id":183,"date":"2024-10-12T09:34:48","date_gmt":"2024-10-12T07:34:48","guid":{"rendered":"https:\/\/photocentrum-berlin.de\/pk\/chaos-und-ordnung\/?page_id=183"},"modified":"2024-12-24T16:45:53","modified_gmt":"2024-12-24T15:45:53","slug":"t-brembs","status":"publish","type":"page","link":"https:\/\/photocentrum-berlin.de\/pk\/chaos-und-ordnung\/t-brembs\/","title":{"rendered":"Tilman Brembs"},"content":{"rendered":"\n<p class=\"has-medium-font-size\">Metamorphoto<\/p>\n\n\n\n<p>\u201cHey ChatGPT, was passiert eigentlich, wenn ich zwei eigene Fotos von Midjourney zusammenrechnen lasse?\u201c<\/p>\n\n\n\n<p>\u201cDie Metamorphose zweier Digitalfotos durch k\u00fcnstliche Intelligenz f\u00fchrt zu einer digitalen Collage, in der visuelle Elemente und algorithmische Muster verschmelzen. Diese neue Form der kreativen Gestaltung geht \u00fcber traditionelle Fotografie hinaus und stellt Fragen zu Authentizit\u00e4t und<br>k\u00fcnstlerischer Urheberschaft.\u201d<\/p>\n\n\n\n<p>So schreibt es die Maschine.<\/p>\n\n\n\n<p>Ich habe versucht, die Rolle der KI auszunutzen und meine eigenen Fotos, die ich nach den Parametern Ordnung &amp; Chaos aus meinem Archiv ausgew\u00e4hlt habe, Midjourney zum Operieren gegeben. Die Metamorphose zweier Fotos wird so zur Schnittstelle zwischen Mensch und Maschine.<br>Mal schauen was dabei herauskommt, dachte ich mir \u2026<\/p>\n\n\n\n<figure class=\"wp-block-gallery has-nested-images columns-3 is-cropped wp-block-gallery-1 is-layout-flex wp-block-gallery-is-layout-flex\">\n<figure class=\"wp-block-image size-large\"><a href=\"https:\/\/photocentrum-berlin.de\/pk\/chaos-und-ordnung\/wp-content\/uploads\/sites\/2\/2024\/10\/Metamorphoto_Ordnung_muss_sein_Bildgroesse-aendern.jpg\"><img loading=\"lazy\" decoding=\"async\" width=\"1024\" height=\"683\" data-id=\"186\" src=\"https:\/\/photocentrum-berlin.de\/pk\/chaos-und-ordnung\/wp-content\/uploads\/sites\/2\/2024\/10\/Metamorphoto_Ordnung_muss_sein_Bildgroesse-aendern-1024x683.jpg\" alt=\"\" class=\"wp-image-186\" srcset=\"https:\/\/photocentrum-berlin.de\/pk\/chaos-und-ordnung\/wp-content\/uploads\/sites\/2\/2024\/10\/Metamorphoto_Ordnung_muss_sein_Bildgroesse-aendern-1024x683.jpg 1024w, https:\/\/photocentrum-berlin.de\/pk\/chaos-und-ordnung\/wp-content\/uploads\/sites\/2\/2024\/10\/Metamorphoto_Ordnung_muss_sein_Bildgroesse-aendern-300x200.jpg 300w, https:\/\/photocentrum-berlin.de\/pk\/chaos-und-ordnung\/wp-content\/uploads\/sites\/2\/2024\/10\/Metamorphoto_Ordnung_muss_sein_Bildgroesse-aendern-768x512.jpg 768w, https:\/\/photocentrum-berlin.de\/pk\/chaos-und-ordnung\/wp-content\/uploads\/sites\/2\/2024\/10\/Metamorphoto_Ordnung_muss_sein_Bildgroesse-aendern.jpg 1300w\" sizes=\"auto, (max-width: 1024px) 100vw, 1024px\" \/><\/a><\/figure>\n\n\n\n<figure class=\"wp-block-image size-large\"><a href=\"https:\/\/photocentrum-berlin.de\/pk\/chaos-und-ordnung\/wp-content\/uploads\/sites\/2\/2024\/10\/Tilman_Brembs_Metamorphoto_Foliert_Bildgroesse-aendern.jpg\"><img loading=\"lazy\" decoding=\"async\" width=\"1024\" height=\"771\" data-id=\"188\" src=\"https:\/\/photocentrum-berlin.de\/pk\/chaos-und-ordnung\/wp-content\/uploads\/sites\/2\/2024\/10\/Tilman_Brembs_Metamorphoto_Foliert_Bildgroesse-aendern-1024x771.jpg\" alt=\"\" class=\"wp-image-188\" srcset=\"https:\/\/photocentrum-berlin.de\/pk\/chaos-und-ordnung\/wp-content\/uploads\/sites\/2\/2024\/10\/Tilman_Brembs_Metamorphoto_Foliert_Bildgroesse-aendern-1024x771.jpg 1024w, https:\/\/photocentrum-berlin.de\/pk\/chaos-und-ordnung\/wp-content\/uploads\/sites\/2\/2024\/10\/Tilman_Brembs_Metamorphoto_Foliert_Bildgroesse-aendern-300x226.jpg 300w, https:\/\/photocentrum-berlin.de\/pk\/chaos-und-ordnung\/wp-content\/uploads\/sites\/2\/2024\/10\/Tilman_Brembs_Metamorphoto_Foliert_Bildgroesse-aendern-768x578.jpg 768w, https:\/\/photocentrum-berlin.de\/pk\/chaos-und-ordnung\/wp-content\/uploads\/sites\/2\/2024\/10\/Tilman_Brembs_Metamorphoto_Foliert_Bildgroesse-aendern.jpg 1300w\" sizes=\"auto, (max-width: 1024px) 100vw, 1024px\" \/><\/a><\/figure>\n\n\n\n<figure class=\"wp-block-image size-large\"><a href=\"https:\/\/photocentrum-berlin.de\/pk\/chaos-und-ordnung\/wp-content\/uploads\/sites\/2\/2024\/12\/Tilman_Brembs_Metamorphoto_Snowroom-bigger.jpg\"><img loading=\"lazy\" decoding=\"async\" width=\"1024\" height=\"771\" data-id=\"460\" src=\"https:\/\/photocentrum-berlin.de\/pk\/chaos-und-ordnung\/wp-content\/uploads\/sites\/2\/2024\/12\/Tilman_Brembs_Metamorphoto_Snowroom-bigger-1024x771.jpg\" alt=\"\" class=\"wp-image-460\" srcset=\"https:\/\/photocentrum-berlin.de\/pk\/chaos-und-ordnung\/wp-content\/uploads\/sites\/2\/2024\/12\/Tilman_Brembs_Metamorphoto_Snowroom-bigger-1024x771.jpg 1024w, https:\/\/photocentrum-berlin.de\/pk\/chaos-und-ordnung\/wp-content\/uploads\/sites\/2\/2024\/12\/Tilman_Brembs_Metamorphoto_Snowroom-bigger-300x226.jpg 300w, https:\/\/photocentrum-berlin.de\/pk\/chaos-und-ordnung\/wp-content\/uploads\/sites\/2\/2024\/12\/Tilman_Brembs_Metamorphoto_Snowroom-bigger-768x579.jpg 768w, https:\/\/photocentrum-berlin.de\/pk\/chaos-und-ordnung\/wp-content\/uploads\/sites\/2\/2024\/12\/Tilman_Brembs_Metamorphoto_Snowroom-bigger-1536x1157.jpg 1536w, https:\/\/photocentrum-berlin.de\/pk\/chaos-und-ordnung\/wp-content\/uploads\/sites\/2\/2024\/12\/Tilman_Brembs_Metamorphoto_Snowroom-bigger.jpg 1800w\" sizes=\"auto, (max-width: 1024px) 100vw, 1024px\" \/><\/a><\/figure>\n\n\n\n<figure class=\"wp-block-image size-large\"><a href=\"https:\/\/photocentrum-berlin.de\/pk\/chaos-und-ordnung\/wp-content\/uploads\/sites\/2\/2024\/10\/Metamorphoto_Salon_de_Ceramique_Bildgroesse-aendern.jpg\"><img loading=\"lazy\" decoding=\"async\" width=\"1024\" height=\"771\" data-id=\"187\" src=\"https:\/\/photocentrum-berlin.de\/pk\/chaos-und-ordnung\/wp-content\/uploads\/sites\/2\/2024\/10\/Metamorphoto_Salon_de_Ceramique_Bildgroesse-aendern-1024x771.jpg\" alt=\"\" class=\"wp-image-187\" srcset=\"https:\/\/photocentrum-berlin.de\/pk\/chaos-und-ordnung\/wp-content\/uploads\/sites\/2\/2024\/10\/Metamorphoto_Salon_de_Ceramique_Bildgroesse-aendern-1024x771.jpg 1024w, https:\/\/photocentrum-berlin.de\/pk\/chaos-und-ordnung\/wp-content\/uploads\/sites\/2\/2024\/10\/Metamorphoto_Salon_de_Ceramique_Bildgroesse-aendern-300x226.jpg 300w, https:\/\/photocentrum-berlin.de\/pk\/chaos-und-ordnung\/wp-content\/uploads\/sites\/2\/2024\/10\/Metamorphoto_Salon_de_Ceramique_Bildgroesse-aendern-768x578.jpg 768w, https:\/\/photocentrum-berlin.de\/pk\/chaos-und-ordnung\/wp-content\/uploads\/sites\/2\/2024\/10\/Metamorphoto_Salon_de_Ceramique_Bildgroesse-aendern.jpg 1300w\" sizes=\"auto, (max-width: 1024px) 100vw, 1024px\" \/><\/a><\/figure>\n\n\n\n<figure class=\"wp-block-image size-large\"><a href=\"https:\/\/photocentrum-berlin.de\/pk\/chaos-und-ordnung\/wp-content\/uploads\/sites\/2\/2024\/10\/Metamorphoto_Diving_Home.jpg\"><img loading=\"lazy\" decoding=\"async\" width=\"1024\" height=\"683\" data-id=\"185\" src=\"https:\/\/photocentrum-berlin.de\/pk\/chaos-und-ordnung\/wp-content\/uploads\/sites\/2\/2024\/10\/Metamorphoto_Diving_Home-1024x683.jpg\" alt=\"\" class=\"wp-image-185\" srcset=\"https:\/\/photocentrum-berlin.de\/pk\/chaos-und-ordnung\/wp-content\/uploads\/sites\/2\/2024\/10\/Metamorphoto_Diving_Home-1024x683.jpg 1024w, https:\/\/photocentrum-berlin.de\/pk\/chaos-und-ordnung\/wp-content\/uploads\/sites\/2\/2024\/10\/Metamorphoto_Diving_Home-300x200.jpg 300w, https:\/\/photocentrum-berlin.de\/pk\/chaos-und-ordnung\/wp-content\/uploads\/sites\/2\/2024\/10\/Metamorphoto_Diving_Home-768x512.jpg 768w, https:\/\/photocentrum-berlin.de\/pk\/chaos-und-ordnung\/wp-content\/uploads\/sites\/2\/2024\/10\/Metamorphoto_Diving_Home-1536x1024.jpg 1536w, https:\/\/photocentrum-berlin.de\/pk\/chaos-und-ordnung\/wp-content\/uploads\/sites\/2\/2024\/10\/Metamorphoto_Diving_Home.jpg 1890w\" sizes=\"auto, (max-width: 1024px) 100vw, 1024px\" \/><\/a><\/figure>\n\n\n\n<figure class=\"wp-block-image size-large\"><img loading=\"lazy\" decoding=\"async\" width=\"1024\" height=\"1024\" data-id=\"435\" src=\"https:\/\/photocentrum-berlin.de\/pk\/chaos-und-ordnung\/wp-content\/uploads\/sites\/2\/2024\/12\/leer1-1024x1024.gif\" alt=\"\" class=\"wp-image-435\" srcset=\"https:\/\/photocentrum-berlin.de\/pk\/chaos-und-ordnung\/wp-content\/uploads\/sites\/2\/2024\/12\/leer1-1024x1024.gif 1024w, https:\/\/photocentrum-berlin.de\/pk\/chaos-und-ordnung\/wp-content\/uploads\/sites\/2\/2024\/12\/leer1-300x300.gif 300w, https:\/\/photocentrum-berlin.de\/pk\/chaos-und-ordnung\/wp-content\/uploads\/sites\/2\/2024\/12\/leer1-150x150.gif 150w, https:\/\/photocentrum-berlin.de\/pk\/chaos-und-ordnung\/wp-content\/uploads\/sites\/2\/2024\/12\/leer1-768x768.gif 768w, https:\/\/photocentrum-berlin.de\/pk\/chaos-und-ordnung\/wp-content\/uploads\/sites\/2\/2024\/12\/leer1-1536x1536.gif 1536w\" sizes=\"auto, (max-width: 1024px) 100vw, 1024px\" \/><\/figure>\n<\/figure>\n\n\n\n<p class=\"has-small-font-size\"><a href=\"http:\/\/www.metamorphoto.de\/\">metamorphoto.de<\/a><br><a href=\"http:\/\/www.tilmanbrembs.de\/\">tilmanbrembs.de<\/a><\/p>\n\n\n\n<p><\/p>\n","protected":false},"excerpt":{"rendered":"<p>Metamorphoto \u201cHey ChatGPT, was passiert eigentlich, wenn ich zwei eigene Fotos von Midjourney zusammenrechnen lasse?\u201c \u201cDie Metamorphose zweier Digitalfotos durch k\u00fcnstliche Intelligenz f\u00fchrt zu einer digitalen Collage, in der visuelle Elemente und algorithmische Muster verschmelzen. Diese neue Form der kreativen Gestaltung geht \u00fcber traditionelle Fotografie hinaus und stellt Fragen zu Authentizit\u00e4t undk\u00fcnstlerischer Urheberschaft.\u201d So schreibt &#8230; <a title=\"Tilman Brembs\" class=\"read-more\" href=\"https:\/\/photocentrum-berlin.de\/pk\/chaos-und-ordnung\/t-brembs\/\" aria-label=\"Mehr Informationen \u00fcber Tilman Brembs\">Weiterlesen<\/a><\/p>\n","protected":false},"author":3,"featured_media":0,"parent":0,"menu_order":0,"comment_status":"closed","ping_status":"closed","template":"","meta":{"footnotes":""},"class_list":["post-183","page","type-page","status-publish"],"_links":{"self":[{"href":"https:\/\/photocentrum-berlin.de\/pk\/chaos-und-ordnung\/wp-json\/wp\/v2\/pages\/183","targetHints":{"allow":["GET"]}}],"collection":[{"href":"https:\/\/photocentrum-berlin.de\/pk\/chaos-und-ordnung\/wp-json\/wp\/v2\/pages"}],"about":[{"href":"https:\/\/photocentrum-berlin.de\/pk\/chaos-und-ordnung\/wp-json\/wp\/v2\/types\/page"}],"author":[{"embeddable":true,"href":"https:\/\/photocentrum-berlin.de\/pk\/chaos-und-ordnung\/wp-json\/wp\/v2\/users\/3"}],"replies":[{"embeddable":true,"href":"https:\/\/photocentrum-berlin.de\/pk\/chaos-und-ordnung\/wp-json\/wp\/v2\/comments?post=183"}],"version-history":[{"count":17,"href":"https:\/\/photocentrum-berlin.de\/pk\/chaos-und-ordnung\/wp-json\/wp\/v2\/pages\/183\/revisions"}],"predecessor-version":[{"id":462,"href":"https:\/\/photocentrum-berlin.de\/pk\/chaos-und-ordnung\/wp-json\/wp\/v2\/pages\/183\/revisions\/462"}],"wp:attachment":[{"href":"https:\/\/photocentrum-berlin.de\/pk\/chaos-und-ordnung\/wp-json\/wp\/v2\/media?parent=183"}],"curies":[{"name":"wp","href":"https:\/\/api.w.org\/{rel}","templated":true}]}}