{"id":195,"date":"2024-10-12T09:52:50","date_gmt":"2024-10-12T07:52:50","guid":{"rendered":"https:\/\/photocentrum-berlin.de\/pk\/chaos-und-ordnung\/?page_id=195"},"modified":"2024-12-24T15:25:34","modified_gmt":"2024-12-24T14:25:34","slug":"u-bauer","status":"publish","type":"page","link":"https:\/\/photocentrum-berlin.de\/pk\/chaos-und-ordnung\/u-bauer\/","title":{"rendered":"Ute Christina Bauer"},"content":{"rendered":"\n<p class=\"has-medium-font-size\">Im Chaos bin ich K\u00f6nigin *<\/p>\n\n\n\n<p>Wir leben in schwierigen Zeiten. Wir werden gestresst durch die Weltlage mit Kriegen, Klimakatastrophen und ins Wanken geratende Sicherheiten. Aber auch die Anforderungen des Alltags sind herausfordernd. Termindruck, berufliche und private Erwartungen, Existenz\u00e4ngste: Ph\u00e4nomene, die den meisten Menschen mehr oder weniger gut bekannt sind \u2013 Murphys Law l\u00e4sst gr\u00fc\u00dfen. Mich selbst st\u00fcrzen sie oft genug in ein ganz eigenes motionales Chaos. <\/p>\n\n\n\n<p>In meiner fotografischen Arbeit zeige ich, Seelenzust\u00e4nde, die ich damit verkn\u00fcpfe. Dabei geht es um Aspekte wie das Gef\u00fchl, meine Zeit nicht im Griff zu haben, den Wunsch, meinen Alltag besser strukturieren zu k\u00f6nnen oder die Notwendigkeit, die Entropie in meiner Wohnung zu beherrschen. Ich habe auch ausgleichende Aspekte gefunden: Momente der Kreativit\u00e4t, des Naturerlebens oder der Entspannung.<\/p>\n\n\n\n<p class=\"has-small-font-size\">* Sandra Felton (1995): Im Chaos bin ich K\u00f6nigin. \u00dcberlebenstraining im Alltag<\/p>\n\n\n\n<figure class=\"wp-block-gallery has-nested-images columns-4 is-cropped wp-block-gallery-1 is-layout-flex wp-block-gallery-is-layout-flex\">\n<figure class=\"wp-block-image size-large\"><a href=\"https:\/\/photocentrum-berlin.de\/pk\/chaos-und-ordnung\/wp-content\/uploads\/sites\/2\/2024\/10\/Das-Auf-und-ab-der-Emotionen_Bildgroesse-aendern.jpg\"><img loading=\"lazy\" decoding=\"async\" width=\"1024\" height=\"724\" data-id=\"198\" src=\"https:\/\/photocentrum-berlin.de\/pk\/chaos-und-ordnung\/wp-content\/uploads\/sites\/2\/2024\/10\/Das-Auf-und-ab-der-Emotionen_Bildgroesse-aendern-1024x724.jpg\" alt=\"\" class=\"wp-image-198\" srcset=\"https:\/\/photocentrum-berlin.de\/pk\/chaos-und-ordnung\/wp-content\/uploads\/sites\/2\/2024\/10\/Das-Auf-und-ab-der-Emotionen_Bildgroesse-aendern-1024x724.jpg 1024w, https:\/\/photocentrum-berlin.de\/pk\/chaos-und-ordnung\/wp-content\/uploads\/sites\/2\/2024\/10\/Das-Auf-und-ab-der-Emotionen_Bildgroesse-aendern-300x212.jpg 300w, https:\/\/photocentrum-berlin.de\/pk\/chaos-und-ordnung\/wp-content\/uploads\/sites\/2\/2024\/10\/Das-Auf-und-ab-der-Emotionen_Bildgroesse-aendern-768x543.jpg 768w, https:\/\/photocentrum-berlin.de\/pk\/chaos-und-ordnung\/wp-content\/uploads\/sites\/2\/2024\/10\/Das-Auf-und-ab-der-Emotionen_Bildgroesse-aendern.jpg 1500w\" sizes=\"auto, (max-width: 1024px) 100vw, 1024px\" \/><\/a><\/figure>\n\n\n\n<figure class=\"wp-block-image size-large\"><a href=\"https:\/\/photocentrum-berlin.de\/pk\/chaos-und-ordnung\/wp-content\/uploads\/sites\/2\/2024\/12\/Feuerwerk-der-Kreativitaetsneuronen.jpg\"><img loading=\"lazy\" decoding=\"async\" width=\"683\" height=\"1024\" data-id=\"444\" src=\"https:\/\/photocentrum-berlin.de\/pk\/chaos-und-ordnung\/wp-content\/uploads\/sites\/2\/2024\/12\/Feuerwerk-der-Kreativitaetsneuronen-683x1024.jpg\" alt=\"\" class=\"wp-image-444\" srcset=\"https:\/\/photocentrum-berlin.de\/pk\/chaos-und-ordnung\/wp-content\/uploads\/sites\/2\/2024\/12\/Feuerwerk-der-Kreativitaetsneuronen-683x1024.jpg 683w, https:\/\/photocentrum-berlin.de\/pk\/chaos-und-ordnung\/wp-content\/uploads\/sites\/2\/2024\/12\/Feuerwerk-der-Kreativitaetsneuronen-200x300.jpg 200w, https:\/\/photocentrum-berlin.de\/pk\/chaos-und-ordnung\/wp-content\/uploads\/sites\/2\/2024\/12\/Feuerwerk-der-Kreativitaetsneuronen-768x1152.jpg 768w, https:\/\/photocentrum-berlin.de\/pk\/chaos-und-ordnung\/wp-content\/uploads\/sites\/2\/2024\/12\/Feuerwerk-der-Kreativitaetsneuronen-1024x1536.jpg 1024w, https:\/\/photocentrum-berlin.de\/pk\/chaos-und-ordnung\/wp-content\/uploads\/sites\/2\/2024\/12\/Feuerwerk-der-Kreativitaetsneuronen.jpg 1200w\" sizes=\"auto, (max-width: 683px) 100vw, 683px\" \/><\/a><\/figure>\n\n\n\n<figure class=\"wp-block-image size-large\"><a href=\"https:\/\/photocentrum-berlin.de\/pk\/chaos-und-ordnung\/wp-content\/uploads\/sites\/2\/2024\/12\/Im-Griff-der-Zeit.jpg\"><img loading=\"lazy\" decoding=\"async\" width=\"1024\" height=\"683\" data-id=\"445\" src=\"https:\/\/photocentrum-berlin.de\/pk\/chaos-und-ordnung\/wp-content\/uploads\/sites\/2\/2024\/12\/Im-Griff-der-Zeit-1024x683.jpg\" alt=\"\" class=\"wp-image-445\" srcset=\"https:\/\/photocentrum-berlin.de\/pk\/chaos-und-ordnung\/wp-content\/uploads\/sites\/2\/2024\/12\/Im-Griff-der-Zeit-1024x683.jpg 1024w, https:\/\/photocentrum-berlin.de\/pk\/chaos-und-ordnung\/wp-content\/uploads\/sites\/2\/2024\/12\/Im-Griff-der-Zeit-300x200.jpg 300w, https:\/\/photocentrum-berlin.de\/pk\/chaos-und-ordnung\/wp-content\/uploads\/sites\/2\/2024\/12\/Im-Griff-der-Zeit-768x512.jpg 768w, https:\/\/photocentrum-berlin.de\/pk\/chaos-und-ordnung\/wp-content\/uploads\/sites\/2\/2024\/12\/Im-Griff-der-Zeit-1536x1024.jpg 1536w, https:\/\/photocentrum-berlin.de\/pk\/chaos-und-ordnung\/wp-content\/uploads\/sites\/2\/2024\/12\/Im-Griff-der-Zeit.jpg 1800w\" sizes=\"auto, (max-width: 1024px) 100vw, 1024px\" \/><\/a><\/figure>\n\n\n\n<figure class=\"wp-block-image size-large\"><a href=\"https:\/\/photocentrum-berlin.de\/pk\/chaos-und-ordnung\/wp-content\/uploads\/sites\/2\/2024\/10\/Auf-der-Suche-nach-Struktur-Kopie_Bildgroesse-aendern.jpg\"><img loading=\"lazy\" decoding=\"async\" width=\"1024\" height=\"683\" data-id=\"197\" src=\"https:\/\/photocentrum-berlin.de\/pk\/chaos-und-ordnung\/wp-content\/uploads\/sites\/2\/2024\/10\/Auf-der-Suche-nach-Struktur-Kopie_Bildgroesse-aendern-1024x683.jpg\" alt=\"\" class=\"wp-image-197\" srcset=\"https:\/\/photocentrum-berlin.de\/pk\/chaos-und-ordnung\/wp-content\/uploads\/sites\/2\/2024\/10\/Auf-der-Suche-nach-Struktur-Kopie_Bildgroesse-aendern-1024x683.jpg 1024w, https:\/\/photocentrum-berlin.de\/pk\/chaos-und-ordnung\/wp-content\/uploads\/sites\/2\/2024\/10\/Auf-der-Suche-nach-Struktur-Kopie_Bildgroesse-aendern-300x200.jpg 300w, https:\/\/photocentrum-berlin.de\/pk\/chaos-und-ordnung\/wp-content\/uploads\/sites\/2\/2024\/10\/Auf-der-Suche-nach-Struktur-Kopie_Bildgroesse-aendern-768x512.jpg 768w, https:\/\/photocentrum-berlin.de\/pk\/chaos-und-ordnung\/wp-content\/uploads\/sites\/2\/2024\/10\/Auf-der-Suche-nach-Struktur-Kopie_Bildgroesse-aendern.jpg 1500w\" sizes=\"auto, (max-width: 1024px) 100vw, 1024px\" \/><\/a><\/figure>\n\n\n\n<figure class=\"wp-block-image size-large\"><a href=\"https:\/\/photocentrum-berlin.de\/pk\/chaos-und-ordnung\/wp-content\/uploads\/sites\/2\/2024\/10\/Die-Ruhe-nach-dem-Sturm_Bildgroesse-aendern.jpg\"><img loading=\"lazy\" decoding=\"async\" width=\"1024\" height=\"683\" data-id=\"199\" src=\"https:\/\/photocentrum-berlin.de\/pk\/chaos-und-ordnung\/wp-content\/uploads\/sites\/2\/2024\/10\/Die-Ruhe-nach-dem-Sturm_Bildgroesse-aendern-1024x683.jpg\" alt=\"\" class=\"wp-image-199\" srcset=\"https:\/\/photocentrum-berlin.de\/pk\/chaos-und-ordnung\/wp-content\/uploads\/sites\/2\/2024\/10\/Die-Ruhe-nach-dem-Sturm_Bildgroesse-aendern-1024x683.jpg 1024w, https:\/\/photocentrum-berlin.de\/pk\/chaos-und-ordnung\/wp-content\/uploads\/sites\/2\/2024\/10\/Die-Ruhe-nach-dem-Sturm_Bildgroesse-aendern-300x200.jpg 300w, https:\/\/photocentrum-berlin.de\/pk\/chaos-und-ordnung\/wp-content\/uploads\/sites\/2\/2024\/10\/Die-Ruhe-nach-dem-Sturm_Bildgroesse-aendern-768x512.jpg 768w, https:\/\/photocentrum-berlin.de\/pk\/chaos-und-ordnung\/wp-content\/uploads\/sites\/2\/2024\/10\/Die-Ruhe-nach-dem-Sturm_Bildgroesse-aendern.jpg 1500w\" sizes=\"auto, (max-width: 1024px) 100vw, 1024px\" \/><\/a><\/figure>\n\n\n\n<figure class=\"wp-block-image size-large\"><a href=\"https:\/\/photocentrum-berlin.de\/pk\/chaos-und-ordnung\/wp-content\/uploads\/sites\/2\/2024\/12\/Rettungsanker-Natur.jpg\"><img loading=\"lazy\" decoding=\"async\" width=\"1024\" height=\"683\" data-id=\"446\" src=\"https:\/\/photocentrum-berlin.de\/pk\/chaos-und-ordnung\/wp-content\/uploads\/sites\/2\/2024\/12\/Rettungsanker-Natur-1024x683.jpg\" alt=\"\" class=\"wp-image-446\" srcset=\"https:\/\/photocentrum-berlin.de\/pk\/chaos-und-ordnung\/wp-content\/uploads\/sites\/2\/2024\/12\/Rettungsanker-Natur-1024x683.jpg 1024w, https:\/\/photocentrum-berlin.de\/pk\/chaos-und-ordnung\/wp-content\/uploads\/sites\/2\/2024\/12\/Rettungsanker-Natur-300x200.jpg 300w, https:\/\/photocentrum-berlin.de\/pk\/chaos-und-ordnung\/wp-content\/uploads\/sites\/2\/2024\/12\/Rettungsanker-Natur-768x512.jpg 768w, https:\/\/photocentrum-berlin.de\/pk\/chaos-und-ordnung\/wp-content\/uploads\/sites\/2\/2024\/12\/Rettungsanker-Natur-1536x1025.jpg 1536w, https:\/\/photocentrum-berlin.de\/pk\/chaos-und-ordnung\/wp-content\/uploads\/sites\/2\/2024\/12\/Rettungsanker-Natur.jpg 1800w\" sizes=\"auto, (max-width: 1024px) 100vw, 1024px\" \/><\/a><\/figure>\n\n\n\n<figure class=\"wp-block-image size-large\"><a href=\"https:\/\/photocentrum-berlin.de\/pk\/chaos-und-ordnung\/wp-content\/uploads\/sites\/2\/2024\/10\/Lost-in-Space_Bildgroesse-aendern.jpg\"><img loading=\"lazy\" decoding=\"async\" width=\"683\" height=\"1024\" data-id=\"200\" src=\"https:\/\/photocentrum-berlin.de\/pk\/chaos-und-ordnung\/wp-content\/uploads\/sites\/2\/2024\/10\/Lost-in-Space_Bildgroesse-aendern-683x1024.jpg\" alt=\"\" class=\"wp-image-200\" srcset=\"https:\/\/photocentrum-berlin.de\/pk\/chaos-und-ordnung\/wp-content\/uploads\/sites\/2\/2024\/10\/Lost-in-Space_Bildgroesse-aendern-683x1024.jpg 683w, https:\/\/photocentrum-berlin.de\/pk\/chaos-und-ordnung\/wp-content\/uploads\/sites\/2\/2024\/10\/Lost-in-Space_Bildgroesse-aendern-200x300.jpg 200w, https:\/\/photocentrum-berlin.de\/pk\/chaos-und-ordnung\/wp-content\/uploads\/sites\/2\/2024\/10\/Lost-in-Space_Bildgroesse-aendern-768x1152.jpg 768w, https:\/\/photocentrum-berlin.de\/pk\/chaos-und-ordnung\/wp-content\/uploads\/sites\/2\/2024\/10\/Lost-in-Space_Bildgroesse-aendern.jpg 1000w\" sizes=\"auto, (max-width: 683px) 100vw, 683px\" \/><\/a><\/figure>\n\n\n\n<figure class=\"wp-block-image size-large\"><a href=\"https:\/\/photocentrum-berlin.de\/pk\/chaos-und-ordnung\/wp-content\/uploads\/sites\/2\/2024\/12\/leer1.gif\"><img loading=\"lazy\" decoding=\"async\" width=\"1024\" height=\"1024\" data-id=\"435\" src=\"https:\/\/photocentrum-berlin.de\/pk\/chaos-und-ordnung\/wp-content\/uploads\/sites\/2\/2024\/12\/leer1-1024x1024.gif\" alt=\"\" class=\"wp-image-435\" srcset=\"https:\/\/photocentrum-berlin.de\/pk\/chaos-und-ordnung\/wp-content\/uploads\/sites\/2\/2024\/12\/leer1-1024x1024.gif 1024w, https:\/\/photocentrum-berlin.de\/pk\/chaos-und-ordnung\/wp-content\/uploads\/sites\/2\/2024\/12\/leer1-300x300.gif 300w, https:\/\/photocentrum-berlin.de\/pk\/chaos-und-ordnung\/wp-content\/uploads\/sites\/2\/2024\/12\/leer1-150x150.gif 150w, https:\/\/photocentrum-berlin.de\/pk\/chaos-und-ordnung\/wp-content\/uploads\/sites\/2\/2024\/12\/leer1-768x768.gif 768w, https:\/\/photocentrum-berlin.de\/pk\/chaos-und-ordnung\/wp-content\/uploads\/sites\/2\/2024\/12\/leer1-1536x1536.gif 1536w\" sizes=\"auto, (max-width: 1024px) 100vw, 1024px\" \/><\/a><\/figure>\n<\/figure>\n\n\n\n<p class=\"has-small-font-size\"><a href=\"http:\/\/www.utechristinabauer.de\/\">utechristinabauer.de<\/a><\/p>\n\n\n\n<p><\/p>\n","protected":false},"excerpt":{"rendered":"<p>Im Chaos bin ich K\u00f6nigin * Wir leben in schwierigen Zeiten. Wir werden gestresst durch die Weltlage mit Kriegen, Klimakatastrophen und ins Wanken geratende Sicherheiten. Aber auch die Anforderungen des Alltags sind herausfordernd. Termindruck, berufliche und private Erwartungen, Existenz\u00e4ngste: Ph\u00e4nomene, die den meisten Menschen mehr oder weniger gut bekannt sind \u2013 Murphys Law l\u00e4sst gr\u00fc\u00dfen. &#8230; <a title=\"Ute Christina Bauer\" class=\"read-more\" href=\"https:\/\/photocentrum-berlin.de\/pk\/chaos-und-ordnung\/u-bauer\/\" aria-label=\"Mehr Informationen \u00fcber Ute Christina Bauer\">Weiterlesen<\/a><\/p>\n","protected":false},"author":3,"featured_media":0,"parent":0,"menu_order":0,"comment_status":"closed","ping_status":"closed","template":"","meta":{"footnotes":""},"class_list":["post-195","page","type-page","status-publish"],"_links":{"self":[{"href":"https:\/\/photocentrum-berlin.de\/pk\/chaos-und-ordnung\/wp-json\/wp\/v2\/pages\/195","targetHints":{"allow":["GET"]}}],"collection":[{"href":"https:\/\/photocentrum-berlin.de\/pk\/chaos-und-ordnung\/wp-json\/wp\/v2\/pages"}],"about":[{"href":"https:\/\/photocentrum-berlin.de\/pk\/chaos-und-ordnung\/wp-json\/wp\/v2\/types\/page"}],"author":[{"embeddable":true,"href":"https:\/\/photocentrum-berlin.de\/pk\/chaos-und-ordnung\/wp-json\/wp\/v2\/users\/3"}],"replies":[{"embeddable":true,"href":"https:\/\/photocentrum-berlin.de\/pk\/chaos-und-ordnung\/wp-json\/wp\/v2\/comments?post=195"}],"version-history":[{"count":19,"href":"https:\/\/photocentrum-berlin.de\/pk\/chaos-und-ordnung\/wp-json\/wp\/v2\/pages\/195\/revisions"}],"predecessor-version":[{"id":448,"href":"https:\/\/photocentrum-berlin.de\/pk\/chaos-und-ordnung\/wp-json\/wp\/v2\/pages\/195\/revisions\/448"}],"wp:attachment":[{"href":"https:\/\/photocentrum-berlin.de\/pk\/chaos-und-ordnung\/wp-json\/wp\/v2\/media?parent=195"}],"curies":[{"name":"wp","href":"https:\/\/api.w.org\/{rel}","templated":true}]}}