{"id":232,"date":"2024-10-14T18:48:40","date_gmt":"2024-10-14T16:48:40","guid":{"rendered":"https:\/\/photocentrum-berlin.de\/pk\/chaos-und-ordnung\/?page_id=232"},"modified":"2024-12-25T09:29:34","modified_gmt":"2024-12-25T08:29:34","slug":"lars-bauer","status":"publish","type":"page","link":"https:\/\/photocentrum-berlin.de\/pk\/chaos-und-ordnung\/lars-bauer\/","title":{"rendered":"Lars Bauer"},"content":{"rendered":"\n<p class=\"has-medium-font-size\">Wimmelbild<\/p>\n\n\n\n<p>Berlin, Gro\u00dfstadt, 3,75 Millionen Menschen, ein unendliches Gewimmel, schr\u00e4ge Charaktere und lustige Handlungen, 100 Schnappsch\u00fcsse. Um den Fokus auf das Wesentliche zu legen, sind gro\u00dfe Bereiche geschw\u00e4rzt. So wird jede einzelne Szene aus ihrem Umfeld gel\u00f6st und in der Zusammenstellung neu kombiniert. <\/p>\n\n\n\n<p>Noch Chaos oder schon Ordnung?<\/p>\n\n\n\n<figure class=\"wp-block-gallery has-nested-images columns-5 is-cropped wp-block-gallery-1 is-layout-flex wp-block-gallery-is-layout-flex\">\n<figure class=\"wp-block-image size-large\"><a href=\"https:\/\/photocentrum-berlin.de\/pk\/chaos-und-ordnung\/wp-content\/uploads\/sites\/2\/2024\/12\/Lars-4x4_m.jpg\"><img loading=\"lazy\" decoding=\"async\" width=\"1024\" height=\"1024\" data-id=\"494\" src=\"https:\/\/photocentrum-berlin.de\/pk\/chaos-und-ordnung\/wp-content\/uploads\/sites\/2\/2024\/12\/Lars-4x4_m-1024x1024.jpg\" alt=\"\" class=\"wp-image-494\" srcset=\"https:\/\/photocentrum-berlin.de\/pk\/chaos-und-ordnung\/wp-content\/uploads\/sites\/2\/2024\/12\/Lars-4x4_m-1024x1024.jpg 1024w, https:\/\/photocentrum-berlin.de\/pk\/chaos-und-ordnung\/wp-content\/uploads\/sites\/2\/2024\/12\/Lars-4x4_m-300x300.jpg 300w, https:\/\/photocentrum-berlin.de\/pk\/chaos-und-ordnung\/wp-content\/uploads\/sites\/2\/2024\/12\/Lars-4x4_m-150x150.jpg 150w, https:\/\/photocentrum-berlin.de\/pk\/chaos-und-ordnung\/wp-content\/uploads\/sites\/2\/2024\/12\/Lars-4x4_m-768x768.jpg 768w, https:\/\/photocentrum-berlin.de\/pk\/chaos-und-ordnung\/wp-content\/uploads\/sites\/2\/2024\/12\/Lars-4x4_m-1536x1536.jpg 1536w, https:\/\/photocentrum-berlin.de\/pk\/chaos-und-ordnung\/wp-content\/uploads\/sites\/2\/2024\/12\/Lars-4x4_m.jpg 1800w\" sizes=\"auto, (max-width: 1024px) 100vw, 1024px\" \/><\/a><\/figure>\n\n\n\n<figure class=\"wp-block-image size-large\"><a href=\"https:\/\/photocentrum-berlin.de\/pk\/chaos-und-ordnung\/wp-content\/uploads\/sites\/2\/2024\/10\/MG_8072.jpg\"><img loading=\"lazy\" decoding=\"async\" width=\"567\" height=\"567\" data-id=\"236\" src=\"https:\/\/photocentrum-berlin.de\/pk\/chaos-und-ordnung\/wp-content\/uploads\/sites\/2\/2024\/10\/MG_8072.jpg\" alt=\"\" class=\"wp-image-236\" srcset=\"https:\/\/photocentrum-berlin.de\/pk\/chaos-und-ordnung\/wp-content\/uploads\/sites\/2\/2024\/10\/MG_8072.jpg 567w, https:\/\/photocentrum-berlin.de\/pk\/chaos-und-ordnung\/wp-content\/uploads\/sites\/2\/2024\/10\/MG_8072-300x300.jpg 300w, https:\/\/photocentrum-berlin.de\/pk\/chaos-und-ordnung\/wp-content\/uploads\/sites\/2\/2024\/10\/MG_8072-150x150.jpg 150w\" sizes=\"auto, (max-width: 567px) 100vw, 567px\" \/><\/a><\/figure>\n\n\n\n<figure class=\"wp-block-image size-large\"><a href=\"https:\/\/photocentrum-berlin.de\/pk\/chaos-und-ordnung\/wp-content\/uploads\/sites\/2\/2024\/10\/MG_8074.jpg\"><img loading=\"lazy\" decoding=\"async\" width=\"567\" height=\"567\" data-id=\"237\" src=\"https:\/\/photocentrum-berlin.de\/pk\/chaos-und-ordnung\/wp-content\/uploads\/sites\/2\/2024\/10\/MG_8074.jpg\" alt=\"\" class=\"wp-image-237\" srcset=\"https:\/\/photocentrum-berlin.de\/pk\/chaos-und-ordnung\/wp-content\/uploads\/sites\/2\/2024\/10\/MG_8074.jpg 567w, https:\/\/photocentrum-berlin.de\/pk\/chaos-und-ordnung\/wp-content\/uploads\/sites\/2\/2024\/10\/MG_8074-300x300.jpg 300w, https:\/\/photocentrum-berlin.de\/pk\/chaos-und-ordnung\/wp-content\/uploads\/sites\/2\/2024\/10\/MG_8074-150x150.jpg 150w\" sizes=\"auto, (max-width: 567px) 100vw, 567px\" \/><\/a><\/figure>\n\n\n\n<figure class=\"wp-block-image size-large\"><a href=\"https:\/\/photocentrum-berlin.de\/pk\/chaos-und-ordnung\/wp-content\/uploads\/sites\/2\/2024\/10\/MG_8066.jpg\"><img loading=\"lazy\" decoding=\"async\" width=\"567\" height=\"567\" data-id=\"235\" src=\"https:\/\/photocentrum-berlin.de\/pk\/chaos-und-ordnung\/wp-content\/uploads\/sites\/2\/2024\/10\/MG_8066.jpg\" alt=\"\" class=\"wp-image-235\" srcset=\"https:\/\/photocentrum-berlin.de\/pk\/chaos-und-ordnung\/wp-content\/uploads\/sites\/2\/2024\/10\/MG_8066.jpg 567w, https:\/\/photocentrum-berlin.de\/pk\/chaos-und-ordnung\/wp-content\/uploads\/sites\/2\/2024\/10\/MG_8066-300x300.jpg 300w, https:\/\/photocentrum-berlin.de\/pk\/chaos-und-ordnung\/wp-content\/uploads\/sites\/2\/2024\/10\/MG_8066-150x150.jpg 150w\" sizes=\"auto, (max-width: 567px) 100vw, 567px\" \/><\/a><\/figure>\n\n\n\n<figure class=\"wp-block-image size-large\"><a href=\"https:\/\/photocentrum-berlin.de\/pk\/chaos-und-ordnung\/wp-content\/uploads\/sites\/2\/2024\/10\/MG_8065.jpg\"><img loading=\"lazy\" decoding=\"async\" width=\"567\" height=\"567\" data-id=\"234\" src=\"https:\/\/photocentrum-berlin.de\/pk\/chaos-und-ordnung\/wp-content\/uploads\/sites\/2\/2024\/10\/MG_8065.jpg\" alt=\"\" class=\"wp-image-234\" srcset=\"https:\/\/photocentrum-berlin.de\/pk\/chaos-und-ordnung\/wp-content\/uploads\/sites\/2\/2024\/10\/MG_8065.jpg 567w, https:\/\/photocentrum-berlin.de\/pk\/chaos-und-ordnung\/wp-content\/uploads\/sites\/2\/2024\/10\/MG_8065-300x300.jpg 300w, https:\/\/photocentrum-berlin.de\/pk\/chaos-und-ordnung\/wp-content\/uploads\/sites\/2\/2024\/10\/MG_8065-150x150.jpg 150w\" sizes=\"auto, (max-width: 567px) 100vw, 567px\" \/><\/a><\/figure>\n<\/figure>\n\n\n\n<p class=\"has-small-font-size\"><a href=\"http:\/\/www.larsbauerphotography.de\/\">larsbauerphotography.de<\/a><\/p>\n\n\n\n<p><\/p>\n","protected":false},"excerpt":{"rendered":"<p>Wimmelbild Berlin, Gro\u00dfstadt, 3,75 Millionen Menschen, ein unendliches Gewimmel, schr\u00e4ge Charaktere und lustige Handlungen, 100 Schnappsch\u00fcsse. Um den Fokus auf das Wesentliche zu legen, sind gro\u00dfe Bereiche geschw\u00e4rzt. So wird jede einzelne Szene aus ihrem Umfeld gel\u00f6st und in der Zusammenstellung neu kombiniert. Noch Chaos oder schon Ordnung? larsbauerphotography.de<\/p>\n","protected":false},"author":3,"featured_media":0,"parent":0,"menu_order":0,"comment_status":"closed","ping_status":"closed","template":"","meta":{"footnotes":""},"class_list":["post-232","page","type-page","status-publish"],"_links":{"self":[{"href":"https:\/\/photocentrum-berlin.de\/pk\/chaos-und-ordnung\/wp-json\/wp\/v2\/pages\/232","targetHints":{"allow":["GET"]}}],"collection":[{"href":"https:\/\/photocentrum-berlin.de\/pk\/chaos-und-ordnung\/wp-json\/wp\/v2\/pages"}],"about":[{"href":"https:\/\/photocentrum-berlin.de\/pk\/chaos-und-ordnung\/wp-json\/wp\/v2\/types\/page"}],"author":[{"embeddable":true,"href":"https:\/\/photocentrum-berlin.de\/pk\/chaos-und-ordnung\/wp-json\/wp\/v2\/users\/3"}],"replies":[{"embeddable":true,"href":"https:\/\/photocentrum-berlin.de\/pk\/chaos-und-ordnung\/wp-json\/wp\/v2\/comments?post=232"}],"version-history":[{"count":12,"href":"https:\/\/photocentrum-berlin.de\/pk\/chaos-und-ordnung\/wp-json\/wp\/v2\/pages\/232\/revisions"}],"predecessor-version":[{"id":495,"href":"https:\/\/photocentrum-berlin.de\/pk\/chaos-und-ordnung\/wp-json\/wp\/v2\/pages\/232\/revisions\/495"}],"wp:attachment":[{"href":"https:\/\/photocentrum-berlin.de\/pk\/chaos-und-ordnung\/wp-json\/wp\/v2\/media?parent=232"}],"curies":[{"name":"wp","href":"https:\/\/api.w.org\/{rel}","templated":true}]}}