{"id":251,"date":"2024-10-16T15:46:29","date_gmt":"2024-10-16T13:46:29","guid":{"rendered":"https:\/\/photocentrum-berlin.de\/pk\/chaos-und-ordnung\/?page_id=251"},"modified":"2025-02-11T15:30:33","modified_gmt":"2025-02-11T14:30:33","slug":"anne-goldmann","status":"publish","type":"page","link":"https:\/\/photocentrum-berlin.de\/pk\/chaos-und-ordnung\/anne-goldmann\/","title":{"rendered":"Anne Goldmann"},"content":{"rendered":"\n<p class=\"has-medium-font-size\">Mein Blick zur\u00fcck<\/p>\n\n\n\n<p>Gesundheit \u2013 ein Synonym f\u00fcr Ordnung? Bedeutet Krankheit also Chaos im K\u00f6rper? <\/p>\n\n\n\n<p>Eine Diagnose mit Therapien, die mich ins k\u00f6rperliche, emotionale und psychische Chaos st\u00fcrzen. Nichts ist mehr wie zuvor. Trotzdem versuche ich \u2013 immer l\u00e4chelnd \u2013 zumindest \u00e4u\u00dfere Ordnung zu wahren! Die Fotos von damals habe ich lange nicht angeschaut. Bis jetzt kann ich schwer dar\u00fcber sprechen, die Stimme bricht, die Bauchnarbe zieht. <\/p>\n\n\n\n<p>Raus aus der Ohnmacht und alles zeigen war mein Impuls. So begann ich, meine Erfahrungen von der Diagnose Brustkrebs \u00fcber die Chemo, Mastektomie, Rekonstruktion mit Implantaten bis hin zur Rekonstruktion durch Eigengewebe beidseits k\u00fcnstlerisch zu verarbeiten. Dabei erlebe ich mich und meinen sinnlich beeintr\u00e4chtigten K\u00f6rper mit all seinen Ver\u00e4nderungen neu. Mit anderem Blick kann ich meine Narben aufwerten. Sie symbolisieren \u00dcberleben und Genesung, sind Spuren der Zeit sowie meiner Geschichte.<\/p>\n\n\n\n<figure class=\"wp-block-gallery has-nested-images columns-default is-cropped wp-block-gallery-1 is-layout-flex wp-block-gallery-is-layout-flex\">\n<figure class=\"wp-block-image size-large\"><a href=\"https:\/\/photocentrum-berlin.de\/pk\/chaos-und-ordnung\/wp-content\/uploads\/sites\/2\/2024\/12\/3_Mein-Blick-zurueck_Anne_a.jpg\"><img loading=\"lazy\" decoding=\"async\" width=\"1024\" height=\"683\" data-id=\"475\" src=\"https:\/\/photocentrum-berlin.de\/pk\/chaos-und-ordnung\/wp-content\/uploads\/sites\/2\/2024\/12\/3_Mein-Blick-zurueck_Anne_a-1024x683.jpg\" alt=\"\" class=\"wp-image-475\" srcset=\"https:\/\/photocentrum-berlin.de\/pk\/chaos-und-ordnung\/wp-content\/uploads\/sites\/2\/2024\/12\/3_Mein-Blick-zurueck_Anne_a-1024x683.jpg 1024w, https:\/\/photocentrum-berlin.de\/pk\/chaos-und-ordnung\/wp-content\/uploads\/sites\/2\/2024\/12\/3_Mein-Blick-zurueck_Anne_a-300x200.jpg 300w, https:\/\/photocentrum-berlin.de\/pk\/chaos-und-ordnung\/wp-content\/uploads\/sites\/2\/2024\/12\/3_Mein-Blick-zurueck_Anne_a-768x512.jpg 768w, https:\/\/photocentrum-berlin.de\/pk\/chaos-und-ordnung\/wp-content\/uploads\/sites\/2\/2024\/12\/3_Mein-Blick-zurueck_Anne_a-1536x1024.jpg 1536w, https:\/\/photocentrum-berlin.de\/pk\/chaos-und-ordnung\/wp-content\/uploads\/sites\/2\/2024\/12\/3_Mein-Blick-zurueck_Anne_a-2048x1366.jpg 2048w\" sizes=\"auto, (max-width: 1024px) 100vw, 1024px\" \/><\/a><\/figure>\n\n\n\n<figure class=\"wp-block-image size-large\"><a href=\"https:\/\/photocentrum-berlin.de\/pk\/chaos-und-ordnung\/wp-content\/uploads\/sites\/2\/2024\/12\/12_Mein-Blick-zurueck_Anne_b.jpg\"><img loading=\"lazy\" decoding=\"async\" width=\"1024\" height=\"683\" data-id=\"483\" src=\"https:\/\/photocentrum-berlin.de\/pk\/chaos-und-ordnung\/wp-content\/uploads\/sites\/2\/2024\/12\/12_Mein-Blick-zurueck_Anne_b-1024x683.jpg\" alt=\"\" class=\"wp-image-483\" srcset=\"https:\/\/photocentrum-berlin.de\/pk\/chaos-und-ordnung\/wp-content\/uploads\/sites\/2\/2024\/12\/12_Mein-Blick-zurueck_Anne_b-1024x683.jpg 1024w, https:\/\/photocentrum-berlin.de\/pk\/chaos-und-ordnung\/wp-content\/uploads\/sites\/2\/2024\/12\/12_Mein-Blick-zurueck_Anne_b-300x200.jpg 300w, https:\/\/photocentrum-berlin.de\/pk\/chaos-und-ordnung\/wp-content\/uploads\/sites\/2\/2024\/12\/12_Mein-Blick-zurueck_Anne_b-768x512.jpg 768w, https:\/\/photocentrum-berlin.de\/pk\/chaos-und-ordnung\/wp-content\/uploads\/sites\/2\/2024\/12\/12_Mein-Blick-zurueck_Anne_b-1536x1024.jpg 1536w, https:\/\/photocentrum-berlin.de\/pk\/chaos-und-ordnung\/wp-content\/uploads\/sites\/2\/2024\/12\/12_Mein-Blick-zurueck_Anne_b-2048x1366.jpg 2048w\" sizes=\"auto, (max-width: 1024px) 100vw, 1024px\" \/><\/a><\/figure>\n\n\n\n<figure class=\"wp-block-image size-large\"><a href=\"https:\/\/photocentrum-berlin.de\/pk\/chaos-und-ordnung\/wp-content\/uploads\/sites\/2\/2024\/12\/4_Mein-Blick-zurueck_Anne_c.jpg\"><img loading=\"lazy\" decoding=\"async\" width=\"1024\" height=\"683\" data-id=\"476\" src=\"https:\/\/photocentrum-berlin.de\/pk\/chaos-und-ordnung\/wp-content\/uploads\/sites\/2\/2024\/12\/4_Mein-Blick-zurueck_Anne_c-1024x683.jpg\" alt=\"\" class=\"wp-image-476\" srcset=\"https:\/\/photocentrum-berlin.de\/pk\/chaos-und-ordnung\/wp-content\/uploads\/sites\/2\/2024\/12\/4_Mein-Blick-zurueck_Anne_c-1024x683.jpg 1024w, https:\/\/photocentrum-berlin.de\/pk\/chaos-und-ordnung\/wp-content\/uploads\/sites\/2\/2024\/12\/4_Mein-Blick-zurueck_Anne_c-300x200.jpg 300w, https:\/\/photocentrum-berlin.de\/pk\/chaos-und-ordnung\/wp-content\/uploads\/sites\/2\/2024\/12\/4_Mein-Blick-zurueck_Anne_c-768x512.jpg 768w, https:\/\/photocentrum-berlin.de\/pk\/chaos-und-ordnung\/wp-content\/uploads\/sites\/2\/2024\/12\/4_Mein-Blick-zurueck_Anne_c-1536x1024.jpg 1536w, https:\/\/photocentrum-berlin.de\/pk\/chaos-und-ordnung\/wp-content\/uploads\/sites\/2\/2024\/12\/4_Mein-Blick-zurueck_Anne_c-2048x1365.jpg 2048w\" sizes=\"auto, (max-width: 1024px) 100vw, 1024px\" \/><\/a><\/figure>\n\n\n\n<figure class=\"wp-block-image size-large\"><a href=\"https:\/\/photocentrum-berlin.de\/pk\/chaos-und-ordnung\/wp-content\/uploads\/sites\/2\/2024\/12\/7_Alter-ego_Anne_a.jpg\"><img loading=\"lazy\" decoding=\"async\" width=\"1024\" height=\"683\" data-id=\"479\" src=\"https:\/\/photocentrum-berlin.de\/pk\/chaos-und-ordnung\/wp-content\/uploads\/sites\/2\/2024\/12\/7_Alter-ego_Anne_a-1024x683.jpg\" alt=\"\" class=\"wp-image-479\" srcset=\"https:\/\/photocentrum-berlin.de\/pk\/chaos-und-ordnung\/wp-content\/uploads\/sites\/2\/2024\/12\/7_Alter-ego_Anne_a-1024x683.jpg 1024w, https:\/\/photocentrum-berlin.de\/pk\/chaos-und-ordnung\/wp-content\/uploads\/sites\/2\/2024\/12\/7_Alter-ego_Anne_a-300x200.jpg 300w, https:\/\/photocentrum-berlin.de\/pk\/chaos-und-ordnung\/wp-content\/uploads\/sites\/2\/2024\/12\/7_Alter-ego_Anne_a-768x512.jpg 768w, https:\/\/photocentrum-berlin.de\/pk\/chaos-und-ordnung\/wp-content\/uploads\/sites\/2\/2024\/12\/7_Alter-ego_Anne_a-1536x1024.jpg 1536w, https:\/\/photocentrum-berlin.de\/pk\/chaos-und-ordnung\/wp-content\/uploads\/sites\/2\/2024\/12\/7_Alter-ego_Anne_a-2048x1365.jpg 2048w\" sizes=\"auto, (max-width: 1024px) 100vw, 1024px\" \/><\/a><\/figure>\n\n\n\n<figure class=\"wp-block-image size-large\"><a href=\"https:\/\/photocentrum-berlin.de\/pk\/chaos-und-ordnung\/wp-content\/uploads\/sites\/2\/2024\/12\/8_Alter-ego_Anne_b.jpg\"><img loading=\"lazy\" decoding=\"async\" width=\"1024\" height=\"683\" data-id=\"480\" src=\"https:\/\/photocentrum-berlin.de\/pk\/chaos-und-ordnung\/wp-content\/uploads\/sites\/2\/2024\/12\/8_Alter-ego_Anne_b-1024x683.jpg\" alt=\"\" class=\"wp-image-480\" srcset=\"https:\/\/photocentrum-berlin.de\/pk\/chaos-und-ordnung\/wp-content\/uploads\/sites\/2\/2024\/12\/8_Alter-ego_Anne_b-1024x683.jpg 1024w, https:\/\/photocentrum-berlin.de\/pk\/chaos-und-ordnung\/wp-content\/uploads\/sites\/2\/2024\/12\/8_Alter-ego_Anne_b-300x200.jpg 300w, https:\/\/photocentrum-berlin.de\/pk\/chaos-und-ordnung\/wp-content\/uploads\/sites\/2\/2024\/12\/8_Alter-ego_Anne_b-768x512.jpg 768w, https:\/\/photocentrum-berlin.de\/pk\/chaos-und-ordnung\/wp-content\/uploads\/sites\/2\/2024\/12\/8_Alter-ego_Anne_b-1536x1024.jpg 1536w, https:\/\/photocentrum-berlin.de\/pk\/chaos-und-ordnung\/wp-content\/uploads\/sites\/2\/2024\/12\/8_Alter-ego_Anne_b-2048x1365.jpg 2048w\" sizes=\"auto, (max-width: 1024px) 100vw, 1024px\" \/><\/a><\/figure>\n\n\n\n<figure class=\"wp-block-image size-large\"><a href=\"https:\/\/photocentrum-berlin.de\/pk\/chaos-und-ordnung\/wp-content\/uploads\/sites\/2\/2024\/12\/13_Alter-ego_Anne_c.jpg\"><img loading=\"lazy\" decoding=\"async\" width=\"1024\" height=\"683\" data-id=\"484\" src=\"https:\/\/photocentrum-berlin.de\/pk\/chaos-und-ordnung\/wp-content\/uploads\/sites\/2\/2024\/12\/13_Alter-ego_Anne_c-1024x683.jpg\" alt=\"\" class=\"wp-image-484\" srcset=\"https:\/\/photocentrum-berlin.de\/pk\/chaos-und-ordnung\/wp-content\/uploads\/sites\/2\/2024\/12\/13_Alter-ego_Anne_c-1024x683.jpg 1024w, https:\/\/photocentrum-berlin.de\/pk\/chaos-und-ordnung\/wp-content\/uploads\/sites\/2\/2024\/12\/13_Alter-ego_Anne_c-300x200.jpg 300w, https:\/\/photocentrum-berlin.de\/pk\/chaos-und-ordnung\/wp-content\/uploads\/sites\/2\/2024\/12\/13_Alter-ego_Anne_c-768x512.jpg 768w, https:\/\/photocentrum-berlin.de\/pk\/chaos-und-ordnung\/wp-content\/uploads\/sites\/2\/2024\/12\/13_Alter-ego_Anne_c-1536x1024.jpg 1536w, https:\/\/photocentrum-berlin.de\/pk\/chaos-und-ordnung\/wp-content\/uploads\/sites\/2\/2024\/12\/13_Alter-ego_Anne_c-2048x1365.jpg 2048w\" sizes=\"auto, (max-width: 1024px) 100vw, 1024px\" \/><\/a><\/figure>\n\n\n\n<figure class=\"wp-block-image size-large\"><a href=\"https:\/\/photocentrum-berlin.de\/pk\/chaos-und-ordnung\/wp-content\/uploads\/sites\/2\/2024\/12\/6_Bauchgefuehl_Anne_b-rotated.jpg\"><img loading=\"lazy\" decoding=\"async\" width=\"683\" height=\"1024\" data-id=\"478\" src=\"https:\/\/photocentrum-berlin.de\/pk\/chaos-und-ordnung\/wp-content\/uploads\/sites\/2\/2024\/12\/6_Bauchgefuehl_Anne_b-683x1024.jpg\" alt=\"\" class=\"wp-image-478\" srcset=\"https:\/\/photocentrum-berlin.de\/pk\/chaos-und-ordnung\/wp-content\/uploads\/sites\/2\/2024\/12\/6_Bauchgefuehl_Anne_b-683x1024.jpg 683w, https:\/\/photocentrum-berlin.de\/pk\/chaos-und-ordnung\/wp-content\/uploads\/sites\/2\/2024\/12\/6_Bauchgefuehl_Anne_b-200x300.jpg 200w, https:\/\/photocentrum-berlin.de\/pk\/chaos-und-ordnung\/wp-content\/uploads\/sites\/2\/2024\/12\/6_Bauchgefuehl_Anne_b-768x1152.jpg 768w, https:\/\/photocentrum-berlin.de\/pk\/chaos-und-ordnung\/wp-content\/uploads\/sites\/2\/2024\/12\/6_Bauchgefuehl_Anne_b-1024x1536.jpg 1024w, https:\/\/photocentrum-berlin.de\/pk\/chaos-und-ordnung\/wp-content\/uploads\/sites\/2\/2024\/12\/6_Bauchgefuehl_Anne_b-1365x2048.jpg 1365w, https:\/\/photocentrum-berlin.de\/pk\/chaos-und-ordnung\/wp-content\/uploads\/sites\/2\/2024\/12\/6_Bauchgefuehl_Anne_b-rotated.jpg 1533w\" sizes=\"auto, (max-width: 683px) 100vw, 683px\" \/><\/a><\/figure>\n\n\n\n<figure class=\"wp-block-image size-large\"><a href=\"https:\/\/photocentrum-berlin.de\/pk\/chaos-und-ordnung\/wp-content\/uploads\/sites\/2\/2024\/12\/14_Bauchgefuehl_Anne_c-rotated.jpg\"><img loading=\"lazy\" decoding=\"async\" width=\"683\" height=\"1024\" data-id=\"485\" src=\"https:\/\/photocentrum-berlin.de\/pk\/chaos-und-ordnung\/wp-content\/uploads\/sites\/2\/2024\/12\/14_Bauchgefuehl_Anne_c-683x1024.jpg\" alt=\"\" class=\"wp-image-485\" srcset=\"https:\/\/photocentrum-berlin.de\/pk\/chaos-und-ordnung\/wp-content\/uploads\/sites\/2\/2024\/12\/14_Bauchgefuehl_Anne_c-683x1024.jpg 683w, https:\/\/photocentrum-berlin.de\/pk\/chaos-und-ordnung\/wp-content\/uploads\/sites\/2\/2024\/12\/14_Bauchgefuehl_Anne_c-200x300.jpg 200w, https:\/\/photocentrum-berlin.de\/pk\/chaos-und-ordnung\/wp-content\/uploads\/sites\/2\/2024\/12\/14_Bauchgefuehl_Anne_c-768x1152.jpg 768w, https:\/\/photocentrum-berlin.de\/pk\/chaos-und-ordnung\/wp-content\/uploads\/sites\/2\/2024\/12\/14_Bauchgefuehl_Anne_c-1024x1536.jpg 1024w, https:\/\/photocentrum-berlin.de\/pk\/chaos-und-ordnung\/wp-content\/uploads\/sites\/2\/2024\/12\/14_Bauchgefuehl_Anne_c-1365x2048.jpg 1365w, https:\/\/photocentrum-berlin.de\/pk\/chaos-und-ordnung\/wp-content\/uploads\/sites\/2\/2024\/12\/14_Bauchgefuehl_Anne_c-rotated.jpg 1533w\" sizes=\"auto, (max-width: 683px) 100vw, 683px\" \/><\/a><\/figure>\n\n\n\n<figure class=\"wp-block-image size-large\"><a href=\"https:\/\/photocentrum-berlin.de\/pk\/chaos-und-ordnung\/wp-content\/uploads\/sites\/2\/2024\/12\/5_Bauchgefuehl_Anne_a-rotated.jpg\"><img loading=\"lazy\" decoding=\"async\" width=\"683\" height=\"1024\" data-id=\"477\" src=\"https:\/\/photocentrum-berlin.de\/pk\/chaos-und-ordnung\/wp-content\/uploads\/sites\/2\/2024\/12\/5_Bauchgefuehl_Anne_a-683x1024.jpg\" alt=\"\" class=\"wp-image-477\" srcset=\"https:\/\/photocentrum-berlin.de\/pk\/chaos-und-ordnung\/wp-content\/uploads\/sites\/2\/2024\/12\/5_Bauchgefuehl_Anne_a-683x1024.jpg 683w, https:\/\/photocentrum-berlin.de\/pk\/chaos-und-ordnung\/wp-content\/uploads\/sites\/2\/2024\/12\/5_Bauchgefuehl_Anne_a-200x300.jpg 200w, https:\/\/photocentrum-berlin.de\/pk\/chaos-und-ordnung\/wp-content\/uploads\/sites\/2\/2024\/12\/5_Bauchgefuehl_Anne_a-768x1152.jpg 768w, https:\/\/photocentrum-berlin.de\/pk\/chaos-und-ordnung\/wp-content\/uploads\/sites\/2\/2024\/12\/5_Bauchgefuehl_Anne_a-1024x1536.jpg 1024w, https:\/\/photocentrum-berlin.de\/pk\/chaos-und-ordnung\/wp-content\/uploads\/sites\/2\/2024\/12\/5_Bauchgefuehl_Anne_a-1365x2048.jpg 1365w, https:\/\/photocentrum-berlin.de\/pk\/chaos-und-ordnung\/wp-content\/uploads\/sites\/2\/2024\/12\/5_Bauchgefuehl_Anne_a-rotated.jpg 1533w\" sizes=\"auto, (max-width: 683px) 100vw, 683px\" \/><\/a><\/figure>\n<\/figure>\n\n\n\n<p class=\"has-small-font-size\"><a href=\"mailto:goldfrau@googlemail.com\">goldfrau@googlemail.com<\/a><\/p>\n\n\n\n<p><\/p>\n","protected":false},"excerpt":{"rendered":"<p>Mein Blick zur\u00fcck Gesundheit \u2013 ein Synonym f\u00fcr Ordnung? Bedeutet Krankheit also Chaos im K\u00f6rper? Eine Diagnose mit Therapien, die mich ins k\u00f6rperliche, emotionale und psychische Chaos st\u00fcrzen. Nichts ist mehr wie zuvor. Trotzdem versuche ich \u2013 immer l\u00e4chelnd \u2013 zumindest \u00e4u\u00dfere Ordnung zu wahren! Die Fotos von damals habe ich lange nicht angeschaut. Bis &#8230; <a title=\"Anne Goldmann\" class=\"read-more\" href=\"https:\/\/photocentrum-berlin.de\/pk\/chaos-und-ordnung\/anne-goldmann\/\" aria-label=\"Mehr Informationen \u00fcber Anne Goldmann\">Weiterlesen<\/a><\/p>\n","protected":false},"author":3,"featured_media":0,"parent":0,"menu_order":0,"comment_status":"closed","ping_status":"closed","template":"","meta":{"footnotes":""},"class_list":["post-251","page","type-page","status-publish"],"_links":{"self":[{"href":"https:\/\/photocentrum-berlin.de\/pk\/chaos-und-ordnung\/wp-json\/wp\/v2\/pages\/251","targetHints":{"allow":["GET"]}}],"collection":[{"href":"https:\/\/photocentrum-berlin.de\/pk\/chaos-und-ordnung\/wp-json\/wp\/v2\/pages"}],"about":[{"href":"https:\/\/photocentrum-berlin.de\/pk\/chaos-und-ordnung\/wp-json\/wp\/v2\/types\/page"}],"author":[{"embeddable":true,"href":"https:\/\/photocentrum-berlin.de\/pk\/chaos-und-ordnung\/wp-json\/wp\/v2\/users\/3"}],"replies":[{"embeddable":true,"href":"https:\/\/photocentrum-berlin.de\/pk\/chaos-und-ordnung\/wp-json\/wp\/v2\/comments?post=251"}],"version-history":[{"count":10,"href":"https:\/\/photocentrum-berlin.de\/pk\/chaos-und-ordnung\/wp-json\/wp\/v2\/pages\/251\/revisions"}],"predecessor-version":[{"id":535,"href":"https:\/\/photocentrum-berlin.de\/pk\/chaos-und-ordnung\/wp-json\/wp\/v2\/pages\/251\/revisions\/535"}],"wp:attachment":[{"href":"https:\/\/photocentrum-berlin.de\/pk\/chaos-und-ordnung\/wp-json\/wp\/v2\/media?parent=251"}],"curies":[{"name":"wp","href":"https:\/\/api.w.org\/{rel}","templated":true}]}}