{"id":91,"date":"2024-10-04T09:52:42","date_gmt":"2024-10-04T07:52:42","guid":{"rendered":"https:\/\/photocentrum-berlin.de\/pk\/chaos-und-ordnung\/?page_id=91"},"modified":"2025-02-16T09:15:01","modified_gmt":"2025-02-16T08:15:01","slug":"l-kobel","status":"publish","type":"page","link":"https:\/\/photocentrum-berlin.de\/pk\/chaos-und-ordnung\/l-kobel\/","title":{"rendered":"Lotte Kobel"},"content":{"rendered":"\n<p class=\"has-medium-font-size\">Wir behaupten die G\u00e4rten<\/p>\n\n\n\n<p>Wir behaupten die G\u00e4rten ist eine Arbeit \u00fcber Krankheit und Sterben. Sie reflektiert deren Platz in unserer \u2013 zunehmend bilderhungrigen &#8211; Gesellschaft und unserem Gesundheitssystem. Denn auch in der Medizin bestimmen inzwischen Momentaufnahmen den Blick. Sie bef\u00f6rdern schnelle Gewissheiten. Fragen nach strukturellen Gegebenheiten, den eigenen W\u00fcnschen und \u00c4ngsten hingegen verschwinden.<\/p>\n\n\n\n<p><\/p>\n\n\n\n<figure class=\"wp-block-gallery has-nested-images columns-default is-cropped wp-block-gallery-1 is-layout-flex wp-block-gallery-is-layout-flex\">\n<figure class=\"wp-block-image size-large\"><a href=\"https:\/\/photocentrum-berlin.de\/pk\/chaos-und-ordnung\/wp-content\/uploads\/sites\/2\/2024\/10\/LCO13_web-e1728318530504.jpg\"><img loading=\"lazy\" decoding=\"async\" width=\"450\" height=\"600\" data-id=\"100\" src=\"https:\/\/photocentrum-berlin.de\/pk\/chaos-und-ordnung\/wp-content\/uploads\/sites\/2\/2024\/10\/LCO13_web-e1728318530504.jpg\" alt=\"\" class=\"wp-image-100\" \/><\/a><\/figure>\n\n\n\n<figure class=\"wp-block-image size-large\"><a href=\"https:\/\/photocentrum-berlin.de\/pk\/chaos-und-ordnung\/wp-content\/uploads\/sites\/2\/2024\/10\/LCO14_web.jpg\"><img loading=\"lazy\" decoding=\"async\" width=\"450\" height=\"600\" data-id=\"101\" src=\"https:\/\/photocentrum-berlin.de\/pk\/chaos-und-ordnung\/wp-content\/uploads\/sites\/2\/2024\/10\/LCO14_web.jpg\" alt=\"\" class=\"wp-image-101\" srcset=\"https:\/\/photocentrum-berlin.de\/pk\/chaos-und-ordnung\/wp-content\/uploads\/sites\/2\/2024\/10\/LCO14_web.jpg 450w, https:\/\/photocentrum-berlin.de\/pk\/chaos-und-ordnung\/wp-content\/uploads\/sites\/2\/2024\/10\/LCO14_web-225x300.jpg 225w\" sizes=\"auto, (max-width: 450px) 100vw, 450px\" \/><\/a><\/figure>\n\n\n\n<figure class=\"wp-block-image size-large\"><a href=\"https:\/\/photocentrum-berlin.de\/pk\/chaos-und-ordnung\/wp-content\/uploads\/sites\/2\/2024\/10\/LCO7_web.jpg\"><img loading=\"lazy\" decoding=\"async\" width=\"450\" height=\"600\" data-id=\"99\" src=\"https:\/\/photocentrum-berlin.de\/pk\/chaos-und-ordnung\/wp-content\/uploads\/sites\/2\/2024\/10\/LCO7_web.jpg\" alt=\"\" class=\"wp-image-99\" srcset=\"https:\/\/photocentrum-berlin.de\/pk\/chaos-und-ordnung\/wp-content\/uploads\/sites\/2\/2024\/10\/LCO7_web.jpg 450w, https:\/\/photocentrum-berlin.de\/pk\/chaos-und-ordnung\/wp-content\/uploads\/sites\/2\/2024\/10\/LCO7_web-225x300.jpg 225w\" sizes=\"auto, (max-width: 450px) 100vw, 450px\" \/><\/a><\/figure>\n<\/figure>\n\n\n\n<p><\/p>\n\n\n\n<div class=\"wp-block-columns is-layout-flex wp-container-core-columns-is-layout-9d6595d7 wp-block-columns-is-layout-flex\">\n<div class=\"wp-block-column is-layout-flow wp-block-column-is-layout-flow\" style=\"flex-basis:25%\"><\/div>\n\n\n\n<div class=\"wp-block-column is-layout-flow wp-block-column-is-layout-flow\" style=\"flex-basis:50%\">\n<figure class=\"gb-block-image gb-block-image-236e9b41\"><img loading=\"lazy\" decoding=\"async\" width=\"1350\" height=\"1800\" class=\"gb-image gb-image-236e9b41\" src=\"https:\/\/photocentrum-berlin.de\/pk\/chaos-und-ordnung\/wp-content\/uploads\/sites\/2\/2025\/02\/Amaryllis3x3.small_.jpg\" alt=\"\" title=\"Amaryllis3x3.small\" srcset=\"https:\/\/photocentrum-berlin.de\/pk\/chaos-und-ordnung\/wp-content\/uploads\/sites\/2\/2025\/02\/Amaryllis3x3.small_.jpg 1350w, https:\/\/photocentrum-berlin.de\/pk\/chaos-und-ordnung\/wp-content\/uploads\/sites\/2\/2025\/02\/Amaryllis3x3.small_-225x300.jpg 225w, https:\/\/photocentrum-berlin.de\/pk\/chaos-und-ordnung\/wp-content\/uploads\/sites\/2\/2025\/02\/Amaryllis3x3.small_-768x1024.jpg 768w, https:\/\/photocentrum-berlin.de\/pk\/chaos-und-ordnung\/wp-content\/uploads\/sites\/2\/2025\/02\/Amaryllis3x3.small_-1152x1536.jpg 1152w\" sizes=\"auto, (max-width: 1350px) 100vw, 1350px\" \/><\/figure>\n<\/div>\n\n\n\n<div class=\"wp-block-column is-layout-flow wp-block-column-is-layout-flow\" style=\"flex-basis:25%\"><\/div>\n<\/div>\n\n\n\n<div class=\"wp-block-columns is-layout-flex wp-container-core-columns-is-layout-9d6595d7 wp-block-columns-is-layout-flex\">\n<div class=\"wp-block-column is-layout-flow wp-block-column-is-layout-flow\" style=\"flex-basis:25%\"><\/div>\n\n\n\n<div class=\"wp-block-column is-layout-flow wp-block-column-is-layout-flow\" style=\"flex-basis:50%\">\n<figure class=\"gb-block-image gb-block-image-74327f83\"><img loading=\"lazy\" decoding=\"async\" width=\"1273\" height=\"1500\" class=\"gb-image gb-image-74327f83\" src=\"https:\/\/photocentrum-berlin.de\/pk\/chaos-und-ordnung\/wp-content\/uploads\/sites\/2\/2025\/02\/Hirnscan.jpg\" alt=\"\" title=\"Hirnscan\" srcset=\"https:\/\/photocentrum-berlin.de\/pk\/chaos-und-ordnung\/wp-content\/uploads\/sites\/2\/2025\/02\/Hirnscan.jpg 1273w, https:\/\/photocentrum-berlin.de\/pk\/chaos-und-ordnung\/wp-content\/uploads\/sites\/2\/2025\/02\/Hirnscan-255x300.jpg 255w, https:\/\/photocentrum-berlin.de\/pk\/chaos-und-ordnung\/wp-content\/uploads\/sites\/2\/2025\/02\/Hirnscan-869x1024.jpg 869w, https:\/\/photocentrum-berlin.de\/pk\/chaos-und-ordnung\/wp-content\/uploads\/sites\/2\/2025\/02\/Hirnscan-768x905.jpg 768w\" sizes=\"auto, (max-width: 1273px) 100vw, 1273px\" \/><\/figure>\n\n\n\n<p><\/p>\n\n\n\n<p>Die Chinesin, bei der ich meine Bestellung aufgebe: &#8222;Kommen Sie in 15 Minuten. Dann ist alles vorbei.&#8220;<\/p>\n<\/div>\n\n\n\n<div class=\"wp-block-column is-layout-flow wp-block-column-is-layout-flow\" style=\"flex-basis:25%\"><\/div>\n<\/div>\n\n\n\n<p><\/p>\n","protected":false},"excerpt":{"rendered":"<p>Wir behaupten die G\u00e4rten Wir behaupten die G\u00e4rten ist eine Arbeit \u00fcber Krankheit und Sterben. Sie reflektiert deren Platz in unserer \u2013 zunehmend bilderhungrigen &#8211; Gesellschaft und unserem Gesundheitssystem. Denn auch in der Medizin bestimmen inzwischen Momentaufnahmen den Blick. Sie bef\u00f6rdern schnelle Gewissheiten. Fragen nach strukturellen Gegebenheiten, den eigenen W\u00fcnschen und \u00c4ngsten hingegen verschwinden. Die &#8230; <a title=\"Lotte Kobel\" class=\"read-more\" href=\"https:\/\/photocentrum-berlin.de\/pk\/chaos-und-ordnung\/l-kobel\/\" aria-label=\"Mehr Informationen \u00fcber Lotte Kobel\">Weiterlesen<\/a><\/p>\n","protected":false},"author":3,"featured_media":0,"parent":0,"menu_order":0,"comment_status":"closed","ping_status":"closed","template":"","meta":{"footnotes":""},"class_list":["post-91","page","type-page","status-publish"],"_links":{"self":[{"href":"https:\/\/photocentrum-berlin.de\/pk\/chaos-und-ordnung\/wp-json\/wp\/v2\/pages\/91","targetHints":{"allow":["GET"]}}],"collection":[{"href":"https:\/\/photocentrum-berlin.de\/pk\/chaos-und-ordnung\/wp-json\/wp\/v2\/pages"}],"about":[{"href":"https:\/\/photocentrum-berlin.de\/pk\/chaos-und-ordnung\/wp-json\/wp\/v2\/types\/page"}],"author":[{"embeddable":true,"href":"https:\/\/photocentrum-berlin.de\/pk\/chaos-und-ordnung\/wp-json\/wp\/v2\/users\/3"}],"replies":[{"embeddable":true,"href":"https:\/\/photocentrum-berlin.de\/pk\/chaos-und-ordnung\/wp-json\/wp\/v2\/comments?post=91"}],"version-history":[{"count":28,"href":"https:\/\/photocentrum-berlin.de\/pk\/chaos-und-ordnung\/wp-json\/wp\/v2\/pages\/91\/revisions"}],"predecessor-version":[{"id":554,"href":"https:\/\/photocentrum-berlin.de\/pk\/chaos-und-ordnung\/wp-json\/wp\/v2\/pages\/91\/revisions\/554"}],"wp:attachment":[{"href":"https:\/\/photocentrum-berlin.de\/pk\/chaos-und-ordnung\/wp-json\/wp\/v2\/media?parent=91"}],"curies":[{"name":"wp","href":"https:\/\/api.w.org\/{rel}","templated":true}]}}