{"id":109,"date":"2024-06-25T16:11:11","date_gmt":"2024-06-25T16:11:11","guid":{"rendered":"https:\/\/das-leben-der-dinge.exhibit.photocentrum.de\/?page_id=109"},"modified":"2025-12-09T19:15:37","modified_gmt":"2025-12-09T18:15:37","slug":"fotografie-im-dialog","status":"publish","type":"page","link":"https:\/\/photocentrum-berlin.de\/pk\/fotografie-im-dialog\/","title":{"rendered":"Ausstellung"},"content":{"rendered":"\n<div class=\"wp-block-columns is-layout-flex wp-container-core-columns-is-layout-9d6595d7 wp-block-columns-is-layout-flex\">\n<div class=\"wp-block-column is-layout-flow wp-block-column-is-layout-flow\" style=\"flex-basis:33.33%\">\n<figure class=\"wp-block-image size-full is-resized\"><img loading=\"lazy\" decoding=\"async\" width=\"1020\" height=\"1020\" src=\"https:\/\/photocentrum-berlin.de\/pk\/fotografie-im-dialog\/wp-content\/uploads\/sites\/5\/2025\/11\/P6230222sw-tuerkis2-edited.jpg\" alt=\"\" class=\"wp-image-1226\" style=\"width:350px;height:auto\" srcset=\"https:\/\/photocentrum-berlin.de\/pk\/fotografie-im-dialog\/wp-content\/uploads\/sites\/5\/2025\/11\/P6230222sw-tuerkis2-edited.jpg 1020w, https:\/\/photocentrum-berlin.de\/pk\/fotografie-im-dialog\/wp-content\/uploads\/sites\/5\/2025\/11\/P6230222sw-tuerkis2-edited-300x300.jpg 300w, https:\/\/photocentrum-berlin.de\/pk\/fotografie-im-dialog\/wp-content\/uploads\/sites\/5\/2025\/11\/P6230222sw-tuerkis2-edited-150x150.jpg 150w, https:\/\/photocentrum-berlin.de\/pk\/fotografie-im-dialog\/wp-content\/uploads\/sites\/5\/2025\/11\/P6230222sw-tuerkis2-edited-768x768.jpg 768w\" sizes=\"auto, (max-width: 1020px) 100vw, 1020px\" \/><\/figure>\n<\/div>\n\n\n\n<div class=\"wp-block-column is-layout-flow wp-block-column-is-layout-flow\" style=\"flex-basis:66.66%\">\n<h6 class=\"wp-block-heading\"><strong>Ausstellung vom 13. bis 20. Dezember 2025<\/strong><\/h6>\n\n\n\n<p>Vernissage am 12.12.2025 um 19:00 Uhr mit <br>Performance: <a href=\"https:\/\/photocentrum-berlin.de\/pk\/fotografie-im-dialog\/fotografie-im-dialog\/performance\/\" data-type=\"page\" data-id=\"1290\">Resonanzr\u00e4ume \u2013 zwischen Bild und Geste<\/a><\/p>\n\n\n\n<p>K\u00fcnstlergespr\u00e4che &amp; Finissage am 20.12.2025 um 16:00 Uhr<\/p>\n\n\n\n<p><strong>Projektraum im <a href=\"https:\/\/www.google.com\/maps\/place\/Kunstquartier+Bethanien\/@52.5038998,13.4242629,17z\/data=!3m2!4b1!5s0x47a84e368d892799:0x8fccd13038526505!4m6!3m5!1s0x47a84e36bd198a0b:0x5fc24060118f134a!8m2!3d52.5038998!4d13.4242629!16s%2Fg%2F11bbt67xtl?entry=ttu&amp;g_ep=EgoyMDI1MTAyOS4yIKXMDSoASAFQAw%3D%3Dw.google.com\/maps\/place\/Kunstquartier%2BBethanien\/@52.5038998,13.421688,17z\/data%3D!3m2!4b1!5s0x47a84e368d892799:0x8fccd13038526505!4m6!3m5!1s0x47a84e36bd198a0b:0x5fc24060118f134a!8m2!3d52.5038998!4d13.4242629!16s%252Fg%252F11bbt67xtl?entry%3Dttu%26g_ep%3DEgoyMDI1MDYxMS4wIKXMDSoASAFQAw%253D%253D&amp;gl=DE&amp;m=0&amp;pc=m&amp;uxe=eomtm&amp;cm=2&amp;hl=de&amp;src=1log\/datenschutzerklaerung\/\" data-type=\"page\" data-id=\"17\">Kunstquartier Bethanien<\/a><\/strong><br>Mariannenplatz 2, 10997 Berlin<br>\u00d6ffnungszeiten: 14\u201320 Uhr (Mo.-Fr.): 12-18 Uhr (Sa.\/So.)<\/p>\n\n\n\n<p>Mit Arbeiten von <a href=\"https:\/\/photocentrum-berlin.de\/pk\/fotografie-im-dialog\/teilnehmende\/serpil-ayguen\/\" data-type=\"page\" data-id=\"437\">Serpil Ayg\u00fcn<\/a>, <a href=\"https:\/\/photocentrum-berlin.de\/pk\/fotografie-im-dialog\/teilnehmende\/astrid-fischer\/\" data-type=\"page\" data-id=\"470\">Astrid Fischer<\/a>, <a href=\"https:\/\/photocentrum-berlin.de\/pk\/fotografie-im-dialog\/teilnehmende\/andreas-helle\/\" data-type=\"page\" data-id=\"490\">Andreas Helle<\/a>, <a href=\"https:\/\/photocentrum-berlin.de\/pk\/fotografie-im-dialog\/teilnehmende\/manon\/\" data-type=\"page\" data-id=\"499\">Manon<\/a>, <a href=\"https:\/\/photocentrum-berlin.de\/pk\/fotografie-im-dialog\/teilnehmende\/hilla-hoehl\/\" data-type=\"page\" data-id=\"515\">Hilla Hoehl<\/a>, <a href=\"https:\/\/photocentrum-berlin.de\/pk\/fotografie-im-dialog\/teilnehmende\/astrid-jasse\/\" data-type=\"page\" data-id=\"517\">Astrid Jasse<\/a>, <a href=\"https:\/\/photocentrum-berlin.de\/pk\/fotografie-im-dialog\/teilnehmende\/lothar-koehler\/\" data-type=\"page\" data-id=\"519\">Lothar K\u00f6hler<\/a>, <a href=\"https:\/\/photocentrum-berlin.de\/pk\/fotografie-im-dialog\/teilnehmende\/klaus-maurer\/\" data-type=\"page\" data-id=\"521\">Klaus Maurer<\/a>, <a href=\"https:\/\/photocentrum-berlin.de\/pk\/fotografie-im-dialog\/katharina-miegel\/\">Katharina Miegel<\/a>, <a href=\"https:\/\/photocentrum-berlin.de\/pk\/fotografie-im-dialog\/teilnehmende\/lea-mueller\/\" data-type=\"page\" data-id=\"523\">Lea M\u00fcller<\/a>, <a href=\"https:\/\/photocentrum-berlin.de\/pk\/fotografie-im-dialog\/teilnehmende\/ulrike-rau\/\" data-type=\"page\" data-id=\"525\">Ulrike Rau<\/a>, <a href=\"https:\/\/photocentrum-berlin.de\/pk\/fotografie-im-dialog\/teilnehmende\/juergen-schwarz\/\" data-type=\"page\" data-id=\"527\">J\u00fcrgen Schwarz<\/a>, <a href=\"https:\/\/photocentrum-berlin.de\/pk\/fotografie-im-dialog\/teilnehmende\/peggy-nicole-wille\/\" data-type=\"page\" data-id=\"596\">Peggy-Nicole Wille<\/a>.<\/p>\n<\/div>\n<\/div>\n\n\n\n<p><\/p>\n\n\n\n<div class=\"wp-block-columns is-layout-flex wp-container-core-columns-is-layout-9d6595d7 wp-block-columns-is-layout-flex\">\n<div class=\"wp-block-column is-layout-flow wp-block-column-is-layout-flow\">\n<figure class=\"wp-block-gallery has-nested-images columns-default is-cropped wp-block-gallery-1 is-layout-flex wp-block-gallery-is-layout-flex\">\n<figure class=\"wp-block-image size-large\"><a href=\"https:\/\/photocentrum-berlin.de\/pk\/fotografie-im-dialog\/teilnehmende\/astrid-jasse\/\" target=\"_blank\" rel=\" noreferrer noopener\"><img loading=\"lazy\" decoding=\"async\" width=\"684\" height=\"1024\" data-id=\"538\" src=\"https:\/\/photocentrum-berlin.de\/pk\/fotografie-im-dialog\/wp-content\/uploads\/sites\/5\/2025\/11\/Astrid_Jasse_Bahnhoefe_4web-684x1024.jpg\" alt=\"\" class=\"wp-image-538\" srcset=\"https:\/\/photocentrum-berlin.de\/pk\/fotografie-im-dialog\/wp-content\/uploads\/sites\/5\/2025\/11\/Astrid_Jasse_Bahnhoefe_4web-684x1024.jpg 684w, https:\/\/photocentrum-berlin.de\/pk\/fotografie-im-dialog\/wp-content\/uploads\/sites\/5\/2025\/11\/Astrid_Jasse_Bahnhoefe_4web-200x300.jpg 200w, https:\/\/photocentrum-berlin.de\/pk\/fotografie-im-dialog\/wp-content\/uploads\/sites\/5\/2025\/11\/Astrid_Jasse_Bahnhoefe_4web-768x1150.jpg 768w, https:\/\/photocentrum-berlin.de\/pk\/fotografie-im-dialog\/wp-content\/uploads\/sites\/5\/2025\/11\/Astrid_Jasse_Bahnhoefe_4web.jpg 1024w\" sizes=\"auto, (max-width: 684px) 100vw, 684px\" \/><\/a><\/figure>\n\n\n\n<figure class=\"wp-block-image size-large\"><a href=\"https:\/\/photocentrum-berlin.de\/pk\/fotografie-im-dialog\/teilnehmende\/hilla-hoehl\/\" target=\"_blank\" rel=\" noreferrer noopener\"><img loading=\"lazy\" decoding=\"async\" width=\"724\" height=\"1024\" data-id=\"558\" src=\"https:\/\/photocentrum-berlin.de\/pk\/fotografie-im-dialog\/wp-content\/uploads\/sites\/5\/2025\/11\/Hilla-04-Kopie-724x1024.jpg\" alt=\"\" class=\"wp-image-558\" srcset=\"https:\/\/photocentrum-berlin.de\/pk\/fotografie-im-dialog\/wp-content\/uploads\/sites\/5\/2025\/11\/Hilla-04-Kopie-724x1024.jpg 724w, https:\/\/photocentrum-berlin.de\/pk\/fotografie-im-dialog\/wp-content\/uploads\/sites\/5\/2025\/11\/Hilla-04-Kopie-212x300.jpg 212w, https:\/\/photocentrum-berlin.de\/pk\/fotografie-im-dialog\/wp-content\/uploads\/sites\/5\/2025\/11\/Hilla-04-Kopie-768x1086.jpg 768w, https:\/\/photocentrum-berlin.de\/pk\/fotografie-im-dialog\/wp-content\/uploads\/sites\/5\/2025\/11\/Hilla-04-Kopie.jpg 1024w\" sizes=\"auto, (max-width: 724px) 100vw, 724px\" \/><\/a><\/figure>\n\n\n\n<figure class=\"wp-block-image size-full\"><a href=\"https:\/\/photocentrum-berlin.de\/pk\/fotografie-im-dialog\/katharina-miegel\/\" target=\"_blank\" rel=\" noreferrer noopener\"><img loading=\"lazy\" decoding=\"async\" width=\"1024\" height=\"1015\" data-id=\"680\" src=\"https:\/\/photocentrum-berlin.de\/pk\/fotografie-im-dialog\/wp-content\/uploads\/sites\/5\/2025\/11\/K.Miegel_In_anderen_Raeumen-das_Licht.3web.jpg\" alt=\"\" class=\"wp-image-680\" srcset=\"https:\/\/photocentrum-berlin.de\/pk\/fotografie-im-dialog\/wp-content\/uploads\/sites\/5\/2025\/11\/K.Miegel_In_anderen_Raeumen-das_Licht.3web.jpg 1024w, https:\/\/photocentrum-berlin.de\/pk\/fotografie-im-dialog\/wp-content\/uploads\/sites\/5\/2025\/11\/K.Miegel_In_anderen_Raeumen-das_Licht.3web-300x297.jpg 300w, https:\/\/photocentrum-berlin.de\/pk\/fotografie-im-dialog\/wp-content\/uploads\/sites\/5\/2025\/11\/K.Miegel_In_anderen_Raeumen-das_Licht.3web-150x150.jpg 150w, https:\/\/photocentrum-berlin.de\/pk\/fotografie-im-dialog\/wp-content\/uploads\/sites\/5\/2025\/11\/K.Miegel_In_anderen_Raeumen-das_Licht.3web-768x761.jpg 768w\" sizes=\"auto, (max-width: 1024px) 100vw, 1024px\" \/><\/a><\/figure>\n\n\n\n<figure class=\"wp-block-image size-large\"><a href=\"https:\/\/photocentrum-berlin.de\/pk\/fotografie-im-dialog\/teilnehmende\/klaus-maurer\/\" target=\"_blank\" rel=\" noreferrer noopener\"><img loading=\"lazy\" decoding=\"async\" width=\"1024\" height=\"768\" data-id=\"561\" src=\"https:\/\/photocentrum-berlin.de\/pk\/fotografie-im-dialog\/wp-content\/uploads\/sites\/5\/2025\/11\/KlausMaurer_HumanNature_2A-web.jpg\" alt=\"\" class=\"wp-image-561\" srcset=\"https:\/\/photocentrum-berlin.de\/pk\/fotografie-im-dialog\/wp-content\/uploads\/sites\/5\/2025\/11\/KlausMaurer_HumanNature_2A-web.jpg 1024w, https:\/\/photocentrum-berlin.de\/pk\/fotografie-im-dialog\/wp-content\/uploads\/sites\/5\/2025\/11\/KlausMaurer_HumanNature_2A-web-300x225.jpg 300w, https:\/\/photocentrum-berlin.de\/pk\/fotografie-im-dialog\/wp-content\/uploads\/sites\/5\/2025\/11\/KlausMaurer_HumanNature_2A-web-768x576.jpg 768w\" sizes=\"auto, (max-width: 1024px) 100vw, 1024px\" \/><\/a><\/figure>\n\n\n\n<figure class=\"wp-block-image size-large\"><a href=\"https:\/\/photocentrum-berlin.de\/pk\/fotografie-im-dialog\/teilnehmende\/juergen-schwarz\/\" target=\"_blank\" rel=\" noreferrer noopener\"><img loading=\"lazy\" decoding=\"async\" width=\"1024\" height=\"791\" data-id=\"548\" src=\"https:\/\/photocentrum-berlin.de\/pk\/fotografie-im-dialog\/wp-content\/uploads\/sites\/5\/2025\/11\/juergen-7.jpg\" alt=\"\" class=\"wp-image-548\" srcset=\"https:\/\/photocentrum-berlin.de\/pk\/fotografie-im-dialog\/wp-content\/uploads\/sites\/5\/2025\/11\/juergen-7.jpg 1024w, https:\/\/photocentrum-berlin.de\/pk\/fotografie-im-dialog\/wp-content\/uploads\/sites\/5\/2025\/11\/juergen-7-300x232.jpg 300w, https:\/\/photocentrum-berlin.de\/pk\/fotografie-im-dialog\/wp-content\/uploads\/sites\/5\/2025\/11\/juergen-7-768x593.jpg 768w\" sizes=\"auto, (max-width: 1024px) 100vw, 1024px\" \/><\/a><\/figure>\n\n\n\n<figure class=\"wp-block-image size-large\"><a href=\"https:\/\/photocentrum-berlin.de\/pk\/fotografie-im-dialog\/teilnehmende\/andreas-helle\/\"><img loading=\"lazy\" decoding=\"async\" width=\"1024\" height=\"683\" data-id=\"494\" src=\"https:\/\/photocentrum-berlin.de\/pk\/fotografie-im-dialog\/wp-content\/uploads\/sites\/5\/2025\/11\/AHelle_Barbarei_Zivilisation_kat-3-web.jpg\" alt=\"\" class=\"wp-image-494\" srcset=\"https:\/\/photocentrum-berlin.de\/pk\/fotografie-im-dialog\/wp-content\/uploads\/sites\/5\/2025\/11\/AHelle_Barbarei_Zivilisation_kat-3-web.jpg 1024w, https:\/\/photocentrum-berlin.de\/pk\/fotografie-im-dialog\/wp-content\/uploads\/sites\/5\/2025\/11\/AHelle_Barbarei_Zivilisation_kat-3-web-300x200.jpg 300w, https:\/\/photocentrum-berlin.de\/pk\/fotografie-im-dialog\/wp-content\/uploads\/sites\/5\/2025\/11\/AHelle_Barbarei_Zivilisation_kat-3-web-768x512.jpg 768w\" sizes=\"auto, (max-width: 1024px) 100vw, 1024px\" \/><\/a><\/figure>\n<\/figure>\n<\/div>\n\n\n\n<div class=\"wp-block-column is-layout-flow wp-block-column-is-layout-flow\">\n<figure class=\"wp-block-gallery has-nested-images columns-default is-cropped wp-block-gallery-2 is-layout-flex wp-block-gallery-is-layout-flex\">\n<figure class=\"wp-block-image size-large\"><a href=\"https:\/\/photocentrum-berlin.de\/pk\/fotografie-im-dialog\/teilnehmende\/ulrike-rau\/\" target=\"_blank\" rel=\" noreferrer noopener\"><img loading=\"lazy\" decoding=\"async\" width=\"1600\" height=\"1200\" data-id=\"1275\" src=\"https:\/\/photocentrum-berlin.de\/pk\/fotografie-im-dialog\/wp-content\/uploads\/sites\/5\/2025\/11\/U.R_Heimathafen_01_web_251102-edited-2.jpg\" alt=\"\" class=\"wp-image-1275\" srcset=\"https:\/\/photocentrum-berlin.de\/pk\/fotografie-im-dialog\/wp-content\/uploads\/sites\/5\/2025\/11\/U.R_Heimathafen_01_web_251102-edited-2.jpg 1600w, https:\/\/photocentrum-berlin.de\/pk\/fotografie-im-dialog\/wp-content\/uploads\/sites\/5\/2025\/11\/U.R_Heimathafen_01_web_251102-edited-2-300x225.jpg 300w, https:\/\/photocentrum-berlin.de\/pk\/fotografie-im-dialog\/wp-content\/uploads\/sites\/5\/2025\/11\/U.R_Heimathafen_01_web_251102-edited-2-1024x768.jpg 1024w, https:\/\/photocentrum-berlin.de\/pk\/fotografie-im-dialog\/wp-content\/uploads\/sites\/5\/2025\/11\/U.R_Heimathafen_01_web_251102-edited-2-768x576.jpg 768w, https:\/\/photocentrum-berlin.de\/pk\/fotografie-im-dialog\/wp-content\/uploads\/sites\/5\/2025\/11\/U.R_Heimathafen_01_web_251102-edited-2-1536x1152.jpg 1536w\" sizes=\"auto, (max-width: 1600px) 100vw, 1600px\" \/><\/a><\/figure>\n<\/figure>\n<\/div>\n\n\n\n<div class=\"wp-block-column is-layout-flow wp-block-column-is-layout-flow\">\n<figure class=\"wp-block-gallery has-nested-images columns-default is-cropped wp-block-gallery-3 is-layout-flex wp-block-gallery-is-layout-flex\">\n<figure class=\"wp-block-image size-large\"><a href=\"https:\/\/photocentrum-berlin.de\/pk\/fotografie-im-dialog\/teilnehmende\/manon\/\"><img loading=\"lazy\" decoding=\"async\" width=\"640\" height=\"854\" data-id=\"1220\" src=\"https:\/\/photocentrum-berlin.de\/pk\/fotografie-im-dialog\/wp-content\/uploads\/sites\/5\/2025\/11\/ManonH_Leuchten_01-web-edited.jpg\" alt=\"\" class=\"wp-image-1220\" srcset=\"https:\/\/photocentrum-berlin.de\/pk\/fotografie-im-dialog\/wp-content\/uploads\/sites\/5\/2025\/11\/ManonH_Leuchten_01-web-edited.jpg 640w, https:\/\/photocentrum-berlin.de\/pk\/fotografie-im-dialog\/wp-content\/uploads\/sites\/5\/2025\/11\/ManonH_Leuchten_01-web-edited-225x300.jpg 225w\" sizes=\"auto, (max-width: 640px) 100vw, 640px\" \/><\/a><\/figure>\n\n\n\n<figure class=\"wp-block-image size-large\"><a href=\"https:\/\/photocentrum-berlin.de\/pk\/fotografie-im-dialog\/teilnehmende\/lea-mueller\/\"><img loading=\"lazy\" decoding=\"async\" width=\"680\" height=\"1024\" data-id=\"581\" src=\"https:\/\/photocentrum-berlin.de\/pk\/fotografie-im-dialog\/wp-content\/uploads\/sites\/5\/2025\/11\/Lea_4web-680x1024.jpg\" alt=\"\" class=\"wp-image-581\" srcset=\"https:\/\/photocentrum-berlin.de\/pk\/fotografie-im-dialog\/wp-content\/uploads\/sites\/5\/2025\/11\/Lea_4web-680x1024.jpg 680w, https:\/\/photocentrum-berlin.de\/pk\/fotografie-im-dialog\/wp-content\/uploads\/sites\/5\/2025\/11\/Lea_4web-199x300.jpg 199w, https:\/\/photocentrum-berlin.de\/pk\/fotografie-im-dialog\/wp-content\/uploads\/sites\/5\/2025\/11\/Lea_4web-768x1157.jpg 768w, https:\/\/photocentrum-berlin.de\/pk\/fotografie-im-dialog\/wp-content\/uploads\/sites\/5\/2025\/11\/Lea_4web-1020x1536.jpg 1020w, https:\/\/photocentrum-berlin.de\/pk\/fotografie-im-dialog\/wp-content\/uploads\/sites\/5\/2025\/11\/Lea_4web.jpg 1024w\" sizes=\"auto, (max-width: 680px) 100vw, 680px\" \/><\/a><\/figure>\n\n\n\n<figure class=\"wp-block-image size-large\"><a href=\"https:\/\/photocentrum-berlin.de\/pk\/fotografie-im-dialog\/teilnehmende\/peggy-nicole-wille\/\" target=\"_blank\" rel=\" noreferrer noopener\"><img loading=\"lazy\" decoding=\"async\" width=\"768\" height=\"1024\" data-id=\"602\" src=\"https:\/\/photocentrum-berlin.de\/pk\/fotografie-im-dialog\/wp-content\/uploads\/sites\/5\/2025\/11\/Peggy-Was-bleibt-Webseite-02-1.jpg\" alt=\"\" class=\"wp-image-602\" srcset=\"https:\/\/photocentrum-berlin.de\/pk\/fotografie-im-dialog\/wp-content\/uploads\/sites\/5\/2025\/11\/Peggy-Was-bleibt-Webseite-02-1.jpg 768w, https:\/\/photocentrum-berlin.de\/pk\/fotografie-im-dialog\/wp-content\/uploads\/sites\/5\/2025\/11\/Peggy-Was-bleibt-Webseite-02-1-225x300.jpg 225w\" sizes=\"auto, (max-width: 768px) 100vw, 768px\" \/><\/a><\/figure>\n\n\n\n<figure class=\"wp-block-image size-large\"><a href=\"https:\/\/photocentrum-berlin.de\/pk\/fotografie-im-dialog\/teilnehmende\/serpil-ayguen\/\" target=\"_blank\" rel=\" noreferrer noopener\"><img loading=\"lazy\" decoding=\"async\" width=\"1024\" height=\"683\" data-id=\"456\" src=\"https:\/\/photocentrum-berlin.de\/pk\/fotografie-im-dialog\/wp-content\/uploads\/sites\/5\/2025\/11\/serpilDSCF8514-3.jpg\" alt=\"\" class=\"wp-image-456\" srcset=\"https:\/\/photocentrum-berlin.de\/pk\/fotografie-im-dialog\/wp-content\/uploads\/sites\/5\/2025\/11\/serpilDSCF8514-3.jpg 1024w, https:\/\/photocentrum-berlin.de\/pk\/fotografie-im-dialog\/wp-content\/uploads\/sites\/5\/2025\/11\/serpilDSCF8514-3-300x200.jpg 300w, https:\/\/photocentrum-berlin.de\/pk\/fotografie-im-dialog\/wp-content\/uploads\/sites\/5\/2025\/11\/serpilDSCF8514-3-768x512.jpg 768w\" sizes=\"auto, (max-width: 1024px) 100vw, 1024px\" \/><\/a><\/figure>\n\n\n\n<figure class=\"wp-block-image size-large\"><a href=\"https:\/\/photocentrum-berlin.de\/pk\/fotografie-im-dialog\/teilnehmende\/lothar-koehler\/\"><img loading=\"lazy\" decoding=\"async\" width=\"1024\" height=\"764\" data-id=\"586\" src=\"https:\/\/photocentrum-berlin.de\/pk\/fotografie-im-dialog\/wp-content\/uploads\/sites\/5\/2025\/11\/L.Koehler_1_UrbaneStille-1-1024x764.jpg\" alt=\"\" class=\"wp-image-586\" srcset=\"https:\/\/photocentrum-berlin.de\/pk\/fotografie-im-dialog\/wp-content\/uploads\/sites\/5\/2025\/11\/L.Koehler_1_UrbaneStille-1-1024x764.jpg 1024w, https:\/\/photocentrum-berlin.de\/pk\/fotografie-im-dialog\/wp-content\/uploads\/sites\/5\/2025\/11\/L.Koehler_1_UrbaneStille-1-300x224.jpg 300w, https:\/\/photocentrum-berlin.de\/pk\/fotografie-im-dialog\/wp-content\/uploads\/sites\/5\/2025\/11\/L.Koehler_1_UrbaneStille-1-768x573.jpg 768w, https:\/\/photocentrum-berlin.de\/pk\/fotografie-im-dialog\/wp-content\/uploads\/sites\/5\/2025\/11\/L.Koehler_1_UrbaneStille-1.jpg 1161w\" sizes=\"auto, (max-width: 1024px) 100vw, 1024px\" \/><\/a><\/figure>\n\n\n\n<figure class=\"wp-block-image size-full\"><a href=\"https:\/\/photocentrum-berlin.de\/pk\/fotografie-im-dialog\/teilnehmende\/astrid-fischer\/\" target=\"_blank\" rel=\" noreferrer noopener\"><img loading=\"lazy\" decoding=\"async\" width=\"638\" height=\"422\" data-id=\"678\" src=\"https:\/\/photocentrum-berlin.de\/pk\/fotografie-im-dialog\/wp-content\/uploads\/sites\/5\/2025\/11\/Ameise.jpg\" alt=\"\" class=\"wp-image-678\" srcset=\"https:\/\/photocentrum-berlin.de\/pk\/fotografie-im-dialog\/wp-content\/uploads\/sites\/5\/2025\/11\/Ameise.jpg 638w, https:\/\/photocentrum-berlin.de\/pk\/fotografie-im-dialog\/wp-content\/uploads\/sites\/5\/2025\/11\/Ameise-300x198.jpg 300w\" sizes=\"auto, (max-width: 638px) 100vw, 638px\" \/><\/a><\/figure>\n<\/figure>\n<\/div>\n<\/div>\n\n\n\n<div class=\"wp-block-group is-nowrap is-layout-flex wp-container-core-group-is-layout-ad2f72ca wp-block-group-is-layout-flex\">\n<div>\n<div>\n<p>Ein Foto kann auf ein anderes Bild Bezug nehmen. Aber auch andere k\u00fcnstlerische Ausdrucksformen, wie Text, Film oder Musik eignen sich f\u00fcr einen bildsprachliche Austausch. Ein Jahr lang haben dreizehn Fotografinnen und Fotografen der Projektklasse von Ebba Dangschat am Photocentrum der VHS Friedrichshain-Kreuzberg die M\u00f6glichkeiten und Grenzen dieses fotografischen Dialogs ausgelotet. Die Ergebnisse sind nun in einer Ausstellung im Kunstquartier Bethanien zu sehen.<\/p>\n<\/div>\n<\/div>\n\n\n\n<p><\/p>\n<\/div>\n\n\n\n<p>Zur Gruppenausstellung erscheint ein <strong>Katalog<\/strong> mit farbigen Abbildungen, der in der Ausstellung erh\u00e4ltlich ist.<\/p>\n\n\n\n<div class=\"wp-block-columns is-layout-flex wp-container-core-columns-is-layout-9d6595d7 wp-block-columns-is-layout-flex\">\n<div class=\"wp-block-column is-layout-flow wp-block-column-is-layout-flow\" style=\"flex-basis:66.66%\">\n<div class=\"wp-block-columns is-layout-flex wp-container-core-columns-is-layout-9d6595d7 wp-block-columns-is-layout-flex\">\n<div class=\"wp-block-column is-layout-flow wp-block-column-is-layout-flow\" style=\"flex-basis:66.66%\">\n<p><\/p>\n<\/div>\n\n\n\n<div class=\"wp-block-column is-layout-flow wp-block-column-is-layout-flow\" style=\"flex-basis:33.33%\">\n<figure class=\"wp-block-gallery has-nested-images columns-default is-cropped wp-block-gallery-4 is-layout-flex wp-block-gallery-is-layout-flex\"><\/figure>\n<\/div>\n<\/div>\n<\/div>\n<\/div>\n\n\n\n<p><\/p>\n","protected":false},"excerpt":{"rendered":"<p>Ausstellung vom 13. bis 20. Dezember 2025 Vernissage am 12.12.2025 um 19:00 Uhr mit Performance: Resonanzr\u00e4ume \u2013 zwischen Bild und Geste K\u00fcnstlergespr\u00e4che &amp; Finissage am 20.12.2025 um 16:00 Uhr Projektraum im Kunstquartier BethanienMariannenplatz 2, 10997 Berlin\u00d6ffnungszeiten: 14\u201320 Uhr (Mo.-Fr.): 12-18 Uhr (Sa.\/So.) Mit Arbeiten von Serpil Ayg\u00fcn, Astrid Fischer, Andreas Helle, Manon, Hilla Hoehl, Astrid &#8230; <a title=\"Ausstellung\" class=\"read-more\" href=\"https:\/\/photocentrum-berlin.de\/pk\/fotografie-im-dialog\/\" aria-label=\"Mehr Informationen \u00fcber Ausstellung\">Weiterlesen<\/a><\/p>\n","protected":false},"author":1,"featured_media":0,"parent":0,"menu_order":1,"comment_status":"closed","ping_status":"closed","template":"","meta":{"footnotes":""},"class_list":["post-109","page","type-page","status-publish"],"_links":{"self":[{"href":"https:\/\/photocentrum-berlin.de\/pk\/fotografie-im-dialog\/wp-json\/wp\/v2\/pages\/109","targetHints":{"allow":["GET"]}}],"collection":[{"href":"https:\/\/photocentrum-berlin.de\/pk\/fotografie-im-dialog\/wp-json\/wp\/v2\/pages"}],"about":[{"href":"https:\/\/photocentrum-berlin.de\/pk\/fotografie-im-dialog\/wp-json\/wp\/v2\/types\/page"}],"author":[{"embeddable":true,"href":"https:\/\/photocentrum-berlin.de\/pk\/fotografie-im-dialog\/wp-json\/wp\/v2\/users\/1"}],"replies":[{"embeddable":true,"href":"https:\/\/photocentrum-berlin.de\/pk\/fotografie-im-dialog\/wp-json\/wp\/v2\/comments?post=109"}],"version-history":[{"count":87,"href":"https:\/\/photocentrum-berlin.de\/pk\/fotografie-im-dialog\/wp-json\/wp\/v2\/pages\/109\/revisions"}],"predecessor-version":[{"id":1296,"href":"https:\/\/photocentrum-berlin.de\/pk\/fotografie-im-dialog\/wp-json\/wp\/v2\/pages\/109\/revisions\/1296"}],"wp:attachment":[{"href":"https:\/\/photocentrum-berlin.de\/pk\/fotografie-im-dialog\/wp-json\/wp\/v2\/media?parent=109"}],"curies":[{"name":"wp","href":"https:\/\/api.w.org\/{rel}","templated":true}]}}