{"id":490,"date":"2025-11-04T18:14:01","date_gmt":"2025-11-04T17:14:01","guid":{"rendered":"https:\/\/photocentrum-berlin.de\/pk\/fotografie-im-dialog\/?page_id=490"},"modified":"2025-11-24T12:26:09","modified_gmt":"2025-11-24T11:26:09","slug":"andreas-helle","status":"publish","type":"page","link":"https:\/\/photocentrum-berlin.de\/pk\/fotografie-im-dialog\/teilnehmende\/andreas-helle\/","title":{"rendered":"Andreas Helle"},"content":{"rendered":"\n<h2 class=\"wp-block-heading\">Ein innerer Dialog \u00fcber Gut und B\u00f6se<\/h2>\n\n\n\n<p><em><br>Ich war 12, als ich in den Schatten der Barbarei trat, der \u00fcber dem Alltag in meinem Land lag. In einem Buch entdeckte ich Bilder von Toten, deren schiere Zahl jede Individualit\u00e4t leugnete. Unmenschliche Taten, hie\u00df es. Dabei hatten Menschen sie ver\u00fcbt. Bis heute liegt der Schatten auf mir. Nicht nur auf mir. Was b\u00f6se ist, was falsch: in Deutschland misst sich das an der Barbarei des 20.\u00a0Jahrhunderts. Doch woran messe ich, was gut und richtig ist?<\/em><\/p>\n\n\n\n<figure class=\"wp-block-gallery has-nested-images columns-default is-cropped wp-block-gallery-1 is-layout-flex wp-block-gallery-is-layout-flex\">\n<figure class=\"wp-block-image size-large\"><img loading=\"lazy\" decoding=\"async\" width=\"1024\" height=\"683\" data-id=\"491\" src=\"https:\/\/photocentrum-berlin.de\/pk\/fotografie-im-dialog\/wp-content\/uploads\/sites\/5\/2025\/11\/AHelle_Barbarei_Zivilisation_kat-1-klein-1024x683.jpg\" alt=\"\" class=\"wp-image-491\" srcset=\"https:\/\/photocentrum-berlin.de\/pk\/fotografie-im-dialog\/wp-content\/uploads\/sites\/5\/2025\/11\/AHelle_Barbarei_Zivilisation_kat-1-klein-1024x683.jpg 1024w, https:\/\/photocentrum-berlin.de\/pk\/fotografie-im-dialog\/wp-content\/uploads\/sites\/5\/2025\/11\/AHelle_Barbarei_Zivilisation_kat-1-klein-300x200.jpg 300w, https:\/\/photocentrum-berlin.de\/pk\/fotografie-im-dialog\/wp-content\/uploads\/sites\/5\/2025\/11\/AHelle_Barbarei_Zivilisation_kat-1-klein-768x512.jpg 768w, https:\/\/photocentrum-berlin.de\/pk\/fotografie-im-dialog\/wp-content\/uploads\/sites\/5\/2025\/11\/AHelle_Barbarei_Zivilisation_kat-1-klein.jpg 1280w\" sizes=\"auto, (max-width: 1024px) 100vw, 1024px\" \/><\/figure>\n\n\n\n<figure class=\"wp-block-image size-large\"><img loading=\"lazy\" decoding=\"async\" width=\"1024\" height=\"683\" data-id=\"492\" src=\"https:\/\/photocentrum-berlin.de\/pk\/fotografie-im-dialog\/wp-content\/uploads\/sites\/5\/2025\/11\/AHelle_Barbarei_Zivilisation_kat-2web.jpg\" alt=\"\" class=\"wp-image-492\" srcset=\"https:\/\/photocentrum-berlin.de\/pk\/fotografie-im-dialog\/wp-content\/uploads\/sites\/5\/2025\/11\/AHelle_Barbarei_Zivilisation_kat-2web.jpg 1024w, https:\/\/photocentrum-berlin.de\/pk\/fotografie-im-dialog\/wp-content\/uploads\/sites\/5\/2025\/11\/AHelle_Barbarei_Zivilisation_kat-2web-300x200.jpg 300w, https:\/\/photocentrum-berlin.de\/pk\/fotografie-im-dialog\/wp-content\/uploads\/sites\/5\/2025\/11\/AHelle_Barbarei_Zivilisation_kat-2web-768x512.jpg 768w\" sizes=\"auto, (max-width: 1024px) 100vw, 1024px\" \/><\/figure>\n\n\n\n<figure class=\"wp-block-image size-large\"><img loading=\"lazy\" decoding=\"async\" width=\"1024\" height=\"683\" data-id=\"494\" src=\"https:\/\/photocentrum-berlin.de\/pk\/fotografie-im-dialog\/wp-content\/uploads\/sites\/5\/2025\/11\/AHelle_Barbarei_Zivilisation_kat-3-web.jpg\" alt=\"\" class=\"wp-image-494\" srcset=\"https:\/\/photocentrum-berlin.de\/pk\/fotografie-im-dialog\/wp-content\/uploads\/sites\/5\/2025\/11\/AHelle_Barbarei_Zivilisation_kat-3-web.jpg 1024w, https:\/\/photocentrum-berlin.de\/pk\/fotografie-im-dialog\/wp-content\/uploads\/sites\/5\/2025\/11\/AHelle_Barbarei_Zivilisation_kat-3-web-300x200.jpg 300w, https:\/\/photocentrum-berlin.de\/pk\/fotografie-im-dialog\/wp-content\/uploads\/sites\/5\/2025\/11\/AHelle_Barbarei_Zivilisation_kat-3-web-768x512.jpg 768w\" sizes=\"auto, (max-width: 1024px) 100vw, 1024px\" \/><\/figure>\n\n\n\n<figure class=\"wp-block-image size-large\"><img loading=\"lazy\" decoding=\"async\" width=\"1024\" height=\"683\" data-id=\"493\" src=\"https:\/\/photocentrum-berlin.de\/pk\/fotografie-im-dialog\/wp-content\/uploads\/sites\/5\/2025\/11\/AHelle_Barbarei_Zivilisation_kat-4web.jpg\" alt=\"\" class=\"wp-image-493\" srcset=\"https:\/\/photocentrum-berlin.de\/pk\/fotografie-im-dialog\/wp-content\/uploads\/sites\/5\/2025\/11\/AHelle_Barbarei_Zivilisation_kat-4web.jpg 1024w, https:\/\/photocentrum-berlin.de\/pk\/fotografie-im-dialog\/wp-content\/uploads\/sites\/5\/2025\/11\/AHelle_Barbarei_Zivilisation_kat-4web-300x200.jpg 300w, https:\/\/photocentrum-berlin.de\/pk\/fotografie-im-dialog\/wp-content\/uploads\/sites\/5\/2025\/11\/AHelle_Barbarei_Zivilisation_kat-4web-768x512.jpg 768w\" sizes=\"auto, (max-width: 1024px) 100vw, 1024px\" \/><\/figure>\n\n\n\n<figure class=\"wp-block-image size-large\"><img loading=\"lazy\" decoding=\"async\" width=\"1024\" height=\"683\" data-id=\"495\" src=\"https:\/\/photocentrum-berlin.de\/pk\/fotografie-im-dialog\/wp-content\/uploads\/sites\/5\/2025\/11\/AHelle_Barbarei_Zivilisation_kat-5-web.jpg\" alt=\"\" class=\"wp-image-495\" srcset=\"https:\/\/photocentrum-berlin.de\/pk\/fotografie-im-dialog\/wp-content\/uploads\/sites\/5\/2025\/11\/AHelle_Barbarei_Zivilisation_kat-5-web.jpg 1024w, https:\/\/photocentrum-berlin.de\/pk\/fotografie-im-dialog\/wp-content\/uploads\/sites\/5\/2025\/11\/AHelle_Barbarei_Zivilisation_kat-5-web-300x200.jpg 300w, https:\/\/photocentrum-berlin.de\/pk\/fotografie-im-dialog\/wp-content\/uploads\/sites\/5\/2025\/11\/AHelle_Barbarei_Zivilisation_kat-5-web-768x512.jpg 768w\" sizes=\"auto, (max-width: 1024px) 100vw, 1024px\" \/><\/figure>\n<\/figure>\n\n\n\n<h2 class=\"wp-block-heading\"><\/h2>\n\n\n\n<p>Die deutschen Vernichtungslager der \u201e<em>Aktion Reinhardt<\/em>\u201c &#8211; so lautete der Tarnname f\u00fcr die systematische Ermordung aller Juden und Roma im Osten Polens &#8211; waren Orte der totalen Negation von Menschlichkeit. Es ist das Wissen um den Bruch im d\u00fcnnen Eis der Zivilisation, der in Treblinka,&nbsp;Be\u0142\u017cec, Sobib\u00f3r und anderen Orten der Vernichtung von Menschen noch immer zu sp\u00fcren ist. Den Schrecken sichtbar machen und ihm gegen\u00fcberstellen, was Mensch sein bedeutet &#8211; darum geht es in dieser Serie.&nbsp;<\/p>\n\n\n\n<p><br><strong>Andreas Helle<\/strong>, Andreas Helle, Historiker und Soziologe, hat sp\u00e4t zur Fotografie gefunden. Bilder wurden f\u00fcr ihn zum Instrument der Erkenntnis und des Ausdrucks. Zurzeit besch\u00e4ftigt ihn die Frage, wie \u0336 kollektive \u0336 Erinnerungen und individuelles Leben zusammenh\u00e4ngen. Er beteiligte sich an einigen Ausstellungen v.a. in Berlin.<\/p>\n\n\n\n<p>\u201e<em>Fotografien machen sichtbar, was ohne Kamera leicht zu \u00fcbersehen ist<\/em>.\u201c<\/p>\n","protected":false},"excerpt":{"rendered":"<p>Ein innerer Dialog \u00fcber Gut und B\u00f6se Ich war 12, als ich in den Schatten der Barbarei trat, der \u00fcber dem Alltag in meinem Land lag. In einem Buch entdeckte ich Bilder von Toten, deren schiere Zahl jede Individualit\u00e4t leugnete. Unmenschliche Taten, hie\u00df es. Dabei hatten Menschen sie ver\u00fcbt. Bis heute liegt der Schatten auf &#8230; <a title=\"Andreas Helle\" class=\"read-more\" href=\"https:\/\/photocentrum-berlin.de\/pk\/fotografie-im-dialog\/teilnehmende\/andreas-helle\/\" aria-label=\"Mehr Informationen \u00fcber Andreas Helle\">Weiterlesen<\/a><\/p>\n","protected":false},"author":5,"featured_media":0,"parent":44,"menu_order":0,"comment_status":"closed","ping_status":"closed","template":"","meta":{"footnotes":""},"class_list":["post-490","page","type-page","status-publish"],"_links":{"self":[{"href":"https:\/\/photocentrum-berlin.de\/pk\/fotografie-im-dialog\/wp-json\/wp\/v2\/pages\/490","targetHints":{"allow":["GET"]}}],"collection":[{"href":"https:\/\/photocentrum-berlin.de\/pk\/fotografie-im-dialog\/wp-json\/wp\/v2\/pages"}],"about":[{"href":"https:\/\/photocentrum-berlin.de\/pk\/fotografie-im-dialog\/wp-json\/wp\/v2\/types\/page"}],"author":[{"embeddable":true,"href":"https:\/\/photocentrum-berlin.de\/pk\/fotografie-im-dialog\/wp-json\/wp\/v2\/users\/5"}],"replies":[{"embeddable":true,"href":"https:\/\/photocentrum-berlin.de\/pk\/fotografie-im-dialog\/wp-json\/wp\/v2\/comments?post=490"}],"version-history":[{"count":10,"href":"https:\/\/photocentrum-berlin.de\/pk\/fotografie-im-dialog\/wp-json\/wp\/v2\/pages\/490\/revisions"}],"predecessor-version":[{"id":1113,"href":"https:\/\/photocentrum-berlin.de\/pk\/fotografie-im-dialog\/wp-json\/wp\/v2\/pages\/490\/revisions\/1113"}],"up":[{"embeddable":true,"href":"https:\/\/photocentrum-berlin.de\/pk\/fotografie-im-dialog\/wp-json\/wp\/v2\/pages\/44"}],"wp:attachment":[{"href":"https:\/\/photocentrum-berlin.de\/pk\/fotografie-im-dialog\/wp-json\/wp\/v2\/media?parent=490"}],"curies":[{"name":"wp","href":"https:\/\/api.w.org\/{rel}","templated":true}]}}