{"id":499,"date":"2025-11-04T18:31:30","date_gmt":"2025-11-04T17:31:30","guid":{"rendered":"https:\/\/photocentrum-berlin.de\/pk\/fotografie-im-dialog\/?page_id=499"},"modified":"2025-11-19T22:32:15","modified_gmt":"2025-11-19T21:32:15","slug":"manon","status":"publish","type":"page","link":"https:\/\/photocentrum-berlin.de\/pk\/fotografie-im-dialog\/teilnehmende\/manon\/","title":{"rendered":"Manon"},"content":{"rendered":"\n<h2 class=\"wp-block-heading\">Leuchten<\/h2>\n\n\n\n<figure class=\"wp-block-gallery has-nested-images columns-default is-cropped wp-block-gallery-1 is-layout-flex wp-block-gallery-is-layout-flex\">\n<figure class=\"wp-block-image size-large\"><img loading=\"lazy\" decoding=\"async\" width=\"1024\" height=\"683\" data-id=\"500\" src=\"https:\/\/photocentrum-berlin.de\/pk\/fotografie-im-dialog\/wp-content\/uploads\/sites\/5\/2025\/11\/ManonH_Leuchten_01-web-1024x683.jpg\" alt=\"\" class=\"wp-image-500\" srcset=\"https:\/\/photocentrum-berlin.de\/pk\/fotografie-im-dialog\/wp-content\/uploads\/sites\/5\/2025\/11\/ManonH_Leuchten_01-web-1024x683.jpg 1024w, https:\/\/photocentrum-berlin.de\/pk\/fotografie-im-dialog\/wp-content\/uploads\/sites\/5\/2025\/11\/ManonH_Leuchten_01-web-300x200.jpg 300w, https:\/\/photocentrum-berlin.de\/pk\/fotografie-im-dialog\/wp-content\/uploads\/sites\/5\/2025\/11\/ManonH_Leuchten_01-web-768x512.jpg 768w, https:\/\/photocentrum-berlin.de\/pk\/fotografie-im-dialog\/wp-content\/uploads\/sites\/5\/2025\/11\/ManonH_Leuchten_01-web.jpg 1280w\" sizes=\"auto, (max-width: 1024px) 100vw, 1024px\" \/><\/figure>\n\n\n\n<figure class=\"wp-block-image size-large\"><img loading=\"lazy\" decoding=\"async\" width=\"1024\" height=\"683\" data-id=\"501\" src=\"https:\/\/photocentrum-berlin.de\/pk\/fotografie-im-dialog\/wp-content\/uploads\/sites\/5\/2025\/11\/ManonH_Leuchten_02web-1024x683.jpg\" alt=\"\" class=\"wp-image-501\" srcset=\"https:\/\/photocentrum-berlin.de\/pk\/fotografie-im-dialog\/wp-content\/uploads\/sites\/5\/2025\/11\/ManonH_Leuchten_02web-1024x683.jpg 1024w, https:\/\/photocentrum-berlin.de\/pk\/fotografie-im-dialog\/wp-content\/uploads\/sites\/5\/2025\/11\/ManonH_Leuchten_02web-300x200.jpg 300w, https:\/\/photocentrum-berlin.de\/pk\/fotografie-im-dialog\/wp-content\/uploads\/sites\/5\/2025\/11\/ManonH_Leuchten_02web-768x512.jpg 768w, https:\/\/photocentrum-berlin.de\/pk\/fotografie-im-dialog\/wp-content\/uploads\/sites\/5\/2025\/11\/ManonH_Leuchten_02web.jpg 1280w\" sizes=\"auto, (max-width: 1024px) 100vw, 1024px\" \/><\/figure>\n\n\n\n<figure class=\"wp-block-image size-large\"><img loading=\"lazy\" decoding=\"async\" width=\"1024\" height=\"683\" data-id=\"502\" src=\"https:\/\/photocentrum-berlin.de\/pk\/fotografie-im-dialog\/wp-content\/uploads\/sites\/5\/2025\/11\/ManonH_Leuchten_03-1024x683.jpg\" alt=\"\" class=\"wp-image-502\" srcset=\"https:\/\/photocentrum-berlin.de\/pk\/fotografie-im-dialog\/wp-content\/uploads\/sites\/5\/2025\/11\/ManonH_Leuchten_03-1024x683.jpg 1024w, https:\/\/photocentrum-berlin.de\/pk\/fotografie-im-dialog\/wp-content\/uploads\/sites\/5\/2025\/11\/ManonH_Leuchten_03-300x200.jpg 300w, https:\/\/photocentrum-berlin.de\/pk\/fotografie-im-dialog\/wp-content\/uploads\/sites\/5\/2025\/11\/ManonH_Leuchten_03-768x512.jpg 768w, https:\/\/photocentrum-berlin.de\/pk\/fotografie-im-dialog\/wp-content\/uploads\/sites\/5\/2025\/11\/ManonH_Leuchten_03-1536x1024.jpg 1536w, https:\/\/photocentrum-berlin.de\/pk\/fotografie-im-dialog\/wp-content\/uploads\/sites\/5\/2025\/11\/ManonH_Leuchten_03.jpg 1600w\" sizes=\"auto, (max-width: 1024px) 100vw, 1024px\" \/><\/figure>\n<\/figure>\n\n\n\n<p><\/p>\n\n\n\n<p>Die fotografische Praxis regt mich dazu an, innezuhalten. Vollkommen im Moment und geduldig zu sein &#8211; mit meiner Umwelt und mir selbst. Sie l\u00e4dt mich zum Wahrnehmen und Entdecken ein und schafft es so, meinen andauernden Gedankenstrom \u00fcber das, was mal war oder sein k\u00f6nnte, verstummen zu lassen.<br>Diese Stille offenbart ein Leuchten in den allt\u00e4glichsten Dingen, in abgefallenem Laub, vertrockneten Gr\u00e4sern oder Wassertropfen.<\/p>\n\n\n\n<p><\/p>\n\n\n\n<p><strong>Manon <\/strong>ist in Berlin aufgewachsen, lebt und arbeitet hier. \u201eVor ein paar Jahren war ich auf der Suche nach einem kreativen Ventil und habe mich in die Fotografie verliebt. Seitdem wandere ich umher und folge meinem Bauchgef\u00fchl, wohin es mich auch tr\u00e4gt. Dabei ziehen mich Kontraste, Unscheinbares sowie die Abwesenheit von Menschen an. Das Unterwegssein, die pers\u00f6nliche Entwicklung sowie die M\u00f6glichkeit einer nonverbalen Ausdrucksform machen die Fotografie f\u00fcr mich so reizvoll.\u201c<\/p>\n\n\n\n<p><\/p>\n\n\n\n<div class=\"wp-block-group is-layout-grid wp-container-core-group-is-layout-9649a0d9 wp-block-group-is-layout-grid\">\n<p class=\"wp-container-content-e29552f7\"><\/p>\n<\/div>\n\n\n\n<p><\/p>\n","protected":false},"excerpt":{"rendered":"<p>Leuchten Die fotografische Praxis regt mich dazu an, innezuhalten. Vollkommen im Moment und geduldig zu sein &#8211; mit meiner Umwelt und mir selbst. Sie l\u00e4dt mich zum Wahrnehmen und Entdecken ein und schafft es so, meinen andauernden Gedankenstrom \u00fcber das, was mal war oder sein k\u00f6nnte, verstummen zu lassen.Diese Stille offenbart ein Leuchten in den &#8230; <a title=\"Manon\" class=\"read-more\" href=\"https:\/\/photocentrum-berlin.de\/pk\/fotografie-im-dialog\/teilnehmende\/manon\/\" aria-label=\"Mehr Informationen \u00fcber Manon\">Weiterlesen<\/a><\/p>\n","protected":false},"author":5,"featured_media":0,"parent":44,"menu_order":0,"comment_status":"closed","ping_status":"closed","template":"","meta":{"footnotes":""},"class_list":["post-499","page","type-page","status-publish"],"_links":{"self":[{"href":"https:\/\/photocentrum-berlin.de\/pk\/fotografie-im-dialog\/wp-json\/wp\/v2\/pages\/499","targetHints":{"allow":["GET"]}}],"collection":[{"href":"https:\/\/photocentrum-berlin.de\/pk\/fotografie-im-dialog\/wp-json\/wp\/v2\/pages"}],"about":[{"href":"https:\/\/photocentrum-berlin.de\/pk\/fotografie-im-dialog\/wp-json\/wp\/v2\/types\/page"}],"author":[{"embeddable":true,"href":"https:\/\/photocentrum-berlin.de\/pk\/fotografie-im-dialog\/wp-json\/wp\/v2\/users\/5"}],"replies":[{"embeddable":true,"href":"https:\/\/photocentrum-berlin.de\/pk\/fotografie-im-dialog\/wp-json\/wp\/v2\/comments?post=499"}],"version-history":[{"count":11,"href":"https:\/\/photocentrum-berlin.de\/pk\/fotografie-im-dialog\/wp-json\/wp\/v2\/pages\/499\/revisions"}],"predecessor-version":[{"id":1096,"href":"https:\/\/photocentrum-berlin.de\/pk\/fotografie-im-dialog\/wp-json\/wp\/v2\/pages\/499\/revisions\/1096"}],"up":[{"embeddable":true,"href":"https:\/\/photocentrum-berlin.de\/pk\/fotografie-im-dialog\/wp-json\/wp\/v2\/pages\/44"}],"wp:attachment":[{"href":"https:\/\/photocentrum-berlin.de\/pk\/fotografie-im-dialog\/wp-json\/wp\/v2\/media?parent=499"}],"curies":[{"name":"wp","href":"https:\/\/api.w.org\/{rel}","templated":true}]}}