{"id":515,"date":"2025-11-04T20:53:59","date_gmt":"2025-11-04T19:53:59","guid":{"rendered":"https:\/\/photocentrum-berlin.de\/pk\/fotografie-im-dialog\/?page_id=515"},"modified":"2025-11-19T22:25:48","modified_gmt":"2025-11-19T21:25:48","slug":"hilla-hoehl","status":"publish","type":"page","link":"https:\/\/photocentrum-berlin.de\/pk\/fotografie-im-dialog\/teilnehmende\/hilla-hoehl\/","title":{"rendered":"Hilla Hoehl"},"content":{"rendered":"\n<h2 class=\"wp-block-heading\">Animiertes Gem\u00fcse<\/h2>\n\n\n\n<p>Es ist immer wieder eine Freude, f\u00fcr den w\u00f6chentlichen Einkauf \u00fcber M\u00e4rkte zu streifen und passende Obst- und Gem\u00fcsesorten auszuw\u00e4hlen. <br>Das Angebot fasziniert in seinem Farben- und Formenreichtum. Jedes St\u00fcck ist ein Unikat. Phantasie wird in Gang gesetzt.<\/p>\n\n\n\n<figure class=\"wp-block-image size-large\"><img loading=\"lazy\" decoding=\"async\" width=\"1024\" height=\"471\" src=\"https:\/\/photocentrum-berlin.de\/pk\/fotografie-im-dialog\/wp-content\/uploads\/sites\/5\/2025\/11\/Hilla-web.jpg\" alt=\"\" class=\"wp-image-543\" srcset=\"https:\/\/photocentrum-berlin.de\/pk\/fotografie-im-dialog\/wp-content\/uploads\/sites\/5\/2025\/11\/Hilla-web.jpg 1024w, https:\/\/photocentrum-berlin.de\/pk\/fotografie-im-dialog\/wp-content\/uploads\/sites\/5\/2025\/11\/Hilla-web-300x138.jpg 300w, https:\/\/photocentrum-berlin.de\/pk\/fotografie-im-dialog\/wp-content\/uploads\/sites\/5\/2025\/11\/Hilla-web-768x353.jpg 768w\" sizes=\"auto, (max-width: 1024px) 100vw, 1024px\" \/><\/figure>\n\n\n\n<p><br>Diese organischen Gebilde mit ihren unterschiedlichen Rundungen, Oberfl\u00e4chenstrukturen und Wurzeln lassen Lebewesen erahnen, von Tieren bis hin zu menschlichen Gesichtern und K\u00f6rpern. Um diesen Eindruck der Lebendigkeit zu verst\u00e4rken setze ich in meiner Arbeit jeweils ein Stillleben aus Obst und Gem\u00fcse einer Collage gegen\u00fcber, die aus Kochzeitschriften und -b\u00fcchern ausgeschnitten und zusammengef\u00fcgt wurde. Es erscheint als erhebe sich ein tanzendes Wesen aus jedem Still.<\/p>\n\n\n\n<h6 class=\"wp-block-heading\"><\/h6>\n\n\n\n<figure class=\"wp-block-gallery has-nested-images columns-default is-cropped wp-block-gallery-1 is-layout-flex wp-block-gallery-is-layout-flex\"><\/figure>\n\n\n\n<h2 class=\"wp-block-heading\"><\/h2>\n\n\n\n<p><strong>Hilla Hoehl<\/strong>, geboren in Fulda, lebt in Berlin, ehemalige Grundschullehrerin. Fotografiert seit der Jugend. Besondere Ich habe eine Vorliebe f\u00fcr Stills mit Lebensmitteln. Besuch diverser Kurse bei Imago Fotokunst sowie im Photocentrum Kreuzberg. Teilnahme an mehreren Gruppenausstellungen.<\/p>\n\n\n\n<p><\/p>\n","protected":false},"excerpt":{"rendered":"<p>Animiertes Gem\u00fcse Es ist immer wieder eine Freude, f\u00fcr den w\u00f6chentlichen Einkauf \u00fcber M\u00e4rkte zu streifen und passende Obst- und Gem\u00fcsesorten auszuw\u00e4hlen. Das Angebot fasziniert in seinem Farben- und Formenreichtum. Jedes St\u00fcck ist ein Unikat. Phantasie wird in Gang gesetzt. Diese organischen Gebilde mit ihren unterschiedlichen Rundungen, Oberfl\u00e4chenstrukturen und Wurzeln lassen Lebewesen erahnen, von Tieren &#8230; <a title=\"Hilla Hoehl\" class=\"read-more\" href=\"https:\/\/photocentrum-berlin.de\/pk\/fotografie-im-dialog\/teilnehmende\/hilla-hoehl\/\" aria-label=\"Mehr Informationen \u00fcber Hilla Hoehl\">Weiterlesen<\/a><\/p>\n","protected":false},"author":5,"featured_media":0,"parent":44,"menu_order":0,"comment_status":"closed","ping_status":"closed","template":"","meta":{"footnotes":""},"class_list":["post-515","page","type-page","status-publish"],"_links":{"self":[{"href":"https:\/\/photocentrum-berlin.de\/pk\/fotografie-im-dialog\/wp-json\/wp\/v2\/pages\/515","targetHints":{"allow":["GET"]}}],"collection":[{"href":"https:\/\/photocentrum-berlin.de\/pk\/fotografie-im-dialog\/wp-json\/wp\/v2\/pages"}],"about":[{"href":"https:\/\/photocentrum-berlin.de\/pk\/fotografie-im-dialog\/wp-json\/wp\/v2\/types\/page"}],"author":[{"embeddable":true,"href":"https:\/\/photocentrum-berlin.de\/pk\/fotografie-im-dialog\/wp-json\/wp\/v2\/users\/5"}],"replies":[{"embeddable":true,"href":"https:\/\/photocentrum-berlin.de\/pk\/fotografie-im-dialog\/wp-json\/wp\/v2\/comments?post=515"}],"version-history":[{"count":16,"href":"https:\/\/photocentrum-berlin.de\/pk\/fotografie-im-dialog\/wp-json\/wp\/v2\/pages\/515\/revisions"}],"predecessor-version":[{"id":1093,"href":"https:\/\/photocentrum-berlin.de\/pk\/fotografie-im-dialog\/wp-json\/wp\/v2\/pages\/515\/revisions\/1093"}],"up":[{"embeddable":true,"href":"https:\/\/photocentrum-berlin.de\/pk\/fotografie-im-dialog\/wp-json\/wp\/v2\/pages\/44"}],"wp:attachment":[{"href":"https:\/\/photocentrum-berlin.de\/pk\/fotografie-im-dialog\/wp-json\/wp\/v2\/media?parent=515"}],"curies":[{"name":"wp","href":"https:\/\/api.w.org\/{rel}","templated":true}]}}