{"id":517,"date":"2025-11-04T20:46:59","date_gmt":"2025-11-04T19:46:59","guid":{"rendered":"https:\/\/photocentrum-berlin.de\/pk\/fotografie-im-dialog\/?page_id=517"},"modified":"2025-12-03T15:16:42","modified_gmt":"2025-12-03T14:16:42","slug":"astrid-jasse","status":"publish","type":"page","link":"https:\/\/photocentrum-berlin.de\/pk\/fotografie-im-dialog\/teilnehmende\/astrid-jasse\/","title":{"rendered":"Astrid Jasse"},"content":{"rendered":"\n<h2 class=\"wp-block-heading\">Bahnh\u00f6fe &#8211; Atmosph\u00e4risches zwischen Wunsch und Wirklichkeit<\/h2>\n\n\n\n<p>Bahnh\u00f6fe werden hier beispielhaft als \u201eKnotenpunkte\u201c des \u00f6ffentlichen Raums aufgefasst, dessen Gestaltung hinter den \u00e4sthetischen M\u00f6glichkeiten weit zur\u00fcckbleibt. Damit wird die kommunikative Kraft der Stadtgesellschaft unn\u00f6tig eingeengt und beschnitten. Die Fotografin Sandra Bergemann hat die nicht-dokumentarische Fotografie einmal als \u201eVersuche gegen das Abbild\u201c bezeichnet. Insofern w\u00e4re sie nicht nur ein \u201eVerfremdungseffekt\u201c, sondern auch ein St\u00fcck Utopie: \u201eEs k\u00f6nnte alles ganz anders sein\u2026\u201c.<\/p>\n\n\n\n<p><\/p>\n\n\n\n<figure class=\"wp-block-gallery has-nested-images columns-default is-cropped wp-block-gallery-1 is-layout-flex wp-block-gallery-is-layout-flex\">\n<figure class=\"wp-block-image size-large\"><img loading=\"lazy\" decoding=\"async\" width=\"1024\" height=\"684\" data-id=\"536\" src=\"https:\/\/photocentrum-berlin.de\/pk\/fotografie-im-dialog\/wp-content\/uploads\/sites\/5\/2025\/11\/Astrid_Jasse_Bahnhoefe_2-web.jpg\" alt=\"\" class=\"wp-image-536\" srcset=\"https:\/\/photocentrum-berlin.de\/pk\/fotografie-im-dialog\/wp-content\/uploads\/sites\/5\/2025\/11\/Astrid_Jasse_Bahnhoefe_2-web.jpg 1024w, https:\/\/photocentrum-berlin.de\/pk\/fotografie-im-dialog\/wp-content\/uploads\/sites\/5\/2025\/11\/Astrid_Jasse_Bahnhoefe_2-web-300x200.jpg 300w, https:\/\/photocentrum-berlin.de\/pk\/fotografie-im-dialog\/wp-content\/uploads\/sites\/5\/2025\/11\/Astrid_Jasse_Bahnhoefe_2-web-768x513.jpg 768w\" sizes=\"auto, (max-width: 1024px) 100vw, 1024px\" \/><\/figure>\n\n\n\n<figure class=\"wp-block-image size-large\"><img loading=\"lazy\" decoding=\"async\" width=\"684\" height=\"1024\" data-id=\"538\" src=\"https:\/\/photocentrum-berlin.de\/pk\/fotografie-im-dialog\/wp-content\/uploads\/sites\/5\/2025\/11\/Astrid_Jasse_Bahnhoefe_4web-684x1024.jpg\" alt=\"\" class=\"wp-image-538\" srcset=\"https:\/\/photocentrum-berlin.de\/pk\/fotografie-im-dialog\/wp-content\/uploads\/sites\/5\/2025\/11\/Astrid_Jasse_Bahnhoefe_4web-684x1024.jpg 684w, https:\/\/photocentrum-berlin.de\/pk\/fotografie-im-dialog\/wp-content\/uploads\/sites\/5\/2025\/11\/Astrid_Jasse_Bahnhoefe_4web-200x300.jpg 200w, https:\/\/photocentrum-berlin.de\/pk\/fotografie-im-dialog\/wp-content\/uploads\/sites\/5\/2025\/11\/Astrid_Jasse_Bahnhoefe_4web-768x1150.jpg 768w, https:\/\/photocentrum-berlin.de\/pk\/fotografie-im-dialog\/wp-content\/uploads\/sites\/5\/2025\/11\/Astrid_Jasse_Bahnhoefe_4web.jpg 1024w\" sizes=\"auto, (max-width: 684px) 100vw, 684px\" \/><\/figure>\n\n\n\n<figure class=\"wp-block-image size-full\"><img loading=\"lazy\" decoding=\"async\" width=\"1024\" height=\"684\" data-id=\"1279\" src=\"https:\/\/photocentrum-berlin.de\/pk\/fotografie-im-dialog\/wp-content\/uploads\/sites\/5\/2025\/12\/Astrid_Jasse_Bahnhoefe_3web.jpg\" alt=\"\" class=\"wp-image-1279\" srcset=\"https:\/\/photocentrum-berlin.de\/pk\/fotografie-im-dialog\/wp-content\/uploads\/sites\/5\/2025\/12\/Astrid_Jasse_Bahnhoefe_3web.jpg 1024w, https:\/\/photocentrum-berlin.de\/pk\/fotografie-im-dialog\/wp-content\/uploads\/sites\/5\/2025\/12\/Astrid_Jasse_Bahnhoefe_3web-300x200.jpg 300w, https:\/\/photocentrum-berlin.de\/pk\/fotografie-im-dialog\/wp-content\/uploads\/sites\/5\/2025\/12\/Astrid_Jasse_Bahnhoefe_3web-768x513.jpg 768w\" sizes=\"auto, (max-width: 1024px) 100vw, 1024px\" \/><\/figure>\n<\/figure>\n\n\n\n<p><\/p>\n\n\n\n<p><strong>Astrid Jasse:<\/strong> Mir sind die Bilder die liebsten, die das Licht selbst zum Thema machen, auch weil sich dadurch ein metaphorischer Bezug ergibt: Licht ist das Leben. Das spricht aber nat\u00fcrlich nicht gegen Nachtaufnahmen, und auch D\u00e4mmerung ist immer wieder ein reizvolles Thema. Das sind dann eben Ver\u00e4nderungen, die das Licht durchmacht, genau wie wir Menschen es auch tun\u2026 Jedenfalls f\u00fchle ich mich meinen Fotos im besten Falle sehr nah.<\/p>\n\n\n\n<p><\/p>\n\n\n\n<p><\/p>\n","protected":false},"excerpt":{"rendered":"<p>Bahnh\u00f6fe &#8211; Atmosph\u00e4risches zwischen Wunsch und Wirklichkeit Bahnh\u00f6fe werden hier beispielhaft als \u201eKnotenpunkte\u201c des \u00f6ffentlichen Raums aufgefasst, dessen Gestaltung hinter den \u00e4sthetischen M\u00f6glichkeiten weit zur\u00fcckbleibt. Damit wird die kommunikative Kraft der Stadtgesellschaft unn\u00f6tig eingeengt und beschnitten. Die Fotografin Sandra Bergemann hat die nicht-dokumentarische Fotografie einmal als \u201eVersuche gegen das Abbild\u201c bezeichnet. Insofern w\u00e4re sie nicht &#8230; <a title=\"Astrid Jasse\" class=\"read-more\" href=\"https:\/\/photocentrum-berlin.de\/pk\/fotografie-im-dialog\/teilnehmende\/astrid-jasse\/\" aria-label=\"Mehr Informationen \u00fcber Astrid Jasse\">Weiterlesen<\/a><\/p>\n","protected":false},"author":5,"featured_media":0,"parent":44,"menu_order":2,"comment_status":"closed","ping_status":"closed","template":"","meta":{"footnotes":""},"class_list":["post-517","page","type-page","status-publish"],"_links":{"self":[{"href":"https:\/\/photocentrum-berlin.de\/pk\/fotografie-im-dialog\/wp-json\/wp\/v2\/pages\/517","targetHints":{"allow":["GET"]}}],"collection":[{"href":"https:\/\/photocentrum-berlin.de\/pk\/fotografie-im-dialog\/wp-json\/wp\/v2\/pages"}],"about":[{"href":"https:\/\/photocentrum-berlin.de\/pk\/fotografie-im-dialog\/wp-json\/wp\/v2\/types\/page"}],"author":[{"embeddable":true,"href":"https:\/\/photocentrum-berlin.de\/pk\/fotografie-im-dialog\/wp-json\/wp\/v2\/users\/5"}],"replies":[{"embeddable":true,"href":"https:\/\/photocentrum-berlin.de\/pk\/fotografie-im-dialog\/wp-json\/wp\/v2\/comments?post=517"}],"version-history":[{"count":14,"href":"https:\/\/photocentrum-berlin.de\/pk\/fotografie-im-dialog\/wp-json\/wp\/v2\/pages\/517\/revisions"}],"predecessor-version":[{"id":1281,"href":"https:\/\/photocentrum-berlin.de\/pk\/fotografie-im-dialog\/wp-json\/wp\/v2\/pages\/517\/revisions\/1281"}],"up":[{"embeddable":true,"href":"https:\/\/photocentrum-berlin.de\/pk\/fotografie-im-dialog\/wp-json\/wp\/v2\/pages\/44"}],"wp:attachment":[{"href":"https:\/\/photocentrum-berlin.de\/pk\/fotografie-im-dialog\/wp-json\/wp\/v2\/media?parent=517"}],"curies":[{"name":"wp","href":"https:\/\/api.w.org\/{rel}","templated":true}]}}