{"id":519,"date":"2025-11-04T22:02:53","date_gmt":"2025-11-04T21:02:53","guid":{"rendered":"https:\/\/photocentrum-berlin.de\/pk\/fotografie-im-dialog\/?page_id=519"},"modified":"2025-11-27T13:37:08","modified_gmt":"2025-11-27T12:37:08","slug":"lothar-koehler","status":"publish","type":"page","link":"https:\/\/photocentrum-berlin.de\/pk\/fotografie-im-dialog\/teilnehmende\/lothar-koehler\/","title":{"rendered":"Lothar K\u00f6hler"},"content":{"rendered":"\n<h2 class=\"wp-block-heading\">Urbane Stille<\/h2>\n\n\n\n<p><\/p>\n\n\n\n<figure class=\"wp-block-image alignwide size-large\"><img loading=\"lazy\" decoding=\"async\" width=\"1024\" height=\"764\" src=\"https:\/\/photocentrum-berlin.de\/pk\/fotografie-im-dialog\/wp-content\/uploads\/sites\/5\/2025\/11\/L.Koehler_1_UrbaneStille-1-1024x764.jpg\" alt=\"\" class=\"wp-image-586\" srcset=\"https:\/\/photocentrum-berlin.de\/pk\/fotografie-im-dialog\/wp-content\/uploads\/sites\/5\/2025\/11\/L.Koehler_1_UrbaneStille-1-1024x764.jpg 1024w, https:\/\/photocentrum-berlin.de\/pk\/fotografie-im-dialog\/wp-content\/uploads\/sites\/5\/2025\/11\/L.Koehler_1_UrbaneStille-1-300x224.jpg 300w, https:\/\/photocentrum-berlin.de\/pk\/fotografie-im-dialog\/wp-content\/uploads\/sites\/5\/2025\/11\/L.Koehler_1_UrbaneStille-1-768x573.jpg 768w, https:\/\/photocentrum-berlin.de\/pk\/fotografie-im-dialog\/wp-content\/uploads\/sites\/5\/2025\/11\/L.Koehler_1_UrbaneStille-1.jpg 1161w\" sizes=\"auto, (max-width: 1024px) 100vw, 1024px\" \/><\/figure>\n\n\n\n<h4 class=\"wp-block-heading\"><\/h4>\n\n\n\n<p>Die Erinnerungskultur in Deutschland ist ein wichtiger Bestandteil des kollektiven Ged\u00e4chtnisses, insbesondere im Zusammenhang mit der NS-Zeit. Viele Gedenkst\u00e4tten und Mahnmale erinnern an die Verbrechen der Vergangenheit und f\u00f6rdern dadurch das Bewusstsein und die Werte von Demokratie und Menschlichkeit. Die Gedenkst\u00e4tte Pl\u00f6tzensee und die Kirche Maria Regina Martyrum in Berlin Charlottenburg sind Denkm\u00e4ler f\u00fcr die Erinnerung und das Gedenken an die Widerstandsk\u00e4mpfer des NS-Regimes, die in Pl\u00f6tzensee ermordet und hingerichtet wurden. <\/p>\n\n\n\n<figure class=\"wp-block-image alignwide size-large\"><img loading=\"lazy\" decoding=\"async\" width=\"1024\" height=\"764\" src=\"https:\/\/photocentrum-berlin.de\/pk\/fotografie-im-dialog\/wp-content\/uploads\/sites\/5\/2025\/11\/L.Koehler_2_UrbaneStille-1-1024x764.jpg\" alt=\"\" class=\"wp-image-587\" srcset=\"https:\/\/photocentrum-berlin.de\/pk\/fotografie-im-dialog\/wp-content\/uploads\/sites\/5\/2025\/11\/L.Koehler_2_UrbaneStille-1-1024x764.jpg 1024w, https:\/\/photocentrum-berlin.de\/pk\/fotografie-im-dialog\/wp-content\/uploads\/sites\/5\/2025\/11\/L.Koehler_2_UrbaneStille-1-300x224.jpg 300w, https:\/\/photocentrum-berlin.de\/pk\/fotografie-im-dialog\/wp-content\/uploads\/sites\/5\/2025\/11\/L.Koehler_2_UrbaneStille-1-768x573.jpg 768w, https:\/\/photocentrum-berlin.de\/pk\/fotografie-im-dialog\/wp-content\/uploads\/sites\/5\/2025\/11\/L.Koehler_2_UrbaneStille-1.jpg 1161w\" sizes=\"auto, (max-width: 1024px) 100vw, 1024px\" \/><\/figure>\n\n\n\n<p>Die ehemalige Haftanstalt aus dem 19. Jahrhundert dient seit 1952 als Gedenkst\u00e4tte. Der erhaltene Hinrichtungsraum sowie eine dauerhafte Dokumentation zur Geschichte des Ortes sind \u00f6ffentlich zug\u00e4nglich. Die Gedenkkirche Maria Regina Martyrum, mit angeschlossenem Karmelitinnen-Kloster, wurde 1962 errichtet und steht inhaltlich im Bezug zur Gedenkst\u00e4tte Pl\u00f6tzensee durch ihre symboltr\u00e4chtige Architektur. Beide Orte sind f\u00fcr mich emotionale und architektonische Gegens\u00e4tze, die sich beim Fotografieren zwischen Vergangenheit und Gegenwart, Trauer und Hoffnung, Schuld und Erinnerung bewegen.<\/p>\n\n\n\n<p><\/p>\n\n\n\n<p><strong>Lothar K\u00f6hler<\/strong>, aufgewachsen in Braunschweig. Ausbildung zum Modelltischler und Krankenpfleger. Umzug nach Berlin, berufliche T\u00e4tigkeit im medizinischen Bereich . Fotografische Ausbildung bei imago fotokunst, Weiterentwicklung im Photocentrum der VHS Friedrichshain-Kreuzberg. Beteiligung an Gruppen- und Einzelausstellungen.<\/p>\n\n\n\n<p><em>\u201eIch habe f\u00fcr mich das Arbeiten in Serien entdeckt und den Dialog, der dabei zwischen den Bildern entsteht<\/em>.\u201c<\/p>\n\n\n\n<p><a href=\"http:\/\/www.lothar-koehler.com\/\"><u>www.lothar-koehler.com<\/u><\/a><\/p>\n","protected":false},"excerpt":{"rendered":"<p>Urbane Stille Die Erinnerungskultur in Deutschland ist ein wichtiger Bestandteil des kollektiven Ged\u00e4chtnisses, insbesondere im Zusammenhang mit der NS-Zeit. Viele Gedenkst\u00e4tten und Mahnmale erinnern an die Verbrechen der Vergangenheit und f\u00f6rdern dadurch das Bewusstsein und die Werte von Demokratie und Menschlichkeit. Die Gedenkst\u00e4tte Pl\u00f6tzensee und die Kirche Maria Regina Martyrum in Berlin Charlottenburg sind Denkm\u00e4ler &#8230; <a title=\"Lothar K\u00f6hler\" class=\"read-more\" href=\"https:\/\/photocentrum-berlin.de\/pk\/fotografie-im-dialog\/teilnehmende\/lothar-koehler\/\" aria-label=\"Mehr Informationen \u00fcber Lothar K\u00f6hler\">Weiterlesen<\/a><\/p>\n","protected":false},"author":5,"featured_media":0,"parent":44,"menu_order":0,"comment_status":"closed","ping_status":"closed","template":"","meta":{"footnotes":""},"class_list":["post-519","page","type-page","status-publish"],"_links":{"self":[{"href":"https:\/\/photocentrum-berlin.de\/pk\/fotografie-im-dialog\/wp-json\/wp\/v2\/pages\/519","targetHints":{"allow":["GET"]}}],"collection":[{"href":"https:\/\/photocentrum-berlin.de\/pk\/fotografie-im-dialog\/wp-json\/wp\/v2\/pages"}],"about":[{"href":"https:\/\/photocentrum-berlin.de\/pk\/fotografie-im-dialog\/wp-json\/wp\/v2\/types\/page"}],"author":[{"embeddable":true,"href":"https:\/\/photocentrum-berlin.de\/pk\/fotografie-im-dialog\/wp-json\/wp\/v2\/users\/5"}],"replies":[{"embeddable":true,"href":"https:\/\/photocentrum-berlin.de\/pk\/fotografie-im-dialog\/wp-json\/wp\/v2\/comments?post=519"}],"version-history":[{"count":13,"href":"https:\/\/photocentrum-berlin.de\/pk\/fotografie-im-dialog\/wp-json\/wp\/v2\/pages\/519\/revisions"}],"predecessor-version":[{"id":1274,"href":"https:\/\/photocentrum-berlin.de\/pk\/fotografie-im-dialog\/wp-json\/wp\/v2\/pages\/519\/revisions\/1274"}],"up":[{"embeddable":true,"href":"https:\/\/photocentrum-berlin.de\/pk\/fotografie-im-dialog\/wp-json\/wp\/v2\/pages\/44"}],"wp:attachment":[{"href":"https:\/\/photocentrum-berlin.de\/pk\/fotografie-im-dialog\/wp-json\/wp\/v2\/media?parent=519"}],"curies":[{"name":"wp","href":"https:\/\/api.w.org\/{rel}","templated":true}]}}