{"id":523,"date":"2025-11-04T19:01:23","date_gmt":"2025-11-04T18:01:23","guid":{"rendered":"https:\/\/photocentrum-berlin.de\/pk\/fotografie-im-dialog\/?page_id=523"},"modified":"2025-11-19T22:38:56","modified_gmt":"2025-11-19T21:38:56","slug":"lea-mueller","status":"publish","type":"page","link":"https:\/\/photocentrum-berlin.de\/pk\/fotografie-im-dialog\/teilnehmende\/lea-mueller\/","title":{"rendered":"Lea M\u00fcller"},"content":{"rendered":"\n<h3 class=\"wp-block-heading\">Die Sucht nach Mehr<\/h3>\n\n\n\n<p><em>Supersale, Blackday, Cyber Week<\/em> \u2013 st\u00e4ndig locken neue Angebote. Wir kaufen mehr, wir brauchen mehr, und der Markt liefert mehr. <\/p>\n\n\n\n<div class=\"wp-block-columns is-layout-flex wp-container-core-columns-is-layout-9d6595d7 wp-block-columns-is-layout-flex\">\n<div class=\"wp-block-column is-layout-flow wp-block-column-is-layout-flow\">\n<figure class=\"wp-block-image size-large\"><img loading=\"lazy\" decoding=\"async\" width=\"1024\" height=\"680\" src=\"https:\/\/photocentrum-berlin.de\/pk\/fotografie-im-dialog\/wp-content\/uploads\/sites\/5\/2025\/11\/Lea_1web.jpg\" alt=\"\" class=\"wp-image-579\" srcset=\"https:\/\/photocentrum-berlin.de\/pk\/fotografie-im-dialog\/wp-content\/uploads\/sites\/5\/2025\/11\/Lea_1web.jpg 1024w, https:\/\/photocentrum-berlin.de\/pk\/fotografie-im-dialog\/wp-content\/uploads\/sites\/5\/2025\/11\/Lea_1web-300x199.jpg 300w, https:\/\/photocentrum-berlin.de\/pk\/fotografie-im-dialog\/wp-content\/uploads\/sites\/5\/2025\/11\/Lea_1web-768x510.jpg 768w\" sizes=\"auto, (max-width: 1024px) 100vw, 1024px\" \/><\/figure>\n<\/div>\n\n\n\n<div class=\"wp-block-column is-layout-flow wp-block-column-is-layout-flow\">\n<figure class=\"wp-block-image size-full\"><img loading=\"lazy\" decoding=\"async\" width=\"1024\" height=\"680\" src=\"https:\/\/photocentrum-berlin.de\/pk\/fotografie-im-dialog\/wp-content\/uploads\/sites\/5\/2025\/11\/Lea_2web.jpg\" alt=\"\" class=\"wp-image-582\" srcset=\"https:\/\/photocentrum-berlin.de\/pk\/fotografie-im-dialog\/wp-content\/uploads\/sites\/5\/2025\/11\/Lea_2web.jpg 1024w, https:\/\/photocentrum-berlin.de\/pk\/fotografie-im-dialog\/wp-content\/uploads\/sites\/5\/2025\/11\/Lea_2web-300x199.jpg 300w, https:\/\/photocentrum-berlin.de\/pk\/fotografie-im-dialog\/wp-content\/uploads\/sites\/5\/2025\/11\/Lea_2web-768x510.jpg 768w\" sizes=\"auto, (max-width: 1024px) 100vw, 1024px\" \/><\/figure>\n<\/div>\n<\/div>\n\n\n\n<p>Das Konsum-verhalten unserer Zeit wirkt z\u00fcgellos, beinahe suchthaft. Der anf\u00e4ngliche Rausch wird zur Gewohnheit, und um unsere Aufmerksamkeit erneut zu gewinnen, m\u00fcssen Produkte immer greller, lauter und aufdringlicher erscheinen. Sie \u00fcbert\u00f6nen einander, dr\u00e4ngen sich in den Vordergrund. Doch das High des Dopamins ist genauso kurz wie der Lebenszyklus vieler Produkte.<br>Meine Arbeit greift das Motiv der \u00dcberlagerung und \u00dcberreiztheit auf. Ein Gewimmel von Bildern entsteht, Wiederholungen wie in den Regalen. Gleichzeitig stellen die Motive die Frage, ob wir diesen Weg weitergehen sollten.<\/p>\n\n\n\n<p><\/p>\n\n\n\n<figure class=\"wp-block-gallery has-nested-images columns-default is-cropped wp-block-gallery-1 is-layout-flex wp-block-gallery-is-layout-flex\">\n<figure class=\"wp-block-image size-full\"><img loading=\"lazy\" decoding=\"async\" width=\"1024\" height=\"680\" data-id=\"583\" src=\"https:\/\/photocentrum-berlin.de\/pk\/fotografie-im-dialog\/wp-content\/uploads\/sites\/5\/2025\/11\/Lea_5web.jpg\" alt=\"\" class=\"wp-image-583\" srcset=\"https:\/\/photocentrum-berlin.de\/pk\/fotografie-im-dialog\/wp-content\/uploads\/sites\/5\/2025\/11\/Lea_5web.jpg 1024w, https:\/\/photocentrum-berlin.de\/pk\/fotografie-im-dialog\/wp-content\/uploads\/sites\/5\/2025\/11\/Lea_5web-300x199.jpg 300w, https:\/\/photocentrum-berlin.de\/pk\/fotografie-im-dialog\/wp-content\/uploads\/sites\/5\/2025\/11\/Lea_5web-768x510.jpg 768w\" sizes=\"auto, (max-width: 1024px) 100vw, 1024px\" \/><\/figure>\n\n\n\n<figure class=\"wp-block-image size-large\"><img loading=\"lazy\" decoding=\"async\" width=\"680\" height=\"1024\" data-id=\"581\" src=\"https:\/\/photocentrum-berlin.de\/pk\/fotografie-im-dialog\/wp-content\/uploads\/sites\/5\/2025\/11\/Lea_4web-680x1024.jpg\" alt=\"\" class=\"wp-image-581\" srcset=\"https:\/\/photocentrum-berlin.de\/pk\/fotografie-im-dialog\/wp-content\/uploads\/sites\/5\/2025\/11\/Lea_4web-680x1024.jpg 680w, https:\/\/photocentrum-berlin.de\/pk\/fotografie-im-dialog\/wp-content\/uploads\/sites\/5\/2025\/11\/Lea_4web-199x300.jpg 199w, https:\/\/photocentrum-berlin.de\/pk\/fotografie-im-dialog\/wp-content\/uploads\/sites\/5\/2025\/11\/Lea_4web-768x1157.jpg 768w, https:\/\/photocentrum-berlin.de\/pk\/fotografie-im-dialog\/wp-content\/uploads\/sites\/5\/2025\/11\/Lea_4web-1020x1536.jpg 1020w, https:\/\/photocentrum-berlin.de\/pk\/fotografie-im-dialog\/wp-content\/uploads\/sites\/5\/2025\/11\/Lea_4web.jpg 1024w\" sizes=\"auto, (max-width: 680px) 100vw, 680px\" \/><\/figure>\n\n\n\n<figure class=\"wp-block-image size-large\"><img loading=\"lazy\" decoding=\"async\" width=\"1024\" height=\"680\" data-id=\"580\" src=\"https:\/\/photocentrum-berlin.de\/pk\/fotografie-im-dialog\/wp-content\/uploads\/sites\/5\/2025\/11\/Lea_3-web.jpg\" alt=\"\" class=\"wp-image-580\" srcset=\"https:\/\/photocentrum-berlin.de\/pk\/fotografie-im-dialog\/wp-content\/uploads\/sites\/5\/2025\/11\/Lea_3-web.jpg 1024w, https:\/\/photocentrum-berlin.de\/pk\/fotografie-im-dialog\/wp-content\/uploads\/sites\/5\/2025\/11\/Lea_3-web-300x199.jpg 300w, https:\/\/photocentrum-berlin.de\/pk\/fotografie-im-dialog\/wp-content\/uploads\/sites\/5\/2025\/11\/Lea_3-web-768x510.jpg 768w\" sizes=\"auto, (max-width: 1024px) 100vw, 1024px\" \/><\/figure>\n<\/figure>\n\n\n\n<p><\/p>\n\n\n\n<p><strong>Lea M\u00fcller<\/strong>, 1987 in Berlin geboren und bis heute hier geblieben. W\u00e4hrend meines Modedesign-Studiums habe ich meine Semesterarbeiten selbst fotografiert. Seitdem nutze ich die Fotografie als meine Lein- und Pinnwand. Ich halte alles fest das mich bewegt und wof\u00fcr ich keine Worte finde, sondern nur f\u00fchle. Seit 2023 besuche ich das Photocentrum Kreuzberg um mich mit meinen Projekten weiterentwickeln zu k\u00f6nnen.<\/p>\n\n\n\n<p><\/p>\n","protected":false},"excerpt":{"rendered":"<p>Die Sucht nach Mehr Supersale, Blackday, Cyber Week \u2013 st\u00e4ndig locken neue Angebote. Wir kaufen mehr, wir brauchen mehr, und der Markt liefert mehr. Das Konsum-verhalten unserer Zeit wirkt z\u00fcgellos, beinahe suchthaft. Der anf\u00e4ngliche Rausch wird zur Gewohnheit, und um unsere Aufmerksamkeit erneut zu gewinnen, m\u00fcssen Produkte immer greller, lauter und aufdringlicher erscheinen. Sie \u00fcbert\u00f6nen &#8230; <a title=\"Lea M\u00fcller\" class=\"read-more\" href=\"https:\/\/photocentrum-berlin.de\/pk\/fotografie-im-dialog\/teilnehmende\/lea-mueller\/\" aria-label=\"Mehr Informationen \u00fcber Lea M\u00fcller\">Weiterlesen<\/a><\/p>\n","protected":false},"author":5,"featured_media":0,"parent":44,"menu_order":0,"comment_status":"closed","ping_status":"closed","template":"","meta":{"footnotes":""},"class_list":["post-523","page","type-page","status-publish"],"_links":{"self":[{"href":"https:\/\/photocentrum-berlin.de\/pk\/fotografie-im-dialog\/wp-json\/wp\/v2\/pages\/523","targetHints":{"allow":["GET"]}}],"collection":[{"href":"https:\/\/photocentrum-berlin.de\/pk\/fotografie-im-dialog\/wp-json\/wp\/v2\/pages"}],"about":[{"href":"https:\/\/photocentrum-berlin.de\/pk\/fotografie-im-dialog\/wp-json\/wp\/v2\/types\/page"}],"author":[{"embeddable":true,"href":"https:\/\/photocentrum-berlin.de\/pk\/fotografie-im-dialog\/wp-json\/wp\/v2\/users\/5"}],"replies":[{"embeddable":true,"href":"https:\/\/photocentrum-berlin.de\/pk\/fotografie-im-dialog\/wp-json\/wp\/v2\/comments?post=523"}],"version-history":[{"count":19,"href":"https:\/\/photocentrum-berlin.de\/pk\/fotografie-im-dialog\/wp-json\/wp\/v2\/pages\/523\/revisions"}],"predecessor-version":[{"id":1104,"href":"https:\/\/photocentrum-berlin.de\/pk\/fotografie-im-dialog\/wp-json\/wp\/v2\/pages\/523\/revisions\/1104"}],"up":[{"embeddable":true,"href":"https:\/\/photocentrum-berlin.de\/pk\/fotografie-im-dialog\/wp-json\/wp\/v2\/pages\/44"}],"wp:attachment":[{"href":"https:\/\/photocentrum-berlin.de\/pk\/fotografie-im-dialog\/wp-json\/wp\/v2\/media?parent=523"}],"curies":[{"name":"wp","href":"https:\/\/api.w.org\/{rel}","templated":true}]}}