{"id":525,"date":"2025-11-04T22:07:17","date_gmt":"2025-11-04T21:07:17","guid":{"rendered":"https:\/\/photocentrum-berlin.de\/pk\/fotografie-im-dialog\/?page_id=525"},"modified":"2025-11-26T14:59:52","modified_gmt":"2025-11-26T13:59:52","slug":"ulrike-rau","status":"publish","type":"page","link":"https:\/\/photocentrum-berlin.de\/pk\/fotografie-im-dialog\/teilnehmende\/ulrike-rau\/","title":{"rendered":"Ulrike Rau"},"content":{"rendered":"\n<h2 class=\"wp-block-heading\">Heimathafen<\/h2>\n\n\n\n<p>Zuhause ist mehr als nur ein Ort \u2013 es ist ein Gef\u00fchl. Ob in der Herkunftsheimat an der Elbe oder in der Wahlheimat auf dem Feld. R\u00e4ume des Wiedererkennens, des Vertrauten und besondere Orte verschmelzen im Dialog zwischen Sehnsucht und Ankommen.<\/p>\n\n\n\n<p><\/p>\n\n\n\n<div>\n<figure class=\"wp-block-gallery has-nested-images columns-default is-cropped wp-block-gallery-1 is-layout-flex wp-block-gallery-is-layout-flex\">\n<figure class=\"wp-block-image size-large\"><img loading=\"lazy\" decoding=\"async\" width=\"1024\" height=\"1024\" data-id=\"591\" src=\"https:\/\/photocentrum-berlin.de\/pk\/fotografie-im-dialog\/wp-content\/uploads\/sites\/5\/2025\/11\/U.R_Heimathafen_01_web_251102-1024x1024.jpg\" alt=\"\" class=\"wp-image-591\" srcset=\"https:\/\/photocentrum-berlin.de\/pk\/fotografie-im-dialog\/wp-content\/uploads\/sites\/5\/2025\/11\/U.R_Heimathafen_01_web_251102-1024x1024.jpg 1024w, https:\/\/photocentrum-berlin.de\/pk\/fotografie-im-dialog\/wp-content\/uploads\/sites\/5\/2025\/11\/U.R_Heimathafen_01_web_251102-300x300.jpg 300w, https:\/\/photocentrum-berlin.de\/pk\/fotografie-im-dialog\/wp-content\/uploads\/sites\/5\/2025\/11\/U.R_Heimathafen_01_web_251102-150x150.jpg 150w, https:\/\/photocentrum-berlin.de\/pk\/fotografie-im-dialog\/wp-content\/uploads\/sites\/5\/2025\/11\/U.R_Heimathafen_01_web_251102-768x768.jpg 768w, https:\/\/photocentrum-berlin.de\/pk\/fotografie-im-dialog\/wp-content\/uploads\/sites\/5\/2025\/11\/U.R_Heimathafen_01_web_251102-1536x1536.jpg 1536w, https:\/\/photocentrum-berlin.de\/pk\/fotografie-im-dialog\/wp-content\/uploads\/sites\/5\/2025\/11\/U.R_Heimathafen_01_web_251102.jpg 1600w\" sizes=\"auto, (max-width: 1024px) 100vw, 1024px\" \/><\/figure>\n\n\n\n<figure class=\"wp-block-image size-large\"><img loading=\"lazy\" decoding=\"async\" width=\"1024\" height=\"1024\" data-id=\"594\" src=\"https:\/\/photocentrum-berlin.de\/pk\/fotografie-im-dialog\/wp-content\/uploads\/sites\/5\/2025\/11\/U.R_Heimathafen_02_web_251102-1024x1024.jpg\" alt=\"\" class=\"wp-image-594\" srcset=\"https:\/\/photocentrum-berlin.de\/pk\/fotografie-im-dialog\/wp-content\/uploads\/sites\/5\/2025\/11\/U.R_Heimathafen_02_web_251102-1024x1024.jpg 1024w, https:\/\/photocentrum-berlin.de\/pk\/fotografie-im-dialog\/wp-content\/uploads\/sites\/5\/2025\/11\/U.R_Heimathafen_02_web_251102-300x300.jpg 300w, https:\/\/photocentrum-berlin.de\/pk\/fotografie-im-dialog\/wp-content\/uploads\/sites\/5\/2025\/11\/U.R_Heimathafen_02_web_251102-150x150.jpg 150w, https:\/\/photocentrum-berlin.de\/pk\/fotografie-im-dialog\/wp-content\/uploads\/sites\/5\/2025\/11\/U.R_Heimathafen_02_web_251102-768x768.jpg 768w, https:\/\/photocentrum-berlin.de\/pk\/fotografie-im-dialog\/wp-content\/uploads\/sites\/5\/2025\/11\/U.R_Heimathafen_02_web_251102-1536x1536.jpg 1536w, https:\/\/photocentrum-berlin.de\/pk\/fotografie-im-dialog\/wp-content\/uploads\/sites\/5\/2025\/11\/U.R_Heimathafen_02_web_251102.jpg 1600w\" sizes=\"auto, (max-width: 1024px) 100vw, 1024px\" \/><\/figure>\n\n\n\n<figure class=\"wp-block-image size-large\"><img loading=\"lazy\" decoding=\"async\" width=\"1024\" height=\"1024\" data-id=\"590\" src=\"https:\/\/photocentrum-berlin.de\/pk\/fotografie-im-dialog\/wp-content\/uploads\/sites\/5\/2025\/11\/U.R_Heimathafen_03_web_251102-1024x1024.jpg\" alt=\"\" class=\"wp-image-590\" srcset=\"https:\/\/photocentrum-berlin.de\/pk\/fotografie-im-dialog\/wp-content\/uploads\/sites\/5\/2025\/11\/U.R_Heimathafen_03_web_251102-1024x1024.jpg 1024w, https:\/\/photocentrum-berlin.de\/pk\/fotografie-im-dialog\/wp-content\/uploads\/sites\/5\/2025\/11\/U.R_Heimathafen_03_web_251102-300x300.jpg 300w, https:\/\/photocentrum-berlin.de\/pk\/fotografie-im-dialog\/wp-content\/uploads\/sites\/5\/2025\/11\/U.R_Heimathafen_03_web_251102-150x150.jpg 150w, https:\/\/photocentrum-berlin.de\/pk\/fotografie-im-dialog\/wp-content\/uploads\/sites\/5\/2025\/11\/U.R_Heimathafen_03_web_251102-768x768.jpg 768w, https:\/\/photocentrum-berlin.de\/pk\/fotografie-im-dialog\/wp-content\/uploads\/sites\/5\/2025\/11\/U.R_Heimathafen_03_web_251102-1536x1536.jpg 1536w, https:\/\/photocentrum-berlin.de\/pk\/fotografie-im-dialog\/wp-content\/uploads\/sites\/5\/2025\/11\/U.R_Heimathafen_03_web_251102.jpg 1600w\" sizes=\"auto, (max-width: 1024px) 100vw, 1024px\" \/><\/figure>\n<\/figure>\n<\/div>\n\n\n\n<h2 class=\"wp-block-heading\"><\/h2>\n\n\n\n<p>Zwei Welten, zwei Heimaten, verbunden durch das Unsichtbare, das mich tr\u00e4gt.<\/p>\n\n\n\n<p>In Hamburg auf dem Wasser und den Landungsbr\u00fccken der F\u00e4hrlinie 62. In Berlin auf den Landebahnen des Tempelhofer Felds. Auf der Suche nach Gemeinsamkeiten und Gegens\u00e4tzen zu WEITE, WIND, GEZEITEN, LEUCHTFEUER, BOJEN, FREIZEIT, AUSSICHT, MOBILIT\u00c4T, FESTMACHERN.<\/p>\n\n\n\n<p><strong>Ulrike Rau<\/strong>, in Hamburg mit analoger Fotografie und Dunkelkammer aufgewachsen, lebt seit 1991 in Berlin. Aus der Architektur kommend, suche ich beim Fotografieren den Dialog zwischen Raum und Licht, zwischen Struktur, Detail und dem Erleben der Menschen. <a href=\"mailto:rau.rau.m.konzepte@gmail.com\">rau.rau.m.konzepte@gmail.com<\/a><\/p>\n\n\n\n<p class=\"has-text-align-right\"> Mein Interesse am Fotografieren mit Nietzsches Worten: <em>\u201eNicht dass man et\u00adwas Neu\u00ades zuerst sieht, son\u00addern dass man das Alte, Alt\u00adbe\u00adkann\u00adte, von <\/em><br><em>Je\u00adder\u00admann Ge\u00adse\u00adhe\u00adne und Ue\u00adber\u00adse\u00adhe\u00adne w i e n e u sieht<\/em>, [&#8230;]<em>\u201c<\/em> <br> F. Nietzsche: Menschliches, Allzumenschliches<\/p>\n","protected":false},"excerpt":{"rendered":"<p>Heimathafen Zuhause ist mehr als nur ein Ort \u2013 es ist ein Gef\u00fchl. Ob in der Herkunftsheimat an der Elbe oder in der Wahlheimat auf dem Feld. R\u00e4ume des Wiedererkennens, des Vertrauten und besondere Orte verschmelzen im Dialog zwischen Sehnsucht und Ankommen. Zwei Welten, zwei Heimaten, verbunden durch das Unsichtbare, das mich tr\u00e4gt. In Hamburg &#8230; <a title=\"Ulrike Rau\" class=\"read-more\" href=\"https:\/\/photocentrum-berlin.de\/pk\/fotografie-im-dialog\/teilnehmende\/ulrike-rau\/\" aria-label=\"Mehr Informationen \u00fcber Ulrike Rau\">Weiterlesen<\/a><\/p>\n","protected":false},"author":5,"featured_media":0,"parent":44,"menu_order":0,"comment_status":"closed","ping_status":"closed","template":"","meta":{"footnotes":""},"class_list":["post-525","page","type-page","status-publish"],"_links":{"self":[{"href":"https:\/\/photocentrum-berlin.de\/pk\/fotografie-im-dialog\/wp-json\/wp\/v2\/pages\/525","targetHints":{"allow":["GET"]}}],"collection":[{"href":"https:\/\/photocentrum-berlin.de\/pk\/fotografie-im-dialog\/wp-json\/wp\/v2\/pages"}],"about":[{"href":"https:\/\/photocentrum-berlin.de\/pk\/fotografie-im-dialog\/wp-json\/wp\/v2\/types\/page"}],"author":[{"embeddable":true,"href":"https:\/\/photocentrum-berlin.de\/pk\/fotografie-im-dialog\/wp-json\/wp\/v2\/users\/5"}],"replies":[{"embeddable":true,"href":"https:\/\/photocentrum-berlin.de\/pk\/fotografie-im-dialog\/wp-json\/wp\/v2\/comments?post=525"}],"version-history":[{"count":24,"href":"https:\/\/photocentrum-berlin.de\/pk\/fotografie-im-dialog\/wp-json\/wp\/v2\/pages\/525\/revisions"}],"predecessor-version":[{"id":1262,"href":"https:\/\/photocentrum-berlin.de\/pk\/fotografie-im-dialog\/wp-json\/wp\/v2\/pages\/525\/revisions\/1262"}],"up":[{"embeddable":true,"href":"https:\/\/photocentrum-berlin.de\/pk\/fotografie-im-dialog\/wp-json\/wp\/v2\/pages\/44"}],"wp:attachment":[{"href":"https:\/\/photocentrum-berlin.de\/pk\/fotografie-im-dialog\/wp-json\/wp\/v2\/media?parent=525"}],"curies":[{"name":"wp","href":"https:\/\/api.w.org\/{rel}","templated":true}]}}