{"id":673,"date":"2025-11-11T19:00:33","date_gmt":"2025-11-11T18:00:33","guid":{"rendered":"https:\/\/photocentrum-berlin.de\/pk\/fotografie-im-dialog\/?page_id=673"},"modified":"2025-11-24T12:27:02","modified_gmt":"2025-11-24T11:27:02","slug":"katharina-miegel","status":"publish","type":"page","link":"https:\/\/photocentrum-berlin.de\/pk\/fotografie-im-dialog\/teilnehmende\/katharina-miegel\/","title":{"rendered":"Katharina Miegel"},"content":{"rendered":"\n<h2 class=\"wp-block-heading\">\u201eIn andern R\u00e4umen \u2013 das Licht\u201c <\/h2>\n\n\n\n<p>Novalis\u2018 \u201e<em>Erste Hymne an die Nacht<\/em>\u201c, in der er die Zusammengeh\u00f6rigkeit, das aufeinander Angewiesensein von Tag und Nacht, von Licht und Dunkel, Leben und Tod deutlich macht, tritt in einen Dialog von Wort und Bild. Zun\u00e4chst das Licht lobend, er\u00f6ffnet das Dunkel ihm eine \u201eheilige Welt\u201c &#8211; \u201efernab, unaussprechlich\u201c.<\/p>\n\n\n\n<div class=\"wp-block-columns is-layout-flex wp-container-core-columns-is-layout-9d6595d7 wp-block-columns-is-layout-flex\">\n<div class=\"wp-block-column is-layout-flow wp-block-column-is-layout-flow\">\n<figure class=\"wp-block-gallery has-nested-images columns-default is-cropped wp-block-gallery-1 is-layout-flex wp-block-gallery-is-layout-flex\">\n<figure class=\"wp-block-image size-full\"><img loading=\"lazy\" decoding=\"async\" width=\"1024\" height=\"1018\" data-id=\"686\" src=\"https:\/\/photocentrum-berlin.de\/pk\/fotografie-im-dialog\/wp-content\/uploads\/sites\/5\/2025\/11\/K.Miegel_In_anderen_Raeumen-das_Licht.5web-1.jpg\" alt=\"\" class=\"wp-image-686\" srcset=\"https:\/\/photocentrum-berlin.de\/pk\/fotografie-im-dialog\/wp-content\/uploads\/sites\/5\/2025\/11\/K.Miegel_In_anderen_Raeumen-das_Licht.5web-1.jpg 1024w, https:\/\/photocentrum-berlin.de\/pk\/fotografie-im-dialog\/wp-content\/uploads\/sites\/5\/2025\/11\/K.Miegel_In_anderen_Raeumen-das_Licht.5web-1-300x298.jpg 300w, https:\/\/photocentrum-berlin.de\/pk\/fotografie-im-dialog\/wp-content\/uploads\/sites\/5\/2025\/11\/K.Miegel_In_anderen_Raeumen-das_Licht.5web-1-150x150.jpg 150w, https:\/\/photocentrum-berlin.de\/pk\/fotografie-im-dialog\/wp-content\/uploads\/sites\/5\/2025\/11\/K.Miegel_In_anderen_Raeumen-das_Licht.5web-1-768x764.jpg 768w\" sizes=\"auto, (max-width: 1024px) 100vw, 1024px\" \/><\/figure>\n\n\n\n<figure class=\"wp-block-image size-full\"><img loading=\"lazy\" decoding=\"async\" width=\"1024\" height=\"1016\" data-id=\"685\" src=\"https:\/\/photocentrum-berlin.de\/pk\/fotografie-im-dialog\/wp-content\/uploads\/sites\/5\/2025\/11\/K.Miegel_In_anderen_Raeumen-das_Licht.4web.jpg\" alt=\"\" class=\"wp-image-685\" srcset=\"https:\/\/photocentrum-berlin.de\/pk\/fotografie-im-dialog\/wp-content\/uploads\/sites\/5\/2025\/11\/K.Miegel_In_anderen_Raeumen-das_Licht.4web.jpg 1024w, https:\/\/photocentrum-berlin.de\/pk\/fotografie-im-dialog\/wp-content\/uploads\/sites\/5\/2025\/11\/K.Miegel_In_anderen_Raeumen-das_Licht.4web-300x298.jpg 300w, https:\/\/photocentrum-berlin.de\/pk\/fotografie-im-dialog\/wp-content\/uploads\/sites\/5\/2025\/11\/K.Miegel_In_anderen_Raeumen-das_Licht.4web-150x150.jpg 150w, https:\/\/photocentrum-berlin.de\/pk\/fotografie-im-dialog\/wp-content\/uploads\/sites\/5\/2025\/11\/K.Miegel_In_anderen_Raeumen-das_Licht.4web-768x762.jpg 768w\" sizes=\"auto, (max-width: 1024px) 100vw, 1024px\" \/><\/figure>\n<\/figure>\n<\/div>\n\n\n\n<div class=\"wp-block-column is-layout-flow wp-block-column-is-layout-flow\">\n<figure class=\"wp-block-gallery has-nested-images columns-default is-cropped wp-block-gallery-2 is-layout-flex wp-block-gallery-is-layout-flex\">\n<figure class=\"wp-block-image size-large\"><img loading=\"lazy\" decoding=\"async\" width=\"1024\" height=\"1016\" data-id=\"682\" src=\"https:\/\/photocentrum-berlin.de\/pk\/fotografie-im-dialog\/wp-content\/uploads\/sites\/5\/2025\/11\/K.Miegel_In_anderen_Raeumen-das_Licht.1web-1024x1016.jpg\" alt=\"\" class=\"wp-image-682\" srcset=\"https:\/\/photocentrum-berlin.de\/pk\/fotografie-im-dialog\/wp-content\/uploads\/sites\/5\/2025\/11\/K.Miegel_In_anderen_Raeumen-das_Licht.1web-1024x1016.jpg 1024w, https:\/\/photocentrum-berlin.de\/pk\/fotografie-im-dialog\/wp-content\/uploads\/sites\/5\/2025\/11\/K.Miegel_In_anderen_Raeumen-das_Licht.1web-300x298.jpg 300w, https:\/\/photocentrum-berlin.de\/pk\/fotografie-im-dialog\/wp-content\/uploads\/sites\/5\/2025\/11\/K.Miegel_In_anderen_Raeumen-das_Licht.1web-150x150.jpg 150w, https:\/\/photocentrum-berlin.de\/pk\/fotografie-im-dialog\/wp-content\/uploads\/sites\/5\/2025\/11\/K.Miegel_In_anderen_Raeumen-das_Licht.1web-768x762.jpg 768w, https:\/\/photocentrum-berlin.de\/pk\/fotografie-im-dialog\/wp-content\/uploads\/sites\/5\/2025\/11\/K.Miegel_In_anderen_Raeumen-das_Licht.1web-1536x1524.jpg 1536w, https:\/\/photocentrum-berlin.de\/pk\/fotografie-im-dialog\/wp-content\/uploads\/sites\/5\/2025\/11\/K.Miegel_In_anderen_Raeumen-das_Licht.1web-2048x2031.jpg 2048w\" sizes=\"auto, (max-width: 1024px) 100vw, 1024px\" \/><\/figure>\n\n\n\n<figure class=\"wp-block-image size-large\"><img loading=\"lazy\" decoding=\"async\" width=\"1024\" height=\"1015\" data-id=\"684\" src=\"https:\/\/photocentrum-berlin.de\/pk\/fotografie-im-dialog\/wp-content\/uploads\/sites\/5\/2025\/11\/K.Miegel_In_anderen_Raeumen-das_Licht.3web-1.jpg\" alt=\"\" class=\"wp-image-684\" srcset=\"https:\/\/photocentrum-berlin.de\/pk\/fotografie-im-dialog\/wp-content\/uploads\/sites\/5\/2025\/11\/K.Miegel_In_anderen_Raeumen-das_Licht.3web-1.jpg 1024w, https:\/\/photocentrum-berlin.de\/pk\/fotografie-im-dialog\/wp-content\/uploads\/sites\/5\/2025\/11\/K.Miegel_In_anderen_Raeumen-das_Licht.3web-1-300x297.jpg 300w, https:\/\/photocentrum-berlin.de\/pk\/fotografie-im-dialog\/wp-content\/uploads\/sites\/5\/2025\/11\/K.Miegel_In_anderen_Raeumen-das_Licht.3web-1-150x150.jpg 150w, https:\/\/photocentrum-berlin.de\/pk\/fotografie-im-dialog\/wp-content\/uploads\/sites\/5\/2025\/11\/K.Miegel_In_anderen_Raeumen-das_Licht.3web-1-768x761.jpg 768w\" sizes=\"auto, (max-width: 1024px) 100vw, 1024px\" \/><\/figure>\n<\/figure>\n<\/div>\n<\/div>\n\n\n\n<p>Wie reagiere ich fotografisch auf diese Gedanken des Gedichtes? Wie formt das Gesehene das Verst\u00e4ndnis des h\u00f6rbar gemachten Wortes? Es ist eine Suche nach dem Geheimnis im Allt\u00e4glichen, ein Blick ins Dunkle, ins Unerkl\u00e4rliche.<\/p>\n\n\n\n<p><strong>Katharina Miegel <\/strong>(Berlin). Aus dem Schauspiel und dem Tanz kommend bedeutet f\u00fcr mich der Blick durchs Objektiv die Suche nach dem Besonderen im Allt\u00e4glichen, Sch\u00f6nheit und Geheimnis in dem, was uns umgibt, bedeutsam werden zu lassen und festhalten zu k\u00f6nnen. Ein Versuch &#8211; ganz nach Novalis: \u201e<em>Dem Gemeinen einen hohen Sinn, dem Gew\u00f6hnlichen ein geheimnisvolles Ansehn, dem Bekannten die W\u00fcrde des Unbekannten, dem Endlichen einen unendlichen Schein<\/em>\u201c zu geben.<\/p>\n","protected":false},"excerpt":{"rendered":"<p>\u201eIn andern R\u00e4umen \u2013 das Licht\u201c Novalis\u2018 \u201eErste Hymne an die Nacht\u201c, in der er die Zusammengeh\u00f6rigkeit, das aufeinander Angewiesensein von Tag und Nacht, von Licht und Dunkel, Leben und Tod deutlich macht, tritt in einen Dialog von Wort und Bild. Zun\u00e4chst das Licht lobend, er\u00f6ffnet das Dunkel ihm eine \u201eheilige Welt\u201c &#8211; \u201efernab, unaussprechlich\u201c. &#8230; <a title=\"Katharina Miegel\" class=\"read-more\" href=\"https:\/\/photocentrum-berlin.de\/pk\/fotografie-im-dialog\/teilnehmende\/katharina-miegel\/\" aria-label=\"Mehr Informationen \u00fcber Katharina Miegel\">Weiterlesen<\/a><\/p>\n","protected":false},"author":5,"featured_media":0,"parent":44,"menu_order":0,"comment_status":"closed","ping_status":"closed","template":"","meta":{"footnotes":""},"class_list":["post-673","page","type-page","status-publish"],"_links":{"self":[{"href":"https:\/\/photocentrum-berlin.de\/pk\/fotografie-im-dialog\/wp-json\/wp\/v2\/pages\/673","targetHints":{"allow":["GET"]}}],"collection":[{"href":"https:\/\/photocentrum-berlin.de\/pk\/fotografie-im-dialog\/wp-json\/wp\/v2\/pages"}],"about":[{"href":"https:\/\/photocentrum-berlin.de\/pk\/fotografie-im-dialog\/wp-json\/wp\/v2\/types\/page"}],"author":[{"embeddable":true,"href":"https:\/\/photocentrum-berlin.de\/pk\/fotografie-im-dialog\/wp-json\/wp\/v2\/users\/5"}],"replies":[{"embeddable":true,"href":"https:\/\/photocentrum-berlin.de\/pk\/fotografie-im-dialog\/wp-json\/wp\/v2\/comments?post=673"}],"version-history":[{"count":10,"href":"https:\/\/photocentrum-berlin.de\/pk\/fotografie-im-dialog\/wp-json\/wp\/v2\/pages\/673\/revisions"}],"predecessor-version":[{"id":1114,"href":"https:\/\/photocentrum-berlin.de\/pk\/fotografie-im-dialog\/wp-json\/wp\/v2\/pages\/673\/revisions\/1114"}],"up":[{"embeddable":true,"href":"https:\/\/photocentrum-berlin.de\/pk\/fotografie-im-dialog\/wp-json\/wp\/v2\/pages\/44"}],"wp:attachment":[{"href":"https:\/\/photocentrum-berlin.de\/pk\/fotografie-im-dialog\/wp-json\/wp\/v2\/media?parent=673"}],"curies":[{"name":"wp","href":"https:\/\/api.w.org\/{rel}","templated":true}]}}