{"id":109,"date":"2024-06-25T16:11:11","date_gmt":"2024-06-25T16:11:11","guid":{"rendered":"https:\/\/das-leben-der-dinge.exhibit.photocentrum.de\/?page_id=109"},"modified":"2025-12-22T17:16:35","modified_gmt":"2025-12-22T16:16:35","slug":"fotografie-im-dialog","status":"publish","type":"page","link":"https:\/\/photocentrum-berlin.de\/pk\/unterdemselbenhimmel\/","title":{"rendered":"Ausstellung"},"content":{"rendered":"\n<figure class=\"wp-block-image size-large is-resized\"><img loading=\"lazy\" decoding=\"async\" width=\"1024\" height=\"272\" src=\"https:\/\/photocentrum-berlin.de\/pk\/unterdemselbenhimmel\/wp-content\/uploads\/sites\/6\/2025\/12\/Banner-Homepage-Unter-demselben-Himmel-1024x272.png\" alt=\"\" class=\"wp-image-1338\" style=\"width:1120px;height:auto\" srcset=\"https:\/\/photocentrum-berlin.de\/pk\/unterdemselbenhimmel\/wp-content\/uploads\/sites\/6\/2025\/12\/Banner-Homepage-Unter-demselben-Himmel-1024x272.png 1024w, https:\/\/photocentrum-berlin.de\/pk\/unterdemselbenhimmel\/wp-content\/uploads\/sites\/6\/2025\/12\/Banner-Homepage-Unter-demselben-Himmel-300x80.png 300w, https:\/\/photocentrum-berlin.de\/pk\/unterdemselbenhimmel\/wp-content\/uploads\/sites\/6\/2025\/12\/Banner-Homepage-Unter-demselben-Himmel-768x204.png 768w, https:\/\/photocentrum-berlin.de\/pk\/unterdemselbenhimmel\/wp-content\/uploads\/sites\/6\/2025\/12\/Banner-Homepage-Unter-demselben-Himmel-1536x408.png 1536w, https:\/\/photocentrum-berlin.de\/pk\/unterdemselbenhimmel\/wp-content\/uploads\/sites\/6\/2025\/12\/Banner-Homepage-Unter-demselben-Himmel-2048x543.png 2048w\" sizes=\"auto, (max-width: 1024px) 100vw, 1024px\" \/><\/figure>\n\n\n\n<p><\/p>\n\n\n\n<p><strong>Reportagen \u00fcber Religion und Gesellschaft<\/strong><\/p>\n\n\n\n<p>Zum Auftakt und zur Er\u00f6ffnung der neuen Fotogalerie des Photocentrums im Bethanien pr\u00e4sentieren die Teilnehmer*innen der Projektklasse Reportagefotografie unter der Leitung der Fotojournalistin Ann-Christine Jansson die Ausstellung \u201eUnter demselben Himmel. Reportagen \u00fcber Religion und Gesellschaft\u201c.<\/p>\n\n\n\n<p>Religion und Gesellschaft sind eng miteinander verwoben. Sie beeinflussen sich nicht nur gegenseitig, sondern auch Geschichtsschreibung, Kultur und Politik bis heute. Religion kann spalten und zusammenf\u00fchren. In ihrem Namen wird Gemeinschaft geschaffen und Mitgef\u00fchl gelehrt, aber auch Krieg gef\u00fchrt und Genozid begangen.<\/p>\n\n\n\n<p>Die fotografischen Erz\u00e4hlungen bewegen sich von Deutschland bis Bosnien, von der Ibn-Rushd-Goethe-Moschee bis zur Hostienb\u00e4ckerei, sie erz\u00e4hlen von Liebe und Hass. Aus unterschiedlichen Blickwinkeln zeigt die Ausstellung die Vielf\u00e4ltigkeit von Glaube, Religion und Spiritualit\u00e4t.&nbsp;<\/p>\n\n\n\n<p>Der Eintritt ist frei, zur Ausstellung erscheint ein Katalog.<br><\/p>\n\n\n\n<p><strong>Rahmenprogramm<\/strong>:<\/p>\n\n\n\n<p><strong>Fr. 30.01.26, 19 Uhr:<\/strong> Vernissage und Er\u00f6ffnung der Fotogalerie des Photocentrums, Kunstquartier Bethanien, Mariennenplatz 2, 10997 Berlin<\/p>\n\n\n\n<p><strong>Do. 12.02.26, 19 Uhr:<\/strong> Bildvortrag und Gespr\u00e4ch mit dem Fotojournalisten Sascha Montag\/Zeitenspiegel, ausgezeichnet u.&nbsp;a. mit dem Deutschen Sozialpreis und dem Constructive World Award<\/p>\n\n\n\n<p><strong>Sa.&nbsp; 07.02.26 <\/strong>und Sa<strong>. 14.02.26,<\/strong> jeweils um <strong>15 Uhr <\/strong>F\u00fchrung durch die Ausstellung<\/p>\n\n\n\n<p><strong>\u00d6ffnungszeiten:<\/strong><br>Do &#8211; So: 14:00 &#8211; 20:00 Uhr<br>31.01.26 &#8211; 13.03.26<\/p>\n\n\n\n<p><strong>Adresse:<\/strong><br>Fotogalerie Bethanien, Kunstquartier Bethanien, Mariannenplatz 2, 10997 Berlin<\/p>\n\n\n\n<p><\/p>\n\n\n\n<p>Medienpartner: <a href=\"https:\/\/www.photography-in.berlin\/\" data-type=\"link\" data-id=\"https:\/\/www.photography-in.berlin\/fotogalerie-friedrichshain-sandra-ratkovic-really\/\" target=\"_blank\" rel=\"noreferrer noopener nofollow\">PiB &#8211; Photography in Berlin<\/a><\/p>\n","protected":false},"excerpt":{"rendered":"<p>Reportagen \u00fcber Religion und Gesellschaft Zum Auftakt und zur Er\u00f6ffnung der neuen Fotogalerie des Photocentrums im Bethanien pr\u00e4sentieren die Teilnehmer*innen der Projektklasse Reportagefotografie unter der Leitung der Fotojournalistin Ann-Christine Jansson die Ausstellung \u201eUnter demselben Himmel. Reportagen \u00fcber Religion und Gesellschaft\u201c. Religion und Gesellschaft sind eng miteinander verwoben. Sie beeinflussen sich nicht nur gegenseitig, sondern auch &#8230; <a title=\"Ausstellung\" class=\"read-more\" href=\"https:\/\/photocentrum-berlin.de\/pk\/unterdemselbenhimmel\/\" aria-label=\"Mehr Informationen \u00fcber Ausstellung\">Weiterlesen<\/a><\/p>\n","protected":false},"author":1,"featured_media":0,"parent":0,"menu_order":1,"comment_status":"closed","ping_status":"closed","template":"","meta":{"footnotes":""},"class_list":["post-109","page","type-page","status-publish"],"_links":{"self":[{"href":"https:\/\/photocentrum-berlin.de\/pk\/unterdemselbenhimmel\/wp-json\/wp\/v2\/pages\/109","targetHints":{"allow":["GET"]}}],"collection":[{"href":"https:\/\/photocentrum-berlin.de\/pk\/unterdemselbenhimmel\/wp-json\/wp\/v2\/pages"}],"about":[{"href":"https:\/\/photocentrum-berlin.de\/pk\/unterdemselbenhimmel\/wp-json\/wp\/v2\/types\/page"}],"author":[{"embeddable":true,"href":"https:\/\/photocentrum-berlin.de\/pk\/unterdemselbenhimmel\/wp-json\/wp\/v2\/users\/1"}],"replies":[{"embeddable":true,"href":"https:\/\/photocentrum-berlin.de\/pk\/unterdemselbenhimmel\/wp-json\/wp\/v2\/comments?post=109"}],"version-history":[{"count":15,"href":"https:\/\/photocentrum-berlin.de\/pk\/unterdemselbenhimmel\/wp-json\/wp\/v2\/pages\/109\/revisions"}],"predecessor-version":[{"id":1474,"href":"https:\/\/photocentrum-berlin.de\/pk\/unterdemselbenhimmel\/wp-json\/wp\/v2\/pages\/109\/revisions\/1474"}],"wp:attachment":[{"href":"https:\/\/photocentrum-berlin.de\/pk\/unterdemselbenhimmel\/wp-json\/wp\/v2\/media?parent=109"}],"curies":[{"name":"wp","href":"https:\/\/api.w.org\/{rel}","templated":true}]}}