{"id":1358,"date":"2025-12-14T21:26:40","date_gmt":"2025-12-14T20:26:40","guid":{"rendered":"https:\/\/photocentrum-berlin.de\/pk\/unterdemselbenhimmel\/?page_id=1358"},"modified":"2026-02-06T12:38:39","modified_gmt":"2026-02-06T11:38:39","slug":"zwangsarbeit-in-der-evangelischen-kirche","status":"publish","type":"page","link":"https:\/\/photocentrum-berlin.de\/pk\/unterdemselbenhimmel\/thema\/zwangsarbeit-in-der-evangelischen-kirche\/","title":{"rendered":"Rick Andersson: Oblivion"},"content":{"rendered":"\n<p>Das mutma\u00dflich einzige Zwangsarbeiterlager im gesamten Dritten Reich, das von den gro\u00dfen Kirchen des Landes geplant, finanziert und betrieben wurde.<br><br>Mitten in Berlin. Jahrzehnte lang verdr\u00e4ngt und verschwiegen. Seit Jahren engagieren sich Menschen daf\u00fcr, diesen Teil der Geschichte freizulegen und ein w\u00fcrdiges Gedenken zu erm\u00f6glichen. So viele Opfer sind vergessen, so wenig erinnert heute an sie. <br><br>Einige neue Plakate, der erste Wintersturm tr\u00e4gt sie davon.<br><br>Ein Gedenkstein pr\u00e4gt diesen Ort dauerhaft, doch auch er bleibt zur H\u00e4lfte leer.<\/p>\n\n\n\n<h2 class=\"wp-block-heading\">Oblivion<\/h2>\n\n\n\n<p>by Rick Andersson<\/p>\n\n\n\n<p>The only known forced labor camp in the entire Third Reich &#8211; planned, finance and operated by the country&#8217;s major churches. <br><br>Right in the heart of Berlin. For decades suppressed and silenced. For years, people have been working to uncover this part of history and create a dignified memorial. So many victims are forgotten, so little commemorates them today. <br><br>A few new posters; the first winter storm carries them away.<br><br>A memorial stone marks this site, it remains half empty.<\/p>\n","protected":false},"excerpt":{"rendered":"<p>Das mutma\u00dflich einzige Zwangsarbeiterlager im gesamten Dritten Reich, das von den gro\u00dfen Kirchen des Landes geplant, finanziert und betrieben wurde. Mitten in Berlin. Jahrzehnte lang verdr\u00e4ngt und verschwiegen. Seit Jahren engagieren sich Menschen daf\u00fcr, diesen Teil der Geschichte freizulegen und ein w\u00fcrdiges Gedenken zu erm\u00f6glichen. So viele Opfer sind vergessen, so wenig erinnert heute an &#8230; <a title=\"Rick Andersson: Oblivion\" class=\"read-more\" href=\"https:\/\/photocentrum-berlin.de\/pk\/unterdemselbenhimmel\/thema\/zwangsarbeit-in-der-evangelischen-kirche\/\" aria-label=\"Mehr Informationen \u00fcber Rick Andersson: Oblivion\">Weiterlesen<\/a><\/p>\n","protected":false},"author":6,"featured_media":1564,"parent":1027,"menu_order":0,"comment_status":"closed","ping_status":"closed","template":"","meta":{"footnotes":""},"class_list":["post-1358","page","type-page","status-publish","has-post-thumbnail"],"_links":{"self":[{"href":"https:\/\/photocentrum-berlin.de\/pk\/unterdemselbenhimmel\/wp-json\/wp\/v2\/pages\/1358","targetHints":{"allow":["GET"]}}],"collection":[{"href":"https:\/\/photocentrum-berlin.de\/pk\/unterdemselbenhimmel\/wp-json\/wp\/v2\/pages"}],"about":[{"href":"https:\/\/photocentrum-berlin.de\/pk\/unterdemselbenhimmel\/wp-json\/wp\/v2\/types\/page"}],"author":[{"embeddable":true,"href":"https:\/\/photocentrum-berlin.de\/pk\/unterdemselbenhimmel\/wp-json\/wp\/v2\/users\/6"}],"replies":[{"embeddable":true,"href":"https:\/\/photocentrum-berlin.de\/pk\/unterdemselbenhimmel\/wp-json\/wp\/v2\/comments?post=1358"}],"version-history":[{"count":4,"href":"https:\/\/photocentrum-berlin.de\/pk\/unterdemselbenhimmel\/wp-json\/wp\/v2\/pages\/1358\/revisions"}],"predecessor-version":[{"id":1528,"href":"https:\/\/photocentrum-berlin.de\/pk\/unterdemselbenhimmel\/wp-json\/wp\/v2\/pages\/1358\/revisions\/1528"}],"up":[{"embeddable":true,"href":"https:\/\/photocentrum-berlin.de\/pk\/unterdemselbenhimmel\/wp-json\/wp\/v2\/pages\/1027"}],"wp:featuredmedia":[{"embeddable":true,"href":"https:\/\/photocentrum-berlin.de\/pk\/unterdemselbenhimmel\/wp-json\/wp\/v2\/media\/1564"}],"wp:attachment":[{"href":"https:\/\/photocentrum-berlin.de\/pk\/unterdemselbenhimmel\/wp-json\/wp\/v2\/media?parent=1358"}],"curies":[{"name":"wp","href":"https:\/\/api.w.org\/{rel}","templated":true}]}}