{"id":1364,"date":"2025-12-16T22:51:44","date_gmt":"2025-12-16T21:51:44","guid":{"rendered":"https:\/\/photocentrum-berlin.de\/pk\/unterdemselbenhimmel\/?page_id=1364"},"modified":"2026-02-05T20:02:09","modified_gmt":"2026-02-05T19:02:09","slug":"paul-schweiger","status":"publish","type":"page","link":"https:\/\/photocentrum-berlin.de\/pk\/unterdemselbenhimmel\/fotografinnen\/paul-schweiger\/","title":{"rendered":"Paul Schweiger"},"content":{"rendered":"\n<p>Geboren in Frankfurt am Main. Lebt seit 10 Jahren in Berlin und besch\u00e4ftigt sich als ausgebildeter Kaufmann f\u00fcr audiovisuelle Medien mit Film, Fotos und Finanzbuchhaltung. Fotografie bedeutet dabei die M\u00f6glichkeit, T\u00fcren zu \u00f6ffnen und neue Welten zu erschlie\u00dfen. Schwerpunkte sind Menschen und ihre Umgebungen &#8211; ob sozial oder architektonisch.&nbsp;<\/p>\n\n\n\n<p><a href=\"http:\/\/www.derschweigerste.de\/\">www.derschweigerste.de<\/a> \/ @derschweigerste<\/p>\n\n\n\n<h2 class=\"wp-block-heading\">Paul Schweiger<\/h2>\n\n\n\n<p>born in Frankfurt am Main. Has lived in Berlin for 10 years and, as a trained audiovisual media specialist, works with film, photos, and financial accounting. Photography means the opportunity to open doors and discover new worlds. Focus on people and their environments\u2014whether social or architectural. <br><br><a href=\"http:\/\/www.derschweigerste.de\/\">www.derschweigerste.de<\/a> \/ @derschweigerste<\/p>\n","protected":false},"excerpt":{"rendered":"<p>Geboren in Frankfurt am Main. Lebt seit 10 Jahren in Berlin und besch\u00e4ftigt sich als ausgebildeter Kaufmann f\u00fcr audiovisuelle Medien mit Film, Fotos und Finanzbuchhaltung. Fotografie bedeutet dabei die M\u00f6glichkeit, T\u00fcren zu \u00f6ffnen und neue Welten zu erschlie\u00dfen. Schwerpunkte sind Menschen und ihre Umgebungen &#8211; ob sozial oder architektonisch.&nbsp; www.derschweigerste.de \/ @derschweigerste Paul Schweiger born &#8230; <a title=\"Paul Schweiger\" class=\"read-more\" href=\"https:\/\/photocentrum-berlin.de\/pk\/unterdemselbenhimmel\/fotografinnen\/paul-schweiger\/\" aria-label=\"Mehr Informationen \u00fcber Paul Schweiger\">Weiterlesen<\/a><\/p>\n","protected":false},"author":6,"featured_media":0,"parent":44,"menu_order":0,"comment_status":"closed","ping_status":"closed","template":"","meta":{"footnotes":""},"class_list":["post-1364","page","type-page","status-publish"],"_links":{"self":[{"href":"https:\/\/photocentrum-berlin.de\/pk\/unterdemselbenhimmel\/wp-json\/wp\/v2\/pages\/1364","targetHints":{"allow":["GET"]}}],"collection":[{"href":"https:\/\/photocentrum-berlin.de\/pk\/unterdemselbenhimmel\/wp-json\/wp\/v2\/pages"}],"about":[{"href":"https:\/\/photocentrum-berlin.de\/pk\/unterdemselbenhimmel\/wp-json\/wp\/v2\/types\/page"}],"author":[{"embeddable":true,"href":"https:\/\/photocentrum-berlin.de\/pk\/unterdemselbenhimmel\/wp-json\/wp\/v2\/users\/6"}],"replies":[{"embeddable":true,"href":"https:\/\/photocentrum-berlin.de\/pk\/unterdemselbenhimmel\/wp-json\/wp\/v2\/comments?post=1364"}],"version-history":[{"count":2,"href":"https:\/\/photocentrum-berlin.de\/pk\/unterdemselbenhimmel\/wp-json\/wp\/v2\/pages\/1364\/revisions"}],"predecessor-version":[{"id":1560,"href":"https:\/\/photocentrum-berlin.de\/pk\/unterdemselbenhimmel\/wp-json\/wp\/v2\/pages\/1364\/revisions\/1560"}],"up":[{"embeddable":true,"href":"https:\/\/photocentrum-berlin.de\/pk\/unterdemselbenhimmel\/wp-json\/wp\/v2\/pages\/44"}],"wp:attachment":[{"href":"https:\/\/photocentrum-berlin.de\/pk\/unterdemselbenhimmel\/wp-json\/wp\/v2\/media?parent=1364"}],"curies":[{"name":"wp","href":"https:\/\/api.w.org\/{rel}","templated":true}]}}