{"id":1368,"date":"2025-12-16T23:07:58","date_gmt":"2025-12-16T22:07:58","guid":{"rendered":"https:\/\/photocentrum-berlin.de\/pk\/unterdemselbenhimmel\/?page_id=1368"},"modified":"2026-02-05T19:36:54","modified_gmt":"2026-02-05T18:36:54","slug":"charlotte-janus","status":"publish","type":"page","link":"https:\/\/photocentrum-berlin.de\/pk\/unterdemselbenhimmel\/fotografinnen\/charlotte-janus\/","title":{"rendered":"Charlotte Janus"},"content":{"rendered":"\n<p>Geboren in Hamburg. Studium der Geschichte und Sozialwissenschaften in Berlin, London und Berkeley. Journalistische und redaktionelle T\u00e4tigkeit bei der Deutschen Presse-Agentur (dpa), ZEIT ONLINE und t-online. Zuletzt lag der Fokus ihrer Arbeit auf der Vermittlung historischer und sozial-politischer Themen in den sozialen Medien. Sie hat eine gro\u00dfe Leidenschaft daf\u00fcr, Neues auf der Welt zu entdecken. Die Fotografie nutzt sie auf ihren Reisen, um innezuhalten und fl\u00fcchtigen Momenten einen Raum in der Erinnerung zu verschaffen.<\/p>\n\n\n\n<h2 class=\"wp-block-heading\">Charlotte Janus<\/h2>\n\n\n\n<p>born in Hamburg. Studied History and Social Sciences in Berlin, London, and Berkeley. Worked as a journalist and editor at the German Press Agency (dpa), ZEIT ONLINE, and t-online. Most recently, her work has focused on communicating historical and socio-political topics on social media. She has a great passion for discovering new things in the world. She uses photography on her travels to pause and create a space in her memory for fleeting moments.<\/p>\n\n\n\n<p><\/p>\n","protected":false},"excerpt":{"rendered":"<p>Geboren in Hamburg. Studium der Geschichte und Sozialwissenschaften in Berlin, London und Berkeley. Journalistische und redaktionelle T\u00e4tigkeit bei der Deutschen Presse-Agentur (dpa), ZEIT ONLINE und t-online. Zuletzt lag der Fokus ihrer Arbeit auf der Vermittlung historischer und sozial-politischer Themen in den sozialen Medien. Sie hat eine gro\u00dfe Leidenschaft daf\u00fcr, Neues auf der Welt zu entdecken. &#8230; <a title=\"Charlotte Janus\" class=\"read-more\" href=\"https:\/\/photocentrum-berlin.de\/pk\/unterdemselbenhimmel\/fotografinnen\/charlotte-janus\/\" aria-label=\"Mehr Informationen \u00fcber Charlotte Janus\">Weiterlesen<\/a><\/p>\n","protected":false},"author":6,"featured_media":0,"parent":44,"menu_order":0,"comment_status":"closed","ping_status":"closed","template":"","meta":{"footnotes":""},"class_list":["post-1368","page","type-page","status-publish"],"_links":{"self":[{"href":"https:\/\/photocentrum-berlin.de\/pk\/unterdemselbenhimmel\/wp-json\/wp\/v2\/pages\/1368","targetHints":{"allow":["GET"]}}],"collection":[{"href":"https:\/\/photocentrum-berlin.de\/pk\/unterdemselbenhimmel\/wp-json\/wp\/v2\/pages"}],"about":[{"href":"https:\/\/photocentrum-berlin.de\/pk\/unterdemselbenhimmel\/wp-json\/wp\/v2\/types\/page"}],"author":[{"embeddable":true,"href":"https:\/\/photocentrum-berlin.de\/pk\/unterdemselbenhimmel\/wp-json\/wp\/v2\/users\/6"}],"replies":[{"embeddable":true,"href":"https:\/\/photocentrum-berlin.de\/pk\/unterdemselbenhimmel\/wp-json\/wp\/v2\/comments?post=1368"}],"version-history":[{"count":2,"href":"https:\/\/photocentrum-berlin.de\/pk\/unterdemselbenhimmel\/wp-json\/wp\/v2\/pages\/1368\/revisions"}],"predecessor-version":[{"id":1542,"href":"https:\/\/photocentrum-berlin.de\/pk\/unterdemselbenhimmel\/wp-json\/wp\/v2\/pages\/1368\/revisions\/1542"}],"up":[{"embeddable":true,"href":"https:\/\/photocentrum-berlin.de\/pk\/unterdemselbenhimmel\/wp-json\/wp\/v2\/pages\/44"}],"wp:attachment":[{"href":"https:\/\/photocentrum-berlin.de\/pk\/unterdemselbenhimmel\/wp-json\/wp\/v2\/media?parent=1368"}],"curies":[{"name":"wp","href":"https:\/\/api.w.org\/{rel}","templated":true}]}}