{"id":1370,"date":"2025-12-16T23:09:40","date_gmt":"2025-12-16T22:09:40","guid":{"rendered":"https:\/\/photocentrum-berlin.de\/pk\/unterdemselbenhimmel\/?page_id=1370"},"modified":"2026-02-05T19:41:39","modified_gmt":"2026-02-05T18:41:39","slug":"friederike-kronauer","status":"publish","type":"page","link":"https:\/\/photocentrum-berlin.de\/pk\/unterdemselbenhimmel\/fotografinnen\/friederike-kronauer\/","title":{"rendered":"Friederike Kronauer"},"content":{"rendered":"\n<p>geboren in Aachen, Studium Geschichte, Sinologie, Zentralasienwissenschaften, jetzt Lehrerin f\u00fcr Deutsch als Fremdsprache.&nbsp;<\/p>\n\n\n\n<p>Erst auf Reisen, sp\u00e4ter auch zu Hause findet sie Ideen, Motive, Geschichten. Fotografie motiviert sie, rauszugehen, Kontakt aufzunehmen, Neues kennenzulernen, genauer hinzusehen. Ihre Themenbereiche: Musik, Tanz, Stadtnatur, Reiseportraits. <br><br>Gruppenausstellung 2017 <em>Berlin Stories<\/em>, 2019 zum 25. Geburtstag des Mauerparks, fortgef\u00fchrt 2020 im B\u00fcro der Gr\u00fcnen in der Prenzlauer Allee, Berlin.<\/p>\n\n\n\n<p><a href=\"http:\/\/friederikekronauer.de\" data-type=\"link\" data-id=\"http:\/\/friederikekronauer.de\">friederikekronauer.de<\/a><\/p>\n\n\n\n<h2 class=\"wp-block-heading\">Friederike Kronauer<\/h2>\n\n\n\n<p>born in Aachen, studied History, Sinology, and Central Asian Studies, now a teacher of German as a foreign language.<br><br>First while traveling, later also at home, she finds ideas, motifs, and stories. Photography motivates her to go out, make contact, learn new things, and take a closer look. Her areas of interest: music, dance, urban nature, travel portraits. <br><br>Group exhibition 2017 Berlin Stories, 2019 on the 25th anniversary of Mauerpark, continued in 2020 at the Green Party office in Prenzlauer Allee, Berlin.<\/p>\n\n\n\n<p><a href=\"http:\/\/friederikekronauer.de\" data-type=\"link\" data-id=\"http:\/\/friederikekronauer.de\">friederikekronauer.de<\/a><\/p>\n\n\n\n<p><\/p>\n","protected":false},"excerpt":{"rendered":"<p>geboren in Aachen, Studium Geschichte, Sinologie, Zentralasienwissenschaften, jetzt Lehrerin f\u00fcr Deutsch als Fremdsprache.&nbsp; Erst auf Reisen, sp\u00e4ter auch zu Hause findet sie Ideen, Motive, Geschichten. Fotografie motiviert sie, rauszugehen, Kontakt aufzunehmen, Neues kennenzulernen, genauer hinzusehen. Ihre Themenbereiche: Musik, Tanz, Stadtnatur, Reiseportraits. Gruppenausstellung 2017 Berlin Stories, 2019 zum 25. Geburtstag des Mauerparks, fortgef\u00fchrt 2020 im B\u00fcro &#8230; <a title=\"Friederike Kronauer\" class=\"read-more\" href=\"https:\/\/photocentrum-berlin.de\/pk\/unterdemselbenhimmel\/fotografinnen\/friederike-kronauer\/\" aria-label=\"Mehr Informationen \u00fcber Friederike Kronauer\">Weiterlesen<\/a><\/p>\n","protected":false},"author":6,"featured_media":0,"parent":44,"menu_order":0,"comment_status":"closed","ping_status":"closed","template":"","meta":{"footnotes":""},"class_list":["post-1370","page","type-page","status-publish"],"_links":{"self":[{"href":"https:\/\/photocentrum-berlin.de\/pk\/unterdemselbenhimmel\/wp-json\/wp\/v2\/pages\/1370","targetHints":{"allow":["GET"]}}],"collection":[{"href":"https:\/\/photocentrum-berlin.de\/pk\/unterdemselbenhimmel\/wp-json\/wp\/v2\/pages"}],"about":[{"href":"https:\/\/photocentrum-berlin.de\/pk\/unterdemselbenhimmel\/wp-json\/wp\/v2\/types\/page"}],"author":[{"embeddable":true,"href":"https:\/\/photocentrum-berlin.de\/pk\/unterdemselbenhimmel\/wp-json\/wp\/v2\/users\/6"}],"replies":[{"embeddable":true,"href":"https:\/\/photocentrum-berlin.de\/pk\/unterdemselbenhimmel\/wp-json\/wp\/v2\/comments?post=1370"}],"version-history":[{"count":3,"href":"https:\/\/photocentrum-berlin.de\/pk\/unterdemselbenhimmel\/wp-json\/wp\/v2\/pages\/1370\/revisions"}],"predecessor-version":[{"id":1546,"href":"https:\/\/photocentrum-berlin.de\/pk\/unterdemselbenhimmel\/wp-json\/wp\/v2\/pages\/1370\/revisions\/1546"}],"up":[{"embeddable":true,"href":"https:\/\/photocentrum-berlin.de\/pk\/unterdemselbenhimmel\/wp-json\/wp\/v2\/pages\/44"}],"wp:attachment":[{"href":"https:\/\/photocentrum-berlin.de\/pk\/unterdemselbenhimmel\/wp-json\/wp\/v2\/media?parent=1370"}],"curies":[{"name":"wp","href":"https:\/\/api.w.org\/{rel}","templated":true}]}}