{"id":1384,"date":"2025-12-16T23:14:21","date_gmt":"2025-12-16T22:14:21","guid":{"rendered":"https:\/\/photocentrum-berlin.de\/pk\/unterdemselbenhimmel\/?page_id=1384"},"modified":"2026-02-05T19:35:10","modified_gmt":"2026-02-05T18:35:10","slug":"anne-goldmann","status":"publish","type":"page","link":"https:\/\/photocentrum-berlin.de\/pk\/unterdemselbenhimmel\/fotografinnen\/anne-goldmann\/","title":{"rendered":"Anne Goldmann"},"content":{"rendered":"\n<p>Von NRW nach Berlin zum Studium der Sinologie und Theaterwissenschaft, sp\u00e4ter Goldschmiedeausbildung mit Meisterabschluss. Aufbau und Leitung einer Ausbildungswerkstatt f\u00fcr sozial benachteiligte junge Frauen. Ehrenamtliches Engagement. K\u00fcnstlerischer Fokus auf Skulptur und Photographie mit biografischem Bezug. Gruppenausstellung <em>Chaos und Ordnung<\/em> 2024 und Festivalbeitrag f\u00fcr <em>48 Stunden Neuk\u00f6lln<\/em> 2025.&nbsp;<\/p>\n\n\n\n<p><a href=\"https:\/\/goldanne.de\/\">https:\/\/goldanne.de<\/a> \/ <a href=\"https:\/\/www.instagram.com\/anne_goldfrau\/\" data-type=\"link\" data-id=\"https:\/\/www.instagram.com\/anne_goldfrau\/\">@anne_goldfrau<\/a><\/p>\n\n\n\n<h2 class=\"wp-block-heading\">Anne Goldmann<\/h2>\n\n\n\n<p>moved from North Rhine-Westphalla to Berlin to study Sinology and Theater Studies, later trained as a goldsmith with a master&#8217;s degree. Established and managed a training workshop for socially disadvantaged young women. Volunteer work. Artistic focus on sculpture and photography with biographical references. <br><br>Group exhibition Chaos und Ordnung 2024 (Chaos and Order 2024) and festival contribution for 48 Stunden Neuk\u00f6lln 2025.<br><a href=\"https:\/\/goldanne.de\">https:\/\/goldanne.de<\/a> \/ <a href=\"https:\/\/www.instagram.com\/anne_goldfrau\/\" data-type=\"link\" data-id=\"https:\/\/www.instagram.com\/anne_goldfrau\/\">@anne_goldfrau<\/a><\/p>\n\n\n\n<p><\/p>\n","protected":false},"excerpt":{"rendered":"<p>Von NRW nach Berlin zum Studium der Sinologie und Theaterwissenschaft, sp\u00e4ter Goldschmiedeausbildung mit Meisterabschluss. Aufbau und Leitung einer Ausbildungswerkstatt f\u00fcr sozial benachteiligte junge Frauen. Ehrenamtliches Engagement. K\u00fcnstlerischer Fokus auf Skulptur und Photographie mit biografischem Bezug. Gruppenausstellung Chaos und Ordnung 2024 und Festivalbeitrag f\u00fcr 48 Stunden Neuk\u00f6lln 2025.&nbsp; https:\/\/goldanne.de \/ @anne_goldfrau Anne Goldmann moved from North &#8230; <a title=\"Anne Goldmann\" class=\"read-more\" href=\"https:\/\/photocentrum-berlin.de\/pk\/unterdemselbenhimmel\/fotografinnen\/anne-goldmann\/\" aria-label=\"Mehr Informationen \u00fcber Anne Goldmann\">Weiterlesen<\/a><\/p>\n","protected":false},"author":6,"featured_media":0,"parent":44,"menu_order":0,"comment_status":"closed","ping_status":"closed","template":"","meta":{"footnotes":""},"class_list":["post-1384","page","type-page","status-publish"],"_links":{"self":[{"href":"https:\/\/photocentrum-berlin.de\/pk\/unterdemselbenhimmel\/wp-json\/wp\/v2\/pages\/1384","targetHints":{"allow":["GET"]}}],"collection":[{"href":"https:\/\/photocentrum-berlin.de\/pk\/unterdemselbenhimmel\/wp-json\/wp\/v2\/pages"}],"about":[{"href":"https:\/\/photocentrum-berlin.de\/pk\/unterdemselbenhimmel\/wp-json\/wp\/v2\/types\/page"}],"author":[{"embeddable":true,"href":"https:\/\/photocentrum-berlin.de\/pk\/unterdemselbenhimmel\/wp-json\/wp\/v2\/users\/6"}],"replies":[{"embeddable":true,"href":"https:\/\/photocentrum-berlin.de\/pk\/unterdemselbenhimmel\/wp-json\/wp\/v2\/comments?post=1384"}],"version-history":[{"count":2,"href":"https:\/\/photocentrum-berlin.de\/pk\/unterdemselbenhimmel\/wp-json\/wp\/v2\/pages\/1384\/revisions"}],"predecessor-version":[{"id":1541,"href":"https:\/\/photocentrum-berlin.de\/pk\/unterdemselbenhimmel\/wp-json\/wp\/v2\/pages\/1384\/revisions\/1541"}],"up":[{"embeddable":true,"href":"https:\/\/photocentrum-berlin.de\/pk\/unterdemselbenhimmel\/wp-json\/wp\/v2\/pages\/44"}],"wp:attachment":[{"href":"https:\/\/photocentrum-berlin.de\/pk\/unterdemselbenhimmel\/wp-json\/wp\/v2\/media?parent=1384"}],"curies":[{"name":"wp","href":"https:\/\/api.w.org\/{rel}","templated":true}]}}