{"id":1401,"date":"2025-12-16T23:51:26","date_gmt":"2025-12-16T22:51:26","guid":{"rendered":"https:\/\/photocentrum-berlin.de\/pk\/unterdemselbenhimmel\/?page_id=1401"},"modified":"2026-02-05T18:34:37","modified_gmt":"2026-02-05T17:34:37","slug":"charlotte-janus-ruhe-bewahren","status":"publish","type":"page","link":"https:\/\/photocentrum-berlin.de\/pk\/unterdemselbenhimmel\/thema\/charlotte-janus-ruhe-bewahren\/","title":{"rendered":"Charlotte Janus: Ruhe bewahren"},"content":{"rendered":"\n<p>Hoch im Norden von Berlin, in Frohnau, thront eine m\u00e4chtige Villa auf einem H\u00fcgel im Wald. Wer den scheinbar endlosen Aufstieg \u00fcber die 73 Stufen wagt, erreicht einen Ort der Spiritualit\u00e4t, Gemeinschaft und Ruhe.<\/p>\n\n\n\n<p>Das Buddhistisch Haus ist der \u00e4lteste buddhistische Tempel Europas. Mehrere M\u00f6nche residieren hier. In ihren orangefarbenen Gew\u00e4ndern durchstreifen sie den Ort. Sie studieren, lehren, leiten Meditationen an und teilen ihre Erkenntnisse mit Gl\u00e4ubigen wie Suchende.<\/p>\n\n\n\n<p>Besonders Menschen aus Sri Lanka kommen hier zusammen, um Gespr\u00e4che zu f\u00fchren und ihren Glauben zu leben. Sie zollen Buddha ihren Respekt und speisen die M\u00f6nche. Viele von ihnen haben den weiten Weg nach Deutschland ganz alleine auf sich genommen \u2013 f\u00fcr die Arbeit. Nun wollen sie sich ein neues Leben und neue Verbindungen aufbauen.<\/p>\n\n\n\n<p>In einer speziell f\u00fcr sie gehaltenen Meditation widmen sich die M\u00f6nche den Themen Heimat, Einsamkeit und Distanz. Dann gilt es den Blick auf eine gelb-bl\u00e4ulich schimmernde Flamme zur richten. Stille kehrt ein. Nur eines z\u00e4hlt: Das Licht. Die M\u00f6nche helfen dabei, Belastendes loszulassen. Ein Armband zur Segnung soll diese innere Ruhe auch drau\u00dfen im Alltag der Fremde bewahren.<\/p>\n\n\n\n<h2 class=\"wp-block-heading\"><strong>Keeping inner peace<\/strong><\/h2>\n\n\n\n<p>by Charlotte Janus<\/p>\n\n\n\n<p>High in the north of Berlin, in Frohnau, a mighty villa sits enthroned on a forested hill. Those who dare to climb the seemingly endless 73 steps reach a place of spirituality, community, and tranquility.<br><br>The Buddhist House is the oldest Buddhist temple in Europe. Several monks reside here. They roam the grounds in their orange robes. They study, teach, lead meditations, and share their insights with believers and seekers alike.<br><br>People from Sri Lanka in particular come here to engage in conversation and live their faith. They pay their respects to Buddha and feed the monks. Many of them have made the long journey to Germany all by themselves \u2013 for work. Now they want to build a new life and new connections.<br><br>In a meditation held especially for them, the monks address issues of belonging, loneliness, and distance. Then it is time to focus on a yellow-blue shimmering flame. Silence descends. Only the light matters. The monks help them let go of their burdens. A bracelet for blessing is intended to preserve the inner peace outside, in the everyday life of a foreign country.<\/p>\n","protected":false},"excerpt":{"rendered":"<p>Hoch im Norden von Berlin, in Frohnau, thront eine m\u00e4chtige Villa auf einem H\u00fcgel im Wald. Wer den scheinbar endlosen Aufstieg \u00fcber die 73 Stufen wagt, erreicht einen Ort der Spiritualit\u00e4t, Gemeinschaft und Ruhe. Das Buddhistisch Haus ist der \u00e4lteste buddhistische Tempel Europas. Mehrere M\u00f6nche residieren hier. In ihren orangefarbenen Gew\u00e4ndern durchstreifen sie den Ort. &#8230; <a title=\"Charlotte Janus: Ruhe bewahren\" class=\"read-more\" href=\"https:\/\/photocentrum-berlin.de\/pk\/unterdemselbenhimmel\/thema\/charlotte-janus-ruhe-bewahren\/\" aria-label=\"Mehr Informationen \u00fcber Charlotte Janus: Ruhe bewahren\">Weiterlesen<\/a><\/p>\n","protected":false},"author":6,"featured_media":1503,"parent":1027,"menu_order":0,"comment_status":"closed","ping_status":"closed","template":"","meta":{"footnotes":""},"class_list":["post-1401","page","type-page","status-publish","has-post-thumbnail"],"_links":{"self":[{"href":"https:\/\/photocentrum-berlin.de\/pk\/unterdemselbenhimmel\/wp-json\/wp\/v2\/pages\/1401","targetHints":{"allow":["GET"]}}],"collection":[{"href":"https:\/\/photocentrum-berlin.de\/pk\/unterdemselbenhimmel\/wp-json\/wp\/v2\/pages"}],"about":[{"href":"https:\/\/photocentrum-berlin.de\/pk\/unterdemselbenhimmel\/wp-json\/wp\/v2\/types\/page"}],"author":[{"embeddable":true,"href":"https:\/\/photocentrum-berlin.de\/pk\/unterdemselbenhimmel\/wp-json\/wp\/v2\/users\/6"}],"replies":[{"embeddable":true,"href":"https:\/\/photocentrum-berlin.de\/pk\/unterdemselbenhimmel\/wp-json\/wp\/v2\/comments?post=1401"}],"version-history":[{"count":4,"href":"https:\/\/photocentrum-berlin.de\/pk\/unterdemselbenhimmel\/wp-json\/wp\/v2\/pages\/1401\/revisions"}],"predecessor-version":[{"id":1506,"href":"https:\/\/photocentrum-berlin.de\/pk\/unterdemselbenhimmel\/wp-json\/wp\/v2\/pages\/1401\/revisions\/1506"}],"up":[{"embeddable":true,"href":"https:\/\/photocentrum-berlin.de\/pk\/unterdemselbenhimmel\/wp-json\/wp\/v2\/pages\/1027"}],"wp:featuredmedia":[{"embeddable":true,"href":"https:\/\/photocentrum-berlin.de\/pk\/unterdemselbenhimmel\/wp-json\/wp\/v2\/media\/1503"}],"wp:attachment":[{"href":"https:\/\/photocentrum-berlin.de\/pk\/unterdemselbenhimmel\/wp-json\/wp\/v2\/media?parent=1401"}],"curies":[{"name":"wp","href":"https:\/\/api.w.org\/{rel}","templated":true}]}}