{"id":1406,"date":"2025-12-16T23:54:38","date_gmt":"2025-12-16T22:54:38","guid":{"rendered":"https:\/\/photocentrum-berlin.de\/pk\/unterdemselbenhimmel\/?page_id=1406"},"modified":"2026-02-11T16:17:53","modified_gmt":"2026-02-11T15:17:53","slug":"luna-afra-evans-queer-trans-juedisch","status":"publish","type":"page","link":"https:\/\/photocentrum-berlin.de\/pk\/unterdemselbenhimmel\/thema\/luna-afra-evans-queer-trans-juedisch\/","title":{"rendered":"L. A. Evans: Queer. Trans. J\u00fcdisch."},"content":{"rendered":"\n<p>Religionen und Queerness werden h\u00e4ufig einander gegen\u00fcber gestellt. Als sei jegliche Auslegung&nbsp; einer Religion ein rigider Lebensentwurf, der keine Abweichungen einer angeblichen Norm zul\u00e4sst. Gleichzeitig werden queere und trans Personen auf der ganzen Welt aus Familien und Gemeinden ausgeschlossen und versto\u00dfen.<\/p>\n\n\n\n<p>Viele Menschen haben klare, h\u00e4ufig klischeebehaftete Vorstellungen davon, wie man als queere trans oder j\u00fcdische Person auszusehen hat. Diese Arbeit setzt sich mit der&nbsp;\u00dcberschneidung genau dieser Perspektiven auf Augenh\u00f6he auseinander.&nbsp;<\/p>\n\n\n\n<p>\u00dcber ein Jahr begleitete ich daf\u00fcr verschiedene Personen; manche, die schon Teil meines Alltags waren, und andere, die durch dieses Projekt in mein Leben kamen. Ich begleitete sie bei Spazierg\u00e4ngen, besuchte sie zuhause, durfte lernen und beobachten.<\/p>\n\n\n\n<p>Bei der Arbeit war mir ein vertrauensvolles Verh\u00e4ltnis wichtig. Ich versuche hier, gemeinsam mit den Portr\u00e4tierten eine Ausdrucksform zu finden, in der sie sich gesehen f\u00fchlen. Und um eine Art des Portraits zu finden, die auch Betrachtende ber\u00fchrt.<\/p>\n\n\n\n<h2 class=\"wp-block-heading\">Queer. Trans. Jewish.<\/h2>\n\n\n\n<p>by L.A. Evans<\/p>\n\n\n\n<p>Religions and queerness are often juxtaposed with one another, as if any interpretation of religion were a rigid blueprint for life that does not allow for any deviations from a supposed norm.<br><br>At the same time, queer and transpeople are excluded and rejected by families and communities worldwide.<br><br>Many people have dear, often dich\u00e9d ideas about what a queer, trans, or Jewish person should look like.<br><br>This work deals with the authentic overlap of these perspectives on an equal footing.<br><br>Over the course of a year, I accompanied various people for this project; some who l already knew, and others who came into my life through this project. We went for walks, I visited them at home, and I was allowed to learn and observe. A trusting relationship was important to me in my work.<br>Together with the subjects, I try to find a form of expression in which they feel seen. And to find a type of portrait that also touches the viewer.<\/p>\n","protected":false},"excerpt":{"rendered":"<p>Religionen und Queerness werden h\u00e4ufig einander gegen\u00fcber gestellt. Als sei jegliche Auslegung&nbsp; einer Religion ein rigider Lebensentwurf, der keine Abweichungen einer angeblichen Norm zul\u00e4sst. Gleichzeitig werden queere und trans Personen auf der ganzen Welt aus Familien und Gemeinden ausgeschlossen und versto\u00dfen. Viele Menschen haben klare, h\u00e4ufig klischeebehaftete Vorstellungen davon, wie man als queere trans oder &#8230; <a title=\"L. A. Evans: Queer. Trans. J\u00fcdisch.\" class=\"read-more\" href=\"https:\/\/photocentrum-berlin.de\/pk\/unterdemselbenhimmel\/thema\/luna-afra-evans-queer-trans-juedisch\/\" aria-label=\"Mehr Informationen \u00fcber L. A. Evans: Queer. Trans. J\u00fcdisch.\">Weiterlesen<\/a><\/p>\n","protected":false},"author":6,"featured_media":1565,"parent":1027,"menu_order":0,"comment_status":"closed","ping_status":"closed","template":"","meta":{"footnotes":""},"class_list":["post-1406","page","type-page","status-publish","has-post-thumbnail"],"_links":{"self":[{"href":"https:\/\/photocentrum-berlin.de\/pk\/unterdemselbenhimmel\/wp-json\/wp\/v2\/pages\/1406","targetHints":{"allow":["GET"]}}],"collection":[{"href":"https:\/\/photocentrum-berlin.de\/pk\/unterdemselbenhimmel\/wp-json\/wp\/v2\/pages"}],"about":[{"href":"https:\/\/photocentrum-berlin.de\/pk\/unterdemselbenhimmel\/wp-json\/wp\/v2\/types\/page"}],"author":[{"embeddable":true,"href":"https:\/\/photocentrum-berlin.de\/pk\/unterdemselbenhimmel\/wp-json\/wp\/v2\/users\/6"}],"replies":[{"embeddable":true,"href":"https:\/\/photocentrum-berlin.de\/pk\/unterdemselbenhimmel\/wp-json\/wp\/v2\/comments?post=1406"}],"version-history":[{"count":4,"href":"https:\/\/photocentrum-berlin.de\/pk\/unterdemselbenhimmel\/wp-json\/wp\/v2\/pages\/1406\/revisions"}],"predecessor-version":[{"id":1517,"href":"https:\/\/photocentrum-berlin.de\/pk\/unterdemselbenhimmel\/wp-json\/wp\/v2\/pages\/1406\/revisions\/1517"}],"up":[{"embeddable":true,"href":"https:\/\/photocentrum-berlin.de\/pk\/unterdemselbenhimmel\/wp-json\/wp\/v2\/pages\/1027"}],"wp:featuredmedia":[{"embeddable":true,"href":"https:\/\/photocentrum-berlin.de\/pk\/unterdemselbenhimmel\/wp-json\/wp\/v2\/media\/1565"}],"wp:attachment":[{"href":"https:\/\/photocentrum-berlin.de\/pk\/unterdemselbenhimmel\/wp-json\/wp\/v2\/media?parent=1406"}],"curies":[{"name":"wp","href":"https:\/\/api.w.org\/{rel}","templated":true}]}}