{"id":1408,"date":"2025-12-16T23:55:01","date_gmt":"2025-12-16T22:55:01","guid":{"rendered":"https:\/\/photocentrum-berlin.de\/pk\/unterdemselbenhimmel\/?page_id=1408"},"modified":"2026-02-05T19:22:22","modified_gmt":"2026-02-05T18:22:22","slug":"anne-goldmann-ich-habe-einen-traum","status":"publish","type":"page","link":"https:\/\/photocentrum-berlin.de\/pk\/unterdemselbenhimmel\/thema\/anne-goldmann-ich-habe-einen-traum\/","title":{"rendered":"Anne Goldmann: Ich habe einen Traum"},"content":{"rendered":"\n<p>Lange Jahre habe ich mich nicht mehr f\u00fcr Religion interessiert.<br><br>F\u00fcr eine junge Frau sah ich keinen Platz in der katholischen Kirche, in deren Glauben ich aufwuchs und von der ich mich fr\u00fch schon abwandte, da ich sie als zu dogmatisch, konservativ und patriarchal erlebte.<br><br>Inmitten des religi\u00f6s aufgepeitschten Weltgeschehens, mit all seinen brodelnden Konflikten, entdeckte ich hier in Berlin eine Vision! Einen Ort, an dem sich drei Religionen zusammentun, um ein Haus zu bauen f\u00fcr gegenseitige Akzeptanz und gemeinsamen Austausch!<br><br>Noch ist diese Vision nicht umgesetzt, der Ort eine Baustelle und der Weg von der Idee bis zum fertigen Haus ein langer, b\u00fcrokratisch wie wirtschaftlich beschwerlicher.<br><br>Doch die Idee lebt und tr\u00e4gt ihre Botschaft in die Welt: von der Bildungsarbeit im Klassenzimmer und am Baustellenbretterzaun \u00fcber monatliche Friedensgebete und andere nationale wie internationale Aktivit\u00e4ten und Kooperationen bis hin zu einem dynamischen jungen Podcast von drei Frauen, die ihre jeweiligen Religionen vertreten.<br><br>Das \u201eHouse of one&#8220; ist aktiv und zwar frisch, frech und auch feminin!<br><br>Ich w\u00fcnsche uns allen, dass diese Vision Wirklichkeit wird und tr\u00e4ume von einem Haus, in dem nicht nur drei sondern f\u00fcnf, zehn oder mehr Religionen zusammenkommen!<\/p>\n\n\n\n<h2 class=\"wp-block-heading\">I have a dream<\/h2>\n\n\n\n<p>by Anne Goldmann<\/p>\n\n\n\n<p>For many years, I was not interested in religion. As a young woman I never found my place in the Catholic Church although I was raised in its faith. <br>I turned away from it early because I experienced it as too dogmatic, conservative, and patriarchal to me.<br><br>In a world inflamed by religious conflicts, I discovered here in Berlin a vision! A place where three religions come together to build a house for mutual acceptance and shared exchange!<br><br>This vision is still a work-in-progress &#8211; the place is a construction site, and the path from the idea to the finished house is filled with both bureaucratic and economic challenges.<br><br>But the idea lives and carries its message into the world: from educational projects in classrooms and at the construction-site fence to monthly peace prayers to other national as well as international activities and collaborations, up to a dynamic young podcast by three women, who each represents her respective religion.<br><br>The House of One is active-fresh, bold, and also feminine!<br><br>I hope this vision becomes reality, as I dream of a house where not only three but five, ten, or more religions come together!<\/p>\n","protected":false},"excerpt":{"rendered":"<p>Lange Jahre habe ich mich nicht mehr f\u00fcr Religion interessiert. F\u00fcr eine junge Frau sah ich keinen Platz in der katholischen Kirche, in deren Glauben ich aufwuchs und von der ich mich fr\u00fch schon abwandte, da ich sie als zu dogmatisch, konservativ und patriarchal erlebte. Inmitten des religi\u00f6s aufgepeitschten Weltgeschehens, mit all seinen brodelnden Konflikten, &#8230; <a title=\"Anne Goldmann: Ich habe einen Traum\" class=\"read-more\" href=\"https:\/\/photocentrum-berlin.de\/pk\/unterdemselbenhimmel\/thema\/anne-goldmann-ich-habe-einen-traum\/\" aria-label=\"Mehr Informationen \u00fcber Anne Goldmann: Ich habe einen Traum\">Weiterlesen<\/a><\/p>\n","protected":false},"author":6,"featured_media":1530,"parent":1027,"menu_order":0,"comment_status":"closed","ping_status":"closed","template":"","meta":{"footnotes":""},"class_list":["post-1408","page","type-page","status-publish","has-post-thumbnail"],"_links":{"self":[{"href":"https:\/\/photocentrum-berlin.de\/pk\/unterdemselbenhimmel\/wp-json\/wp\/v2\/pages\/1408","targetHints":{"allow":["GET"]}}],"collection":[{"href":"https:\/\/photocentrum-berlin.de\/pk\/unterdemselbenhimmel\/wp-json\/wp\/v2\/pages"}],"about":[{"href":"https:\/\/photocentrum-berlin.de\/pk\/unterdemselbenhimmel\/wp-json\/wp\/v2\/types\/page"}],"author":[{"embeddable":true,"href":"https:\/\/photocentrum-berlin.de\/pk\/unterdemselbenhimmel\/wp-json\/wp\/v2\/users\/6"}],"replies":[{"embeddable":true,"href":"https:\/\/photocentrum-berlin.de\/pk\/unterdemselbenhimmel\/wp-json\/wp\/v2\/comments?post=1408"}],"version-history":[{"count":3,"href":"https:\/\/photocentrum-berlin.de\/pk\/unterdemselbenhimmel\/wp-json\/wp\/v2\/pages\/1408\/revisions"}],"predecessor-version":[{"id":1532,"href":"https:\/\/photocentrum-berlin.de\/pk\/unterdemselbenhimmel\/wp-json\/wp\/v2\/pages\/1408\/revisions\/1532"}],"up":[{"embeddable":true,"href":"https:\/\/photocentrum-berlin.de\/pk\/unterdemselbenhimmel\/wp-json\/wp\/v2\/pages\/1027"}],"wp:featuredmedia":[{"embeddable":true,"href":"https:\/\/photocentrum-berlin.de\/pk\/unterdemselbenhimmel\/wp-json\/wp\/v2\/media\/1530"}],"wp:attachment":[{"href":"https:\/\/photocentrum-berlin.de\/pk\/unterdemselbenhimmel\/wp-json\/wp\/v2\/media?parent=1408"}],"curies":[{"name":"wp","href":"https:\/\/api.w.org\/{rel}","templated":true}]}}