{"id":1412,"date":"2025-12-16T23:55:46","date_gmt":"2025-12-16T22:55:46","guid":{"rendered":"https:\/\/photocentrum-berlin.de\/pk\/unterdemselbenhimmel\/?page_id=1412"},"modified":"2026-02-05T19:09:44","modified_gmt":"2026-02-05T18:09:44","slug":"chusa-lanzuela-gracia-semana-santa","status":"publish","type":"page","link":"https:\/\/photocentrum-berlin.de\/pk\/unterdemselbenhimmel\/thema\/chusa-lanzuela-gracia-semana-santa\/","title":{"rendered":"Chusa Lanzuela &#8222;Miss Lata&#8220;: Semana Santa"},"content":{"rendered":"\n<p>Diese fotografische Serie entstand beim Erleben der Karwoche in Valencia \u2013 einer R\u00fcckkehr nach Jahren der Distanz zum katholischen Glauben, der meine Kindheit und Bildung gepr\u00e4gt hat.<br><br>In Berlin zu leben, in einer anderen Kultur,\u00a0ver\u00e4ndert meinen Blick auf meine religi\u00f6se\u00a0Herkunft:\u00a0Ich beobachte die Prozessionen mit ihren tausenden Darstellenden nun von au\u00dfen, mit einer Mischung aus Emotion, Befremden und Angst. Die Kraft des Rituals, sein Fanatismus, seine Sch\u00f6nheit und H\u00e4rte ber\u00fchren mich.<br><br>Die Karwoche erscheint als Spiegel meiner Erinnerung und zugleich als B\u00fchne, auf der sich das Geistliche mit\u00a0dem Sozialen, Kulturellen und Emotionalen verbindet. Die Bruderschaften, mit ihrer Ordnung und ihrem Gemeinschaftsgef\u00fchl, zeigen das menschliche Bed\u00fcrfnis nach Zugeh\u00f6rigkeit, nach einem gemeinsamen Erleben, nach einer geteilten Geschichte.<br><br>Zugleich zeigt\u00a0sich, wie Religion Gef\u00fchle und Identit\u00e4t formt: Sie st\u00e4rkt Bindungen, errichtet aber auch Hierarchien und symbolische Machtstrukturen. Was als Inbrunst erlebt wird, kann Fanatismus streifen; was als Hingabe gefeiert wird, kann zum Spektakel werden.<\/p>\n\n\n\n<h2 class=\"wp-block-heading\"><strong>Semana Santa<\/strong><\/h2>\n\n\n\n<p>by Chusa Lanzuela &#8222;Miss Lata&#8220;<\/p>\n\n\n\n<p>This photographic series was created during Holy Week in Valencia \u2013 a return after years of distance from the Catholic faith that shaped my childhood and education.<\/p>\n\n\n\n<p>Living in Berlin, in a different culture, has changed my view of my religious background: I now observe the processions with their thousands of performers from the outside, with a mixture of emotion, alienation and fear. The power of the ritual, its fanaticism, its beauty and harshness move me.<\/p>\n\n\n\n<p>Holy Week appears as a mirror&nbsp;of my memory and at the same time as a stage on which the spiritual connects with the social, cultural and emotional. The brotherhoods, with their order and sense of community, demonstrate the human need for belonging, for a shared experience and history.<\/p>\n\n\n\n<p>At the same time, it shows how religion shapes feelings and identity: it strengthens bonds, but also establishes hierarchies and symbolic power structures. What is experienced as fervour can border on fanaticism; what is celebrated as devotion can become spectacle.<\/p>\n\n\n\n<p><\/p>\n","protected":false},"excerpt":{"rendered":"<p>Diese fotografische Serie entstand beim Erleben der Karwoche in Valencia \u2013 einer R\u00fcckkehr nach Jahren der Distanz zum katholischen Glauben, der meine Kindheit und Bildung gepr\u00e4gt hat. In Berlin zu leben, in einer anderen Kultur,\u00a0ver\u00e4ndert meinen Blick auf meine religi\u00f6se\u00a0Herkunft:\u00a0Ich beobachte die Prozessionen mit ihren tausenden Darstellenden nun von au\u00dfen, mit einer Mischung aus Emotion, &#8230; <a title=\"Chusa Lanzuela &#8222;Miss Lata&#8220;: Semana Santa\" class=\"read-more\" href=\"https:\/\/photocentrum-berlin.de\/pk\/unterdemselbenhimmel\/thema\/chusa-lanzuela-gracia-semana-santa\/\" aria-label=\"Mehr Informationen \u00fcber Chusa Lanzuela &#8222;Miss Lata&#8220;: Semana Santa\">Weiterlesen<\/a><\/p>\n","protected":false},"author":6,"featured_media":1519,"parent":1027,"menu_order":0,"comment_status":"closed","ping_status":"closed","template":"","meta":{"footnotes":""},"class_list":["post-1412","page","type-page","status-publish","has-post-thumbnail"],"_links":{"self":[{"href":"https:\/\/photocentrum-berlin.de\/pk\/unterdemselbenhimmel\/wp-json\/wp\/v2\/pages\/1412","targetHints":{"allow":["GET"]}}],"collection":[{"href":"https:\/\/photocentrum-berlin.de\/pk\/unterdemselbenhimmel\/wp-json\/wp\/v2\/pages"}],"about":[{"href":"https:\/\/photocentrum-berlin.de\/pk\/unterdemselbenhimmel\/wp-json\/wp\/v2\/types\/page"}],"author":[{"embeddable":true,"href":"https:\/\/photocentrum-berlin.de\/pk\/unterdemselbenhimmel\/wp-json\/wp\/v2\/users\/6"}],"replies":[{"embeddable":true,"href":"https:\/\/photocentrum-berlin.de\/pk\/unterdemselbenhimmel\/wp-json\/wp\/v2\/comments?post=1412"}],"version-history":[{"count":4,"href":"https:\/\/photocentrum-berlin.de\/pk\/unterdemselbenhimmel\/wp-json\/wp\/v2\/pages\/1412\/revisions"}],"predecessor-version":[{"id":1522,"href":"https:\/\/photocentrum-berlin.de\/pk\/unterdemselbenhimmel\/wp-json\/wp\/v2\/pages\/1412\/revisions\/1522"}],"up":[{"embeddable":true,"href":"https:\/\/photocentrum-berlin.de\/pk\/unterdemselbenhimmel\/wp-json\/wp\/v2\/pages\/1027"}],"wp:featuredmedia":[{"embeddable":true,"href":"https:\/\/photocentrum-berlin.de\/pk\/unterdemselbenhimmel\/wp-json\/wp\/v2\/media\/1519"}],"wp:attachment":[{"href":"https:\/\/photocentrum-berlin.de\/pk\/unterdemselbenhimmel\/wp-json\/wp\/v2\/media?parent=1412"}],"curies":[{"name":"wp","href":"https:\/\/api.w.org\/{rel}","templated":true}]}}