{"id":1416,"date":"2025-12-16T23:56:26","date_gmt":"2025-12-16T22:56:26","guid":{"rendered":"https:\/\/photocentrum-berlin.de\/pk\/unterdemselbenhimmel\/?page_id=1416"},"modified":"2026-02-05T19:29:48","modified_gmt":"2026-02-05T18:29:48","slug":"paul-ferdinand-mitzscherling-religionsfreiheit","status":"publish","type":"page","link":"https:\/\/photocentrum-berlin.de\/pk\/unterdemselbenhimmel\/thema\/paul-ferdinand-mitzscherling-religionsfreiheit\/","title":{"rendered":"Paul-Ferdinand Mitzscherling: Religionsfreiheit?"},"content":{"rendered":"\n<p>Ich bin mit Geschichten \u00fcber die abscheulichen Verbrechen des Zweiten Weltkriegs und des Nationalsozialismus aufgewachsen. In letzter Zeit gibt es auch in Berlin wieder h\u00e4ufiger antisemitische Vorf\u00e4lle. Ein Beispiel hierf\u00fcr ist der Messerangriff am Holocaust-Mahnmal am 21. Februar 2025, bei dem die Generalbundesanwaltschaft von einer antisemitischen Gesinnung des T\u00e4ters ausgeht. Um mir ein eigenes Bild zu machen, habe ich mich auf die Suche nach j\u00fcdischen Orten in Berlin begeben.<br><br>Vor jeder Synagoge sind die Sicherheitsma\u00dfnahmen deutlich sichtbar. Um das Grundrecht der freien Religionsaus\u00fcbung zu gew\u00e4hrleisten, erhalten j\u00fcdische Gemeinden staatliche Unterst\u00fctzung. Wie aus einer schriftlichen Abgeordnetenanfrage vom 12. Juni 2025 hervorgeht, ist seit 2023 eine h\u00f6here Gef\u00e4hrdung j\u00fcdischer Gemeinden zu verzeichnen. Es sind mehr \u00f6ffentliche Mittel f\u00fcr Sicherheitstechnik und ein umfangreicherer Polizeischutz notwendig, da ansonsten Artikel 4 des Grundgesetzes nicht garantiert w\u00e4re: \u201eDie ungest\u00f6rte Religionsaus\u00fcbung wird gew\u00e4hrleistet.&#8220;<br><br>Mit meinen Fotos versuche ich, die derzeitige Situation vor j\u00fcdischen Orten festzuhalten. Ich m\u00f6chte zeigen, welche Sicherheitsma\u00dfnahmen vor j\u00fcdischen Gebetsh\u00e4usern sowie Erinnerungsorten in Berlin im Jahr 2025 notwendig sind.<\/p>\n\n\n\n<h2 class=\"wp-block-heading\">Religious Freedom?<\/h2>\n\n\n\n<p>by Paul-Ferdinand Mitzscherling<\/p>\n\n\n\n<p>I grew up hearing stories about the outrageous crimes of World War Il and Nazism. Recently, there have been more frequent anti-Semitic incidents in Berlin. One example is the knife attack at the Holocaust Memorial on February 21, 2025, which the Federal Prosecutor General&#8217;s Office believes was motivated by antisemitism. To form my own opinion, I set out to find Jewish sites in Berlin.<br><br>Security measures are clearly visible outside every synagogue. Jewish communities receive state support to guarantee their fundamental right to freedom of religion. According to a parliamentary written question dated 12 June 2025, there has been an increased threat to Jewish communities since 2023. More public funds are needed for security technology and extensive police protection; otherwise, Article 4 of the Grundgesetz would not be fulfilled: &#8222;The undisturbed practice of religion is guaranteed.&#8220;<br><br>With my photos, I try to portray the current situation outside Jewish sites. I want to show what security measures are necessary in front of Jewish places of worship and memorials in Berlin in 2025.<\/p>\n","protected":false},"excerpt":{"rendered":"<p>Ich bin mit Geschichten \u00fcber die abscheulichen Verbrechen des Zweiten Weltkriegs und des Nationalsozialismus aufgewachsen. In letzter Zeit gibt es auch in Berlin wieder h\u00e4ufiger antisemitische Vorf\u00e4lle. Ein Beispiel hierf\u00fcr ist der Messerangriff am Holocaust-Mahnmal am 21. Februar 2025, bei dem die Generalbundesanwaltschaft von einer antisemitischen Gesinnung des T\u00e4ters ausgeht. Um mir ein eigenes Bild &#8230; <a title=\"Paul-Ferdinand Mitzscherling: Religionsfreiheit?\" class=\"read-more\" href=\"https:\/\/photocentrum-berlin.de\/pk\/unterdemselbenhimmel\/thema\/paul-ferdinand-mitzscherling-religionsfreiheit\/\" aria-label=\"Mehr Informationen \u00fcber Paul-Ferdinand Mitzscherling: Religionsfreiheit?\">Weiterlesen<\/a><\/p>\n","protected":false},"author":6,"featured_media":1538,"parent":1027,"menu_order":0,"comment_status":"closed","ping_status":"closed","template":"","meta":{"footnotes":""},"class_list":["post-1416","page","type-page","status-publish","has-post-thumbnail"],"_links":{"self":[{"href":"https:\/\/photocentrum-berlin.de\/pk\/unterdemselbenhimmel\/wp-json\/wp\/v2\/pages\/1416","targetHints":{"allow":["GET"]}}],"collection":[{"href":"https:\/\/photocentrum-berlin.de\/pk\/unterdemselbenhimmel\/wp-json\/wp\/v2\/pages"}],"about":[{"href":"https:\/\/photocentrum-berlin.de\/pk\/unterdemselbenhimmel\/wp-json\/wp\/v2\/types\/page"}],"author":[{"embeddable":true,"href":"https:\/\/photocentrum-berlin.de\/pk\/unterdemselbenhimmel\/wp-json\/wp\/v2\/users\/6"}],"replies":[{"embeddable":true,"href":"https:\/\/photocentrum-berlin.de\/pk\/unterdemselbenhimmel\/wp-json\/wp\/v2\/comments?post=1416"}],"version-history":[{"count":2,"href":"https:\/\/photocentrum-berlin.de\/pk\/unterdemselbenhimmel\/wp-json\/wp\/v2\/pages\/1416\/revisions"}],"predecessor-version":[{"id":1539,"href":"https:\/\/photocentrum-berlin.de\/pk\/unterdemselbenhimmel\/wp-json\/wp\/v2\/pages\/1416\/revisions\/1539"}],"up":[{"embeddable":true,"href":"https:\/\/photocentrum-berlin.de\/pk\/unterdemselbenhimmel\/wp-json\/wp\/v2\/pages\/1027"}],"wp:featuredmedia":[{"embeddable":true,"href":"https:\/\/photocentrum-berlin.de\/pk\/unterdemselbenhimmel\/wp-json\/wp\/v2\/media\/1538"}],"wp:attachment":[{"href":"https:\/\/photocentrum-berlin.de\/pk\/unterdemselbenhimmel\/wp-json\/wp\/v2\/media?parent=1416"}],"curies":[{"name":"wp","href":"https:\/\/api.w.org\/{rel}","templated":true}]}}