{"id":1488,"date":"2026-02-05T18:11:41","date_gmt":"2026-02-05T17:11:41","guid":{"rendered":"https:\/\/photocentrum-berlin.de\/pk\/unterdemselbenhimmel\/?page_id=1488"},"modified":"2026-02-05T18:50:06","modified_gmt":"2026-02-05T17:50:06","slug":"ann-christine-jansson-gott-sei-dank","status":"publish","type":"page","link":"https:\/\/photocentrum-berlin.de\/pk\/unterdemselbenhimmel\/thema\/ann-christine-jansson-gott-sei-dank\/","title":{"rendered":"Ann-Christine Jansson: Gott sei Dank!"},"content":{"rendered":"\n<p>Es ist Dunkel. Pl\u00f6tzlich tauchen dunkle Gestalten auf. Auf dem Fahrradweg. Zu sp\u00e4t. Beim Bremsen falle ich samt Fahrrad neben einen Baum. Sp\u00fcre wie starke Frauenarme mich hochheben, sie halten mich im festen Griff. Die Frauen fangen an, f\u00fcr mich zu beten &#8211; im Kreis, mitten auf dem B\u00fcrgersteig.&nbsp;<\/p>\n\n\n\n<p>Ein wei\u00dfes, langes Gewand leuchtet auf, weiter weg in der Finsternis, und kommt auf uns zu. Benommen merke ich, wie die Frauen und einige M\u00e4nner sich sofort auf dem B\u00fcrgersteig niederknien. Ein Pfarrer mit einer Art von gl\u00e4nzendem Kreuz in der Hand. Das Kreuz h\u00e4lt er auf die Stirn der Menschen. Ein Segen. Mit etwas schwachen Beinen taumle ich zum Fahrrad. Hole die Kamera aus meiner Kameratasche auf dem Fahrradkorb. Beginne zu fotografieren. Die Frauen f\u00fchren mich zum Pfarrer. Er segnet mich auch! Stehend. Ich kann ja nicht hinunter auf die Knie. Mit einer kleinen Wunde am Knie, einem schmerzenden Daumen und dem ganzen Schreck bin ich davon gekommen. Gott sei Dank! Und h\u00e4tte ich nicht diese Fotos gemacht, h\u00e4tte ich geglaubt, dass ich das Ganze getr\u00e4umt h\u00e4tte.<\/p>\n\n\n\n<p>Wie wird Religion benutzt? Wof\u00fcr? Was bedeutet Religion f\u00fcr den einzelnen Menschen? In meiner Projektklasse Reportagefotografie gebe ich das Thema vor. Jede\/jeder Sch\u00fcler*in w\u00e4hlt einen Teilaspekt davon aus. Diesmal Religion und Gesellschaft.<\/p>\n\n\n\n<p>Die Auswirkungen von Religionen sind widerspr\u00fcchlich. Im Namen von Religionen werden Unterdr\u00fcckung, Gewalt, Kriege und soziale Kontrolle ausge\u00fcbt. Andererseits k\u00f6nnen Religionen auch Menschen zusammenf\u00fchren und ihnen einen Halt und Sinn im Leben geben. Religi\u00f6se Gemeinschaften spielen auch eine gro\u00dfe Rolle in der sozialen Arbeit, \u201eEinsatz f\u00fcr den N\u00e4chsten\u201c. Dabei leisten sie Unterst\u00fctzung u.a. bei Armut, Flucht, Obdachlosigkeit und in verschiedenen Krisensituationen.<\/p>\n\n\n\n<p>Diese Gegens\u00e4tzlichkeit sichtbar zu machen ist die Aufgabe in den fotografischen Erz\u00e4hlungen meiner\u00a0Reportageklasse mit dem Titel \u201eUnter demselben Himmel\u201c.<\/p>\n\n\n\n<h2 class=\"wp-block-heading\">Thank God!\u00a0<\/h2>\n\n\n\n<p>by Ann-Christine Jansson<\/p>\n\n\n\n<p>It\u2019s dark. Suddenly, dark figures appear on the bike path. It\u2019s too late. Braking, I fall, bike and all, next to a tree. I feel the arms of strong women lifting me up, holding me firmly. The women begin to pray for me\u2014in a circle, right there on the sidewalk.&nbsp;<\/p>\n\n\n\n<p>A long white robe glows, farther away in the darkness, and approaches us. Dazed, I realize the women and others immediately kneel on the sidewalk. A priest with a shiny cross in his hand. He places the cross on people\u2019s foreheads. A blessing. With slightly unsteady legs, I stagger to my bike. I take my camera out of my camera bag in the bike basket. I start taking pictures. The women lead me to the priest. He blesses me too! Standing. I can\u2019t get down on my knees. With a small cut on my knee and a sore thumb, I got away with just a scare. Thank God! And if I hadn\u2019t taken these photos, I would have thought I\u2019d dreamed the whole thing.&nbsp;<\/p>\n\n\n\n<p>How is religion used? For what purpose? What does religion mean to the individual? In my photojournalism class, I set the topic. Each student chooses a sub-aspect. This time, it\u2019s religion and society.&nbsp;<\/p>\n\n\n\n<p>The effects of religions are contradictory. In the name of religions, oppression, violence, wars, and social control are practiced. On the other hand, religions can also unite people and give them support and meaning in life. Religious communities also play a major role in social work, \u201cserving others.\u201d In doing so, they provide support in cases of poverty, displacement, homelessness, and various crisis situations.&nbsp;<\/p>\n\n\n\n<p>Making this contrast visible is the task in the photographic narratives of my photojournalism class entitled \u201cUnder the Same Sky\u201d.<\/p>\n","protected":false},"excerpt":{"rendered":"<p>Es ist Dunkel. Pl\u00f6tzlich tauchen dunkle Gestalten auf. Auf dem Fahrradweg. Zu sp\u00e4t. Beim Bremsen falle ich samt Fahrrad neben einen Baum. Sp\u00fcre wie starke Frauenarme mich hochheben, sie halten mich im festen Griff. Die Frauen fangen an, f\u00fcr mich zu beten &#8211; im Kreis, mitten auf dem B\u00fcrgersteig.&nbsp; Ein wei\u00dfes, langes Gewand leuchtet auf, &#8230; <a title=\"Ann-Christine Jansson: Gott sei Dank!\" class=\"read-more\" href=\"https:\/\/photocentrum-berlin.de\/pk\/unterdemselbenhimmel\/thema\/ann-christine-jansson-gott-sei-dank\/\" aria-label=\"Mehr Informationen \u00fcber Ann-Christine Jansson: Gott sei Dank!\">Weiterlesen<\/a><\/p>\n","protected":false},"author":6,"featured_media":1489,"parent":1027,"menu_order":1,"comment_status":"closed","ping_status":"closed","template":"","meta":{"footnotes":""},"class_list":["post-1488","page","type-page","status-publish","has-post-thumbnail"],"_links":{"self":[{"href":"https:\/\/photocentrum-berlin.de\/pk\/unterdemselbenhimmel\/wp-json\/wp\/v2\/pages\/1488","targetHints":{"allow":["GET"]}}],"collection":[{"href":"https:\/\/photocentrum-berlin.de\/pk\/unterdemselbenhimmel\/wp-json\/wp\/v2\/pages"}],"about":[{"href":"https:\/\/photocentrum-berlin.de\/pk\/unterdemselbenhimmel\/wp-json\/wp\/v2\/types\/page"}],"author":[{"embeddable":true,"href":"https:\/\/photocentrum-berlin.de\/pk\/unterdemselbenhimmel\/wp-json\/wp\/v2\/users\/6"}],"replies":[{"embeddable":true,"href":"https:\/\/photocentrum-berlin.de\/pk\/unterdemselbenhimmel\/wp-json\/wp\/v2\/comments?post=1488"}],"version-history":[{"count":1,"href":"https:\/\/photocentrum-berlin.de\/pk\/unterdemselbenhimmel\/wp-json\/wp\/v2\/pages\/1488\/revisions"}],"predecessor-version":[{"id":1490,"href":"https:\/\/photocentrum-berlin.de\/pk\/unterdemselbenhimmel\/wp-json\/wp\/v2\/pages\/1488\/revisions\/1490"}],"up":[{"embeddable":true,"href":"https:\/\/photocentrum-berlin.de\/pk\/unterdemselbenhimmel\/wp-json\/wp\/v2\/pages\/1027"}],"wp:featuredmedia":[{"embeddable":true,"href":"https:\/\/photocentrum-berlin.de\/pk\/unterdemselbenhimmel\/wp-json\/wp\/v2\/media\/1489"}],"wp:attachment":[{"href":"https:\/\/photocentrum-berlin.de\/pk\/unterdemselbenhimmel\/wp-json\/wp\/v2\/media?parent=1488"}],"curies":[{"name":"wp","href":"https:\/\/api.w.org\/{rel}","templated":true}]}}